{"id":19496,"date":"2026-02-27T00:45:02","date_gmt":"2026-02-27T00:45:02","guid":{"rendered":"https:\/\/nordicmart.andreevmaster.com\/product\/songmics-trampolin-med-nat-o-427-cm\/"},"modified":"2026-02-27T08:32:23","modified_gmt":"2026-02-27T08:32:23","slug":"songmics-trampolin-med-nat-o-427-cm","status":"publish","type":"product","link":"https:\/\/nordicmart.andreevmaster.com\/sv\/produkt\/songmics-trampolin-med-nat-o-427-cm\/","title":{"rendered":"SONGMICS trampolin med n\u00e4t \u00d8 427 cm"},"content":{"rendered":"<p>Produktdetaljer: F\u00e4rg: Svart, bl\u00e5 Diameter: 427 cm Ramens material: F\u00f6rzinkat st\u00e5lr\u00f6r Hoppduken material: Polypropylen (265 g\/m2) S\u00e4kerhetskudden material: PVC (310 g\/m2) + EPE-skum Avst\u00e5nd mellan marken och trampolinens yta: 90 cm Max. belastningskapacitet: 150 kg Leveransomfattning: 1 x trampolin \u00d8 427 cm (levereras i 3 paket) 1 x stege 1 x tillbeh\u00f6rsp\u00e5se 1 x bruksanvisning (DE, EN, FR, ES, IT) SONGMICS Anm\u00e4rkningar:Trampolinen ska alltid anv\u00e4ndas av endast en person. Anv\u00e4ndning av flera personer samtidigt kan leda till skador. G\u00f6r inga volter p\u00e5 trampolinen. H\u00e4ng inte i den \u00f6vre kanten av s\u00e4kerhetsn\u00e4tet. Ta bort alla vassa eller skarpa f\u00f6rem\u00e5l innan du g\u00e5r upp p\u00e5 trampolinen. Trampolinen \u00e4r inte l\u00e4mplig f\u00f6r barn under 6 \u00e5r. Endast f\u00f6r privat bruk.<\/p>\n","protected":false},"excerpt":{"rendered":"<p>SONGMICS tr\u00e4dg\u00e5rdstrampolin \u00d8 244 cm, rund trampolin med s\u00e4kerhetsn\u00e4t, med vadderade st\u00e4nger, s\u00e4kerhets\u00f6verdrag, T\u00dcV Rheinland-testad, s\u00e4ker, utomhus, svart, bl\u00e5 STR8FT<\/p>\n","protected":false},"featured_media":46714,"comment_status":"open","ping_status":"closed","template":"","meta":[],"product_brand":[],"product_cat":[33],"product_tag":[],"class_list":{"0":"post-19496","1":"product","2":"type-product","3":"status-publish","4":"has-post-thumbnail","6":"product_cat-okategoriserad","8":"first","9":"instock","10":"shipping-taxable","11":"purchasable","12":"product-type-simple"},"_links":{"self":[{"href":"https:\/\/nordicmart.andreevmaster.com\/sv\/wp-json\/wp\/v2\/product\/19496","targetHints":{"allow":["GET"]}}],"collection":[{"href":"https:\/\/nordicmart.andreevmaster.com\/sv\/wp-json\/wp\/v2\/product"}],"about":[{"href":"https:\/\/nordicmart.andreevmaster.com\/sv\/wp-json\/wp\/v2\/types\/product"}],"replies":[{"embeddable":true,"href":"https:\/\/nordicmart.andreevmaster.com\/sv\/wp-json\/wp\/v2\/comments?post=19496"}],"wp:featuredmedia":[{"embeddable":true,"href":"https:\/\/nordicmart.andreevmaster.com\/sv\/wp-json\/wp\/v2\/media\/46714"}],"wp:attachment":[{"href":"https:\/\/nordicmart.andreevmaster.com\/sv\/wp-json\/wp\/v2\/media?parent=19496"}],"wp:term":[{"taxonomy":"product_brand","embeddable":true,"href":"https:\/\/nordicmart.andreevmaster.com\/sv\/wp-json\/wp\/v2\/product_brand?post=19496"},{"taxonomy":"product_cat","embeddable":true,"href":"https:\/\/nordicmart.andreevmaster.com\/sv\/wp-json\/wp\/v2\/product_cat?post=19496"},{"taxonomy":"product_tag","embeddable":true,"href":"https:\/\/nordicmart.andreevmaster.com\/sv\/wp-json\/wp\/v2\/product_tag?post=19496"}],"curies":[{"name":"wp","href":"https:\/\/api.w.org\/{rel}","templated":true}]}}