{"id":19491,"date":"2026-02-27T00:45:00","date_gmt":"2026-02-27T00:45:00","guid":{"rendered":"https:\/\/nordicmart.andreevmaster.com\/product\/songmics-tradgardstrampolin-o-427-cm-med-sakerhetsnat\/"},"modified":"2026-02-27T08:32:22","modified_gmt":"2026-02-27T08:32:22","slug":"songmics-tradgardstrampolin-o-427-cm-med-sakerhetsnat","status":"publish","type":"product","link":"https:\/\/nordicmart.andreevmaster.com\/sv\/produkt\/songmics-tradgardstrampolin-o-427-cm-med-sakerhetsnat\/","title":{"rendered":"SONGMICS tr\u00e4dg\u00e5rdstrampolin \u00d8 427 cm med s\u00e4kerhetsn\u00e4t"},"content":{"rendered":"<p>Ha kul i tr\u00e4dg\u00e5rden! Denna 427 cm stora studsmatta \u00e4r perfekt f\u00f6r att hoppa runt i tr\u00e4dg\u00e5rden en varm eftermiddag (eller till och med tr\u00e4na lite). L\u00e5t dina barn hoppa till hj\u00e4rtats lust p\u00e5 denna trampolin fr\u00e5n SONGMICS medan du solar eller grillar. S\u00e4kerhet har h\u00f6gsta prioritet Naturligtvis ska trampolinhoppning framf\u00f6r allt vara roligt. Men s\u00e4kerheten f\u00e5r inte komma i andra hand. D\u00e4rf\u00f6r \u00e4r denna trampolin utrustad med ett mycket t\u00e4tt s\u00e4kerhetsn\u00e4t som d\u00e4mpar st\u00f6tar s\u00e4rskilt bra.Dessutom \u00e4r n\u00e4tets st\u00e4nger och fj\u00e4drarna t\u00e4ckta med EPE-skum, vilket ocks\u00e5 minskar risken f\u00f6r skador. Leveransomfattning: 1 x studsmatta \u00d8 427 cm 1 x stege 1 x tillbeh\u00f6rsp\u00e5se 1 x bruksanvisning (DE, EN, FR, ES, IT) SONGMICS Anm\u00e4rkningar: Studsmattan ska alltid anv\u00e4ndas av endast en person. Anv\u00e4ndning av flera personer samtidigt kan leda till skador. G\u00f6r inga volter p\u00e5 trampolinen. H\u00e4ng inte i den \u00f6vre kanten av s\u00e4kerhetsn\u00e4tet. Ta bort alla vassa eller skarpa f\u00f6rem\u00e5l innan du g\u00e5r upp p\u00e5 trampolinen. Trampolinen \u00e4r inte l\u00e4mplig f\u00f6r barn under 3 \u00e5r. Endast f\u00f6r privat bruk.<\/p>\n","protected":false},"excerpt":{"rendered":"<p>SONGMICS tr\u00e4dg\u00e5rdstrampolin \u00d8 244 cm, rund trampolin med s\u00e4kerhetsn\u00e4t, med vadderade st\u00e4nger, s\u00e4kerhets\u00f6verdrag, T\u00dcV Rheinland-testad, s\u00e4ker, utomhus, svart, bl\u00e5 STR8FT<\/p>\n","protected":false},"featured_media":46392,"comment_status":"open","ping_status":"closed","template":"","meta":[],"product_brand":[],"product_cat":[33],"product_tag":[],"class_list":{"0":"post-19491","1":"product","2":"type-product","3":"status-publish","4":"has-post-thumbnail","6":"product_cat-okategoriserad","8":"first","9":"instock","10":"shipping-taxable","11":"purchasable","12":"product-type-simple"},"_links":{"self":[{"href":"https:\/\/nordicmart.andreevmaster.com\/sv\/wp-json\/wp\/v2\/product\/19491","targetHints":{"allow":["GET"]}}],"collection":[{"href":"https:\/\/nordicmart.andreevmaster.com\/sv\/wp-json\/wp\/v2\/product"}],"about":[{"href":"https:\/\/nordicmart.andreevmaster.com\/sv\/wp-json\/wp\/v2\/types\/product"}],"replies":[{"embeddable":true,"href":"https:\/\/nordicmart.andreevmaster.com\/sv\/wp-json\/wp\/v2\/comments?post=19491"}],"wp:featuredmedia":[{"embeddable":true,"href":"https:\/\/nordicmart.andreevmaster.com\/sv\/wp-json\/wp\/v2\/media\/46392"}],"wp:attachment":[{"href":"https:\/\/nordicmart.andreevmaster.com\/sv\/wp-json\/wp\/v2\/media?parent=19491"}],"wp:term":[{"taxonomy":"product_brand","embeddable":true,"href":"https:\/\/nordicmart.andreevmaster.com\/sv\/wp-json\/wp\/v2\/product_brand?post=19491"},{"taxonomy":"product_cat","embeddable":true,"href":"https:\/\/nordicmart.andreevmaster.com\/sv\/wp-json\/wp\/v2\/product_cat?post=19491"},{"taxonomy":"product_tag","embeddable":true,"href":"https:\/\/nordicmart.andreevmaster.com\/sv\/wp-json\/wp\/v2\/product_tag?post=19491"}],"curies":[{"name":"wp","href":"https:\/\/api.w.org\/{rel}","templated":true}]}}