{"id":19487,"date":"2026-02-27T00:44:59","date_gmt":"2026-02-27T00:44:59","guid":{"rendered":"https:\/\/nordicmart.andreevmaster.com\/product\/songmics-trampolin-o-366-cm-med-dragkedja-sjobla\/"},"modified":"2026-02-27T08:32:21","modified_gmt":"2026-02-27T08:32:21","slug":"songmics-trampolin-o-366-cm-med-dragkedja-sjobla","status":"publish","type":"product","link":"https:\/\/nordicmart.andreevmaster.com\/sv\/produkt\/songmics-trampolin-o-366-cm-med-dragkedja-sjobla\/","title":{"rendered":"SONGMICS trampolin \u00d8 366 cm med dragkedja, sj\u00f6bl\u00e5"},"content":{"rendered":"<p>SONGMICS fj\u00e4derl\u00f6s trampolin \u00d8 244\/305\/366 cm, utomhustrampolin f\u00f6r barn, elastiska rep, s\u00e4kerhetsn\u00e4t med dragkedja, glasfiberst\u00e4nger, s\u00e4ker, tyst<br \/>\nF\u00e4rg: sj\u00f6bl\u00e5<br \/>\nMaterial:<br \/>\nRam: F\u00f6rzinkade st\u00e5lr\u00f6r<br \/>\nKantskydd: PVC-plast, 3 mm tjock EPE-skumplast, PP-plast<br \/>\nHoppduk: PP<br \/>\nS\u00e4kerhetsn\u00e4t: 90 g\/m\u00b2 PE<br \/>\nSt\u00e4nger: Glasfiberst\u00e4nger, EPE-skumplast<br \/>\nStorlek: 366 x 270 cm (\u00d8 x H)<br \/>\nRamens h\u00f6jd: 90 cm<br \/>\nDiameter p\u00e5 hoppomr\u00e5det: 312 cm<br \/>\nSt\u00e5ngernas h\u00f6jd: 180 cm<br \/>\nVikt: 57 kg<br \/>\nMax. belastningskapacitet: 150 kg<\/p>\n","protected":false},"excerpt":{"rendered":"<p>SONGMICS fj\u00e4derl\u00f6s trampolin \u00d8 244\/305\/366 cm, utomhustrampolin f\u00f6r barn, elastiska rep, s\u00e4kerhetsn\u00e4t med dragkedja, glasfiberst\u00e4nger, s\u00e4ker, tyst<\/p>\n","protected":false},"featured_media":46390,"comment_status":"open","ping_status":"closed","template":"","meta":[],"product_brand":[],"product_cat":[33],"product_tag":[],"class_list":{"0":"post-19487","1":"product","2":"type-product","3":"status-publish","4":"has-post-thumbnail","6":"product_cat-okategoriserad","8":"first","9":"instock","10":"shipping-taxable","11":"purchasable","12":"product-type-simple"},"_links":{"self":[{"href":"https:\/\/nordicmart.andreevmaster.com\/sv\/wp-json\/wp\/v2\/product\/19487","targetHints":{"allow":["GET"]}}],"collection":[{"href":"https:\/\/nordicmart.andreevmaster.com\/sv\/wp-json\/wp\/v2\/product"}],"about":[{"href":"https:\/\/nordicmart.andreevmaster.com\/sv\/wp-json\/wp\/v2\/types\/product"}],"replies":[{"embeddable":true,"href":"https:\/\/nordicmart.andreevmaster.com\/sv\/wp-json\/wp\/v2\/comments?post=19487"}],"wp:featuredmedia":[{"embeddable":true,"href":"https:\/\/nordicmart.andreevmaster.com\/sv\/wp-json\/wp\/v2\/media\/46390"}],"wp:attachment":[{"href":"https:\/\/nordicmart.andreevmaster.com\/sv\/wp-json\/wp\/v2\/media?parent=19487"}],"wp:term":[{"taxonomy":"product_brand","embeddable":true,"href":"https:\/\/nordicmart.andreevmaster.com\/sv\/wp-json\/wp\/v2\/product_brand?post=19487"},{"taxonomy":"product_cat","embeddable":true,"href":"https:\/\/nordicmart.andreevmaster.com\/sv\/wp-json\/wp\/v2\/product_cat?post=19487"},{"taxonomy":"product_tag","embeddable":true,"href":"https:\/\/nordicmart.andreevmaster.com\/sv\/wp-json\/wp\/v2\/product_tag?post=19487"}],"curies":[{"name":"wp","href":"https:\/\/api.w.org\/{rel}","templated":true}]}}