{"id":19482,"date":"2026-02-27T00:44:57","date_gmt":"2026-02-27T00:44:57","guid":{"rendered":"https:\/\/nordicmart.andreevmaster.com\/product\/songmics-stor-trampolin-o-366-cm-med-inner-nat\/"},"modified":"2026-02-27T08:32:20","modified_gmt":"2026-02-27T08:32:20","slug":"songmics-stor-trampolin-o-366-cm-med-inner-nat","status":"publish","type":"product","link":"https:\/\/nordicmart.andreevmaster.com\/sv\/produkt\/songmics-stor-trampolin-o-366-cm-med-inner-nat\/","title":{"rendered":"SONGMICS stor trampolin \u00d8 366 cm med inner n\u00e4t"},"content":{"rendered":"<p>Kul i tr\u00e4dg\u00e5rden Sedan 2021 finns denna modell i storleken \u00d8 366 cm! Trampoliner fr\u00e5n SONGMICS \u2013 en fantastisk hopplek f\u00f6r hela familjen. Eftersom s\u00e4kerhet \u00e4r v\u00e5r prioritet \u00e4r det galvaniserade och pulverlackerade underredet stabilt och rostbest\u00e4ndigt. De fyra W-formade benen h\u00e5ller hoppduken i balans. Denna hoppanordning \u00e4r naturligtvis perfekt som present till dina barn. Men du kan sj\u00e4lvklart ocks\u00e5 hoppa, eftersom trampolinen t\u00e5l upp till 150 kg. I leveransen ing\u00e5r ett hoppduk, en kantskydd, ett s\u00e4kerhetsn\u00e4t, h\u00e5llst\u00e4nger och en stege \u2013 allt du beh\u00f6ver f\u00f6r att ha kul utomhus! Produktdetaljer: &#8211; F\u00e4rg: Svart-m\u00f6rkgr\u00f6n &#8211; Material: &#8211; St\u00f6dben, kant p\u00e5 s\u00e4kerhetsn\u00e4tet: F\u00f6rzinkat, pulverlackerat st\u00e5l &#8211; Yttre ring p\u00e5 stativet, T-formade kopplingsdelar: f\u00f6rzinkat st\u00e5l \u2013 Fj\u00e4drar: Zink \u2013 Stege: PP-plast (0,9 g\/cm\u00b3), st\u00e5lr\u00f6r \u2013 Hoppduk: PP-plast (265 g\/m\u00b2) \u2013 Kantskydd: PVC (310 g\/m\u00b2), EPE-skumplast \u2013 S\u00e4kerhetsn\u00e4t: PE-plast (95 g\/m\u00b2) &#8211; M\u00e5tt: &#8211; Ram med hoppyta: 366 x 90 cm (\u00d8 x H) &#8211; S\u00e4kerhetsn\u00e4t: 180 cm (H) &#8211; Stege: 41 x 119 cm (B x H) &#8211; Avst\u00e5nd mellan golv och trampolinyta: 90 cm &#8211; Vikt: 57 kg (28,4 + 28,6 kg) &#8211; Max. statisk belastningskapacitet: 150 kg Leveransomfattning: 2 paket &#8211; 1 x trampolin &#8211; 1 x stege &#8211; 1 x tillbeh\u00f6rspaket &#8211; 1 x bruksanvisning (DE, EN, IT, FR, ES)<\/p>\n","protected":false},"excerpt":{"rendered":"<p>SONGMICS trampolin 366 cm, rund tr\u00e4dg\u00e5rdstrampolin med s\u00e4kerhetsn\u00e4t och stege, vadderat stativ, f\u00f6r barn och vuxna, inv\u00e4ndigt n\u00e4t, T\u00dcV-certifikat, GS,<\/p>\n","protected":false},"featured_media":46388,"comment_status":"open","ping_status":"closed","template":"","meta":[],"product_brand":[],"product_cat":[33],"product_tag":[],"class_list":{"0":"post-19482","1":"product","2":"type-product","3":"status-publish","4":"has-post-thumbnail","6":"product_cat-okategoriserad","8":"first","9":"instock","10":"shipping-taxable","11":"purchasable","12":"product-type-simple"},"_links":{"self":[{"href":"https:\/\/nordicmart.andreevmaster.com\/sv\/wp-json\/wp\/v2\/product\/19482","targetHints":{"allow":["GET"]}}],"collection":[{"href":"https:\/\/nordicmart.andreevmaster.com\/sv\/wp-json\/wp\/v2\/product"}],"about":[{"href":"https:\/\/nordicmart.andreevmaster.com\/sv\/wp-json\/wp\/v2\/types\/product"}],"replies":[{"embeddable":true,"href":"https:\/\/nordicmart.andreevmaster.com\/sv\/wp-json\/wp\/v2\/comments?post=19482"}],"wp:featuredmedia":[{"embeddable":true,"href":"https:\/\/nordicmart.andreevmaster.com\/sv\/wp-json\/wp\/v2\/media\/46388"}],"wp:attachment":[{"href":"https:\/\/nordicmart.andreevmaster.com\/sv\/wp-json\/wp\/v2\/media?parent=19482"}],"wp:term":[{"taxonomy":"product_brand","embeddable":true,"href":"https:\/\/nordicmart.andreevmaster.com\/sv\/wp-json\/wp\/v2\/product_brand?post=19482"},{"taxonomy":"product_cat","embeddable":true,"href":"https:\/\/nordicmart.andreevmaster.com\/sv\/wp-json\/wp\/v2\/product_cat?post=19482"},{"taxonomy":"product_tag","embeddable":true,"href":"https:\/\/nordicmart.andreevmaster.com\/sv\/wp-json\/wp\/v2\/product_tag?post=19482"}],"curies":[{"name":"wp","href":"https:\/\/api.w.org\/{rel}","templated":true}]}}