{"id":19481,"date":"2026-02-27T00:44:57","date_gmt":"2026-02-27T00:44:57","guid":{"rendered":"https:\/\/nordicmart.andreevmaster.com\/product\/songmics-tradgardstrampolin-o-366-cm-med-sakerhetsnat\/"},"modified":"2026-02-27T08:32:20","modified_gmt":"2026-02-27T08:32:20","slug":"songmics-tradgardstrampolin-o-366-cm-med-sakerhetsnat","status":"publish","type":"product","link":"https:\/\/nordicmart.andreevmaster.com\/sv\/produkt\/songmics-tradgardstrampolin-o-366-cm-med-sakerhetsnat\/","title":{"rendered":"SONGMICS tr\u00e4dg\u00e5rdstrampolin \u00d8 366 cm med s\u00e4kerhetsn\u00e4t"},"content":{"rendered":"<p>Ha kul i tr\u00e4dg\u00e5rden! Denna 366 cm stora trampolin \u00e4r perfekt f\u00f6r att hoppa runt i tr\u00e4dg\u00e5rden en varm eftermiddag (eller till och med tr\u00e4na lite). L\u00e5t dina barn hoppa till hj\u00e4rtats lust p\u00e5 denna trampolin fr\u00e5n SONGMICS medan du solar eller grillar. S\u00e4kerhet har h\u00f6gsta prioritet Naturligtvis ska trampolinhoppning framf\u00f6r allt vara roligt. Men s\u00e4kerheten f\u00e5r inte komma i andra hand. D\u00e4rf\u00f6r \u00e4r denna trampolin utrustad med ett t\u00e4tt s\u00e4kerhetsn\u00e4t som d\u00e4mpar st\u00f6tar s\u00e4rskilt bra. Dessutom \u00e4r st\u00e4ngerna monterade p\u00e5 utsidan av n\u00e4tet och t\u00e4ckta med EPE-skum, vilket ocks\u00e5 minskar risken f\u00f6r skador. Produktdetaljer:- F\u00e4rg: Svart-orange &#8211; Diameter: 366 cm &#8211; Ramens material: F\u00f6rzinkat st\u00e5lr\u00f6r &#8211; Hoppdukens material: Polypropen (265 g\/\u33a1) &#8211; S\u00e4kerhetsdynans material: PVC (310 g\/\u33a1), EPE-skumplast &#8211; Avst\u00e5nd mellan marken och trampolinens yta: 90 cm &#8211; Max. belastningskapacitet: 150 kg Leveransomfattning: &#8211; 1 x trampolin \u00d8 366 cm &#8211; 1 x stege &#8211; 1 x tillbeh\u00f6rsp\u00e5se &#8211; 1 x bruksanvisning (DE, EN, FR, ES, IT) SONGMICS Anm\u00e4rkningar: &#8211; Trampolinen ska alltid anv\u00e4ndas av endast en person. Anv\u00e4ndning av flera personer samtidigt kan leda till skador. &#8211; G\u00f6r inga volter p\u00e5 trampolinen. &#8211; H\u00e4ng inte i den \u00f6vre kanten av s\u00e4kerhetsn\u00e4tet. &#8211; Ta bort alla vassa eller skarpa f\u00f6rem\u00e5l innan du g\u00e5r upp p\u00e5 trampolinen. &#8211; Trampolinen \u00e4r inte l\u00e4mplig f\u00f6r barn under 3 \u00e5r. &#8211; Endast f\u00f6r privat bruk.<\/p>\n","protected":false},"excerpt":{"rendered":"<p>SONGMICS trampolin \u00d8 305 cm, rund tr\u00e4dg\u00e5rdstrampolin med s\u00e4kerhetsn\u00e4t, med stege och vadderade st\u00e4nger, s\u00e4kerhets\u00f6verdrag,  utomhus, svart, bl\u00e5 STR10BK<\/p>\n","protected":false},"featured_media":46387,"comment_status":"open","ping_status":"closed","template":"","meta":[],"product_brand":[],"product_cat":[33],"product_tag":[],"class_list":{"0":"post-19481","1":"product","2":"type-product","3":"status-publish","4":"has-post-thumbnail","6":"product_cat-okategoriserad","8":"first","9":"instock","10":"shipping-taxable","11":"purchasable","12":"product-type-simple"},"_links":{"self":[{"href":"https:\/\/nordicmart.andreevmaster.com\/sv\/wp-json\/wp\/v2\/product\/19481","targetHints":{"allow":["GET"]}}],"collection":[{"href":"https:\/\/nordicmart.andreevmaster.com\/sv\/wp-json\/wp\/v2\/product"}],"about":[{"href":"https:\/\/nordicmart.andreevmaster.com\/sv\/wp-json\/wp\/v2\/types\/product"}],"replies":[{"embeddable":true,"href":"https:\/\/nordicmart.andreevmaster.com\/sv\/wp-json\/wp\/v2\/comments?post=19481"}],"wp:featuredmedia":[{"embeddable":true,"href":"https:\/\/nordicmart.andreevmaster.com\/sv\/wp-json\/wp\/v2\/media\/46387"}],"wp:attachment":[{"href":"https:\/\/nordicmart.andreevmaster.com\/sv\/wp-json\/wp\/v2\/media?parent=19481"}],"wp:term":[{"taxonomy":"product_brand","embeddable":true,"href":"https:\/\/nordicmart.andreevmaster.com\/sv\/wp-json\/wp\/v2\/product_brand?post=19481"},{"taxonomy":"product_cat","embeddable":true,"href":"https:\/\/nordicmart.andreevmaster.com\/sv\/wp-json\/wp\/v2\/product_cat?post=19481"},{"taxonomy":"product_tag","embeddable":true,"href":"https:\/\/nordicmart.andreevmaster.com\/sv\/wp-json\/wp\/v2\/product_tag?post=19481"}],"curies":[{"name":"wp","href":"https:\/\/api.w.org\/{rel}","templated":true}]}}