{"id":19479,"date":"2026-02-27T00:44:56","date_gmt":"2026-02-27T00:44:56","guid":{"rendered":"https:\/\/nordicmart.andreevmaster.com\/product\/songmics-trampolin-366-cm-d-tradgardstrampolin-for-barn-med-sakerhetsnat-180-cm-hoga-bojda-stanger-kantskydd-stege-stalram-svart-str122b01\/"},"modified":"2026-02-27T08:32:19","modified_gmt":"2026-02-27T08:32:19","slug":"songmics-trampolin-366-cm-d-tradgardstrampolin-for-barn-med-sakerhetsnat-180-cm-hoga-bojda-stanger-kantskydd-stege-stalram-svart-str122b01","status":"publish","type":"product","link":"https:\/\/nordicmart.andreevmaster.com\/sv\/produkt\/songmics-trampolin-366-cm-d-tradgardstrampolin-for-barn-med-sakerhetsnat-180-cm-hoga-bojda-stanger-kantskydd-stege-stalram-svart-str122b01\/","title":{"rendered":"SONGMICS Trampolin 366 cm d, tr\u00e4dg\u00e5rdstrampolin f\u00f6r barn med s\u00e4kerhetsn\u00e4t, 180 cm h\u00f6ga b\u00f6jda st\u00e4nger, kantskydd, stege, st\u00e5lram, svart STR122B01"},"content":{"rendered":"<p>Produktdetaljer:<\/p>\n<p>F\u00e4rg: Svart<br \/>\nMaterial<br \/>\nRam: F\u00f6rzinkade st\u00e5lr\u00f6r<br \/>\nKantskydd: 500D PVC, 15 mm tjock EPE-skumplast, 130 g\/m\u00b2 PE<br \/>\nHoppduk: PP<br \/>\nS\u00e4kerhetsn\u00e4t: 95 g\/m\u00b2 PE<br \/>\nSkydd av st\u00e4nger: PE-skumplast, PVC-skydds\u00f6verdrag<br \/>\nFj\u00e4der: F\u00f6rzinkat st\u00e5l<br \/>\nStorlek: 366 cm d, 270 cm H<br \/>\nRamens h\u00f6jd: 90 cm<br \/>\nDiameter p\u00e5 hoppomr\u00e5det: 312 cm<br \/>\nSt\u00e5ngernas h\u00f6jd: 180 cm<br \/>\nVikt: 54,4 kg<br \/>\nMax. belastningskapacitet: 150 kg<br \/>\nLeveransomfattning:<\/p>\n<p>1 x trampolin (366 cm d)<br \/>\n1 x stege<br \/>\n1 x tillbeh\u00f6rspaket<br \/>\n1 x monteringsverktygssats<br \/>\n1 x bruksanvisning<br \/>\nSONGMICS Anm\u00e4rkningar:<\/p>\n<p>Trampolinen ska alltid anv\u00e4ndas av endast en person.<br \/>\nG\u00f6r inga volter p\u00e5 trampolinen.<br \/>\nTrampolinen \u00e4r endast l\u00e4mplig f\u00f6r barn \u00f6ver 6 \u00e5r.<\/p>\n","protected":false},"excerpt":{"rendered":"<p>Produktdetaljer: F\u00e4rg: Svart Material Ram: F\u00f6rzinkade st\u00e5lr\u00f6r Kantskydd: 500D PVC, 15 mm tjock EPE-skumplast, 130 g\/m\u00b2 PE Hoppduk: PP S\u00e4kerhetsn\u00e4t: 95 g\/m\u00b2 PE Skydd av st\u00e4nger: PE-skumplast, PVC-skydds\u00f6verdrag Fj\u00e4der: F\u00f6rzinkat st\u00e5l Storlek: 366 cm d, 270 cm H Ramens h\u00f6jd: 90 cm Diameter p\u00e5 hoppomr\u00e5det: 312 cm St\u00e5ngernas h\u00f6jd: 180 cm Vikt: 54,4 kg Max. [&hellip;]<\/p>\n","protected":false},"featured_media":46386,"comment_status":"open","ping_status":"closed","template":"","meta":[],"product_brand":[],"product_cat":[33],"product_tag":[],"class_list":{"0":"post-19479","1":"product","2":"type-product","3":"status-publish","4":"has-post-thumbnail","6":"product_cat-okategoriserad","8":"first","9":"instock","10":"shipping-taxable","11":"purchasable","12":"product-type-simple"},"_links":{"self":[{"href":"https:\/\/nordicmart.andreevmaster.com\/sv\/wp-json\/wp\/v2\/product\/19479","targetHints":{"allow":["GET"]}}],"collection":[{"href":"https:\/\/nordicmart.andreevmaster.com\/sv\/wp-json\/wp\/v2\/product"}],"about":[{"href":"https:\/\/nordicmart.andreevmaster.com\/sv\/wp-json\/wp\/v2\/types\/product"}],"replies":[{"embeddable":true,"href":"https:\/\/nordicmart.andreevmaster.com\/sv\/wp-json\/wp\/v2\/comments?post=19479"}],"wp:featuredmedia":[{"embeddable":true,"href":"https:\/\/nordicmart.andreevmaster.com\/sv\/wp-json\/wp\/v2\/media\/46386"}],"wp:attachment":[{"href":"https:\/\/nordicmart.andreevmaster.com\/sv\/wp-json\/wp\/v2\/media?parent=19479"}],"wp:term":[{"taxonomy":"product_brand","embeddable":true,"href":"https:\/\/nordicmart.andreevmaster.com\/sv\/wp-json\/wp\/v2\/product_brand?post=19479"},{"taxonomy":"product_cat","embeddable":true,"href":"https:\/\/nordicmart.andreevmaster.com\/sv\/wp-json\/wp\/v2\/product_cat?post=19479"},{"taxonomy":"product_tag","embeddable":true,"href":"https:\/\/nordicmart.andreevmaster.com\/sv\/wp-json\/wp\/v2\/product_tag?post=19479"}],"curies":[{"name":"wp","href":"https:\/\/api.w.org\/{rel}","templated":true}]}}