{"id":19475,"date":"2026-02-27T00:44:55","date_gmt":"2026-02-27T00:44:55","guid":{"rendered":"https:\/\/nordicmart.andreevmaster.com\/product\/songmics-studsmatta-o-305-cm-svart-bla\/"},"modified":"2026-02-27T08:32:18","modified_gmt":"2026-02-27T08:32:18","slug":"songmics-studsmatta-o-305-cm-svart-bla","status":"publish","type":"product","link":"https:\/\/nordicmart.andreevmaster.com\/sv\/produkt\/songmics-studsmatta-o-305-cm-svart-bla\/","title":{"rendered":"SONGMICS studsmatta \u00d8  305 cm svart-bl\u00e5"},"content":{"rendered":"<p>Det \u00e4r obestridligt att en trampolin \u00e4r en mycket intressant leksak f\u00f6r dina barn. SONGMICS trampolin utm\u00e4rker sig p\u00e5 trampolinmarknaden genom sin utm\u00e4rkta produktkvalitet, som f\u00e5r barn att skratta och garanterar s\u00e4kerheten vid hoppning. SONGMICS trampolin \u00e4r certifierad av T\u00dcV Rheinland (certifikatnummer: S 50396839), s\u00e5 du kan lita p\u00e5 s\u00e4kerheten hos denna tr\u00e4dg\u00e5rdstrampolin. Vi str\u00e4var efter att trampolinen ska vara h\u00e5llbar, s\u00e4ker och ge en utm\u00e4rkt hopupplevelse. Trampolinen best\u00e5r av flera delar: hoppmatta, kantskydd, s\u00e4kerhetsn\u00e4t, stativ.Produktdetaljer: Max. belastningskapacitet: 150 kg Ramh\u00f6jd: ca 76 cm Tillverkad av h\u00f6gkvalitativa, galvaniserade st\u00e5lr\u00f6r, rostfria 64 galvaniserade st\u00e5lfj\u00e4drar Vattent\u00e4t och UV-best\u00e4ndig kantskydd H\u00f6gkvalitativt s\u00e4kerhetsn\u00e4t H\u00f6gkvalitativ hoppmatta \u2013 UV-best\u00e4ndig Stativet \u00e4r vadderat med EPE-skum<\/p>\n","protected":false},"excerpt":{"rendered":"<p>SONGMICS tr\u00e4dg\u00e5rdstrampolin \u00d8 244 cm, rund trampolin med s\u00e4kerhetsn\u00e4t, med vadderade st\u00e4nger, s\u00e4kerhets\u00f6verdrag, T\u00dcV Rheinland-testad, s\u00e4ker, utomhus, svart, bl\u00e5 STR8FT<\/p>\n","protected":false},"featured_media":0,"comment_status":"open","ping_status":"closed","template":"","meta":[],"product_brand":[],"product_cat":[33],"product_tag":[],"class_list":{"0":"post-19475","1":"product","2":"type-product","3":"status-publish","5":"product_cat-okategoriserad","7":"first","8":"instock","9":"shipping-taxable","10":"purchasable","11":"product-type-simple"},"_links":{"self":[{"href":"https:\/\/nordicmart.andreevmaster.com\/sv\/wp-json\/wp\/v2\/product\/19475","targetHints":{"allow":["GET"]}}],"collection":[{"href":"https:\/\/nordicmart.andreevmaster.com\/sv\/wp-json\/wp\/v2\/product"}],"about":[{"href":"https:\/\/nordicmart.andreevmaster.com\/sv\/wp-json\/wp\/v2\/types\/product"}],"replies":[{"embeddable":true,"href":"https:\/\/nordicmart.andreevmaster.com\/sv\/wp-json\/wp\/v2\/comments?post=19475"}],"wp:attachment":[{"href":"https:\/\/nordicmart.andreevmaster.com\/sv\/wp-json\/wp\/v2\/media?parent=19475"}],"wp:term":[{"taxonomy":"product_brand","embeddable":true,"href":"https:\/\/nordicmart.andreevmaster.com\/sv\/wp-json\/wp\/v2\/product_brand?post=19475"},{"taxonomy":"product_cat","embeddable":true,"href":"https:\/\/nordicmart.andreevmaster.com\/sv\/wp-json\/wp\/v2\/product_cat?post=19475"},{"taxonomy":"product_tag","embeddable":true,"href":"https:\/\/nordicmart.andreevmaster.com\/sv\/wp-json\/wp\/v2\/product_tag?post=19475"}],"curies":[{"name":"wp","href":"https:\/\/api.w.org\/{rel}","templated":true}]}}