{"id":19471,"date":"2026-02-27T00:44:54","date_gmt":"2026-02-27T00:44:54","guid":{"rendered":"https:\/\/nordicmart.andreevmaster.com\/product\/songmics-studsmatta-305-cm-morkbla\/"},"modified":"2026-02-27T08:32:17","modified_gmt":"2026-02-27T08:32:17","slug":"songmics-studsmatta-305-cm-morkbla","status":"publish","type":"product","link":"https:\/\/nordicmart.andreevmaster.com\/sv\/produkt\/songmics-studsmatta-305-cm-morkbla\/","title":{"rendered":"SONGMICS studsmatta 305 cm m\u00f6rkbl\u00e5"},"content":{"rendered":"<p>Kul i tr\u00e4dg\u00e5rden: Denna trampolin fr\u00e5n SONGMICS erbjuder b\u00e5de dig och din familj en f\u00f6rstklassig hoppplevelse. Eftersom s\u00e4kerhet \u00e4r v\u00e5r prioritet \u00e4r det galvaniserade och pulverlackerade underredet stabilt och rostbest\u00e4ndigt. De fyra W-formade benen h\u00e5ller hoppduken i balans. Denna hoppanordning \u00e4r naturligtvis perfekt som present till dina barn. Men du kan sj\u00e4lvklart ocks\u00e5 hoppa, eftersom trampolinen t\u00e5l upp till 150 kg. I leveransen ing\u00e5r en hoppduk, en kantskydd, ett s\u00e4kerhetsn\u00e4t, st\u00f6dst\u00e4nger och en stege \u2013 allt du beh\u00f6ver f\u00f6r att ha kul utomhus!Produktdetaljer: F\u00e4rg: M\u00f6rkbl\u00e5 Material: St\u00f6dben, kant p\u00e5 s\u00e4kerhetsn\u00e4tet: F\u00f6rzinkat, pulverlackerat st\u00e5l Yttre ring p\u00e5 ramen, T-formade kopplingsdelar: F\u00f6rzinkat st\u00e5l Fj\u00e4drar: Zink Stege: PP-plast (0,9 g\/cm\u00b3), st\u00e5lr\u00f6r Hoppduk: PP-plast (265 g\/m\u00b2)Kantskydd: PVC (310 g\/m\u00b2), EPE-skumS\u00e4kerhetsn\u00e4t: PE-plast (95 g\/m\u00b2)M\u00e5tt:Ram med hoppyta: 305 x 76 cm (\u00d8 x H)S\u00e4kerhetsn\u00e4t: 180 cm (H)Stege: 41 x 105 cm (B x H) Avst\u00e5nd mellan golv och trampolinyta: 76 cm Max. statisk belastningskapacitet: 150 kg Leveransomfattning: 1 x trampolin 1 x stege 1 x tillbeh\u00f6rspaket 1 x bruksanvisning<\/p>\n","protected":false},"excerpt":{"rendered":"<p>SONGMICS trampolin 366 cm, rund tr\u00e4dg\u00e5rdstrampolin med s\u00e4kerhetsn\u00e4t och stege, vadderat stativ, f\u00f6r barn och vuxna, inv\u00e4ndigt n\u00e4t, T\u00dcV-certifikat, GS,<\/p>\n","protected":false},"featured_media":46380,"comment_status":"open","ping_status":"closed","template":"","meta":[],"product_brand":[],"product_cat":[33],"product_tag":[],"class_list":{"0":"post-19471","1":"product","2":"type-product","3":"status-publish","4":"has-post-thumbnail","6":"product_cat-okategoriserad","8":"first","9":"instock","10":"shipping-taxable","11":"purchasable","12":"product-type-simple"},"_links":{"self":[{"href":"https:\/\/nordicmart.andreevmaster.com\/sv\/wp-json\/wp\/v2\/product\/19471","targetHints":{"allow":["GET"]}}],"collection":[{"href":"https:\/\/nordicmart.andreevmaster.com\/sv\/wp-json\/wp\/v2\/product"}],"about":[{"href":"https:\/\/nordicmart.andreevmaster.com\/sv\/wp-json\/wp\/v2\/types\/product"}],"replies":[{"embeddable":true,"href":"https:\/\/nordicmart.andreevmaster.com\/sv\/wp-json\/wp\/v2\/comments?post=19471"}],"wp:featuredmedia":[{"embeddable":true,"href":"https:\/\/nordicmart.andreevmaster.com\/sv\/wp-json\/wp\/v2\/media\/46380"}],"wp:attachment":[{"href":"https:\/\/nordicmart.andreevmaster.com\/sv\/wp-json\/wp\/v2\/media?parent=19471"}],"wp:term":[{"taxonomy":"product_brand","embeddable":true,"href":"https:\/\/nordicmart.andreevmaster.com\/sv\/wp-json\/wp\/v2\/product_brand?post=19471"},{"taxonomy":"product_cat","embeddable":true,"href":"https:\/\/nordicmart.andreevmaster.com\/sv\/wp-json\/wp\/v2\/product_cat?post=19471"},{"taxonomy":"product_tag","embeddable":true,"href":"https:\/\/nordicmart.andreevmaster.com\/sv\/wp-json\/wp\/v2\/product_tag?post=19471"}],"curies":[{"name":"wp","href":"https:\/\/api.w.org\/{rel}","templated":true}]}}