{"id":19470,"date":"2026-02-27T00:44:54","date_gmt":"2026-02-27T00:44:54","guid":{"rendered":"https:\/\/nordicmart.andreevmaster.com\/product\/songmics-trampolin-305-cm-svart-morkgron\/"},"modified":"2026-02-27T08:32:17","modified_gmt":"2026-02-27T08:32:17","slug":"songmics-trampolin-305-cm-svart-morkgron","status":"publish","type":"product","link":"https:\/\/nordicmart.andreevmaster.com\/sv\/produkt\/songmics-trampolin-305-cm-svart-morkgron\/","title":{"rendered":"SONGMICS trampolin 305 cm svart-m\u00f6rkgr\u00f6n"},"content":{"rendered":"<p>Kul i tr\u00e4dg\u00e5rden Denna trampolin fr\u00e5n SONGMICS, som lanserades helt ny p\u00e5 marknaden 2020, erbjuder b\u00e5de dig och din familj en f\u00f6rstklassig hoppplevelse. Eftersom s\u00e4kerhet \u00e4r v\u00e5r prioritet \u00e4r det galvaniserade och pulverlackerade underredet stabilt och rostbest\u00e4ndigt. De fyra W-formade benen h\u00e5ller hoppduken i balans.Denna studsmatta \u00e4r naturligtvis perfekt som present till dina barn. Men du kan sj\u00e4lvklart ocks\u00e5 hoppa p\u00e5 den, eftersom studsmattan t\u00e5l upp till 150 kg. I leveransen ing\u00e5r ett studsmattduks, en kantskydd, ett s\u00e4kerhetsn\u00e4t, st\u00f6dst\u00e4nger och en stege \u2013 allt du beh\u00f6ver f\u00f6r att ha kul utomhus! Produktdetaljer:- F\u00e4rg: Svart-m\u00f6rkgr\u00f6n &#8211; Material: &#8211; St\u00f6dben, kant p\u00e5 s\u00e4kerhetsn\u00e4tet: F\u00f6rzinkat, pulverlackerat st\u00e5l &#8211; Yttre ring p\u00e5 ramen, T-formade kopplingsdelar: F\u00f6rzinkat st\u00e5l &#8211; Fj\u00e4drar: Zink &#8211; Stege: PP-plast (0,9 g\/cm\u00b3), st\u00e5lr\u00f6r &#8211; Hoppduk: PP-plast (265 g\/m\u00b2) &#8211; Kantskydd: PVC (310 g\/m\u00b2), EPE-skumplast &#8211; S\u00e4kerhetsn\u00e4t: PE-plast (95 g\/m\u00b2) &#8211; M\u00e5tt: &#8211; Ram med hoppduk: 305 x 76 cm (\u00d8 x H) &#8211; S\u00e4kerhetsn\u00e4t: 180 cm (H) &#8211; Stege: 41 x 105 cm (B x H) &#8211; Avst\u00e5nd mellan golv och trampolinyta: 76 cm &#8211; Vikt: 48,4 kg (25,4 + 23 kg) &#8211; Max. statisk belastningskapacitet: 150 kg Leveransomfattning:- 1 x trampolin &#8211; 1 x stege &#8211; 1 x tillbeh\u00f6rspaket &#8211; 1 x bruksanvisning (DE, EN, IT, FR, ES)<\/p>\n","protected":false},"excerpt":{"rendered":"<p>SONGMICS trampolin 366 cm, rund tr\u00e4dg\u00e5rdstrampolin med s\u00e4kerhetsn\u00e4t och stege, vadderat stativ, f\u00f6r barn och vuxna, inv\u00e4ndigt n\u00e4t, T\u00dcV-certifikat, GS,<\/p>\n","protected":false},"featured_media":46379,"comment_status":"open","ping_status":"closed","template":"","meta":[],"product_brand":[],"product_cat":[33],"product_tag":[],"class_list":{"0":"post-19470","1":"product","2":"type-product","3":"status-publish","4":"has-post-thumbnail","6":"product_cat-okategoriserad","8":"first","9":"instock","10":"shipping-taxable","11":"purchasable","12":"product-type-simple"},"_links":{"self":[{"href":"https:\/\/nordicmart.andreevmaster.com\/sv\/wp-json\/wp\/v2\/product\/19470","targetHints":{"allow":["GET"]}}],"collection":[{"href":"https:\/\/nordicmart.andreevmaster.com\/sv\/wp-json\/wp\/v2\/product"}],"about":[{"href":"https:\/\/nordicmart.andreevmaster.com\/sv\/wp-json\/wp\/v2\/types\/product"}],"replies":[{"embeddable":true,"href":"https:\/\/nordicmart.andreevmaster.com\/sv\/wp-json\/wp\/v2\/comments?post=19470"}],"wp:featuredmedia":[{"embeddable":true,"href":"https:\/\/nordicmart.andreevmaster.com\/sv\/wp-json\/wp\/v2\/media\/46379"}],"wp:attachment":[{"href":"https:\/\/nordicmart.andreevmaster.com\/sv\/wp-json\/wp\/v2\/media?parent=19470"}],"wp:term":[{"taxonomy":"product_brand","embeddable":true,"href":"https:\/\/nordicmart.andreevmaster.com\/sv\/wp-json\/wp\/v2\/product_brand?post=19470"},{"taxonomy":"product_cat","embeddable":true,"href":"https:\/\/nordicmart.andreevmaster.com\/sv\/wp-json\/wp\/v2\/product_cat?post=19470"},{"taxonomy":"product_tag","embeddable":true,"href":"https:\/\/nordicmart.andreevmaster.com\/sv\/wp-json\/wp\/v2\/product_tag?post=19470"}],"curies":[{"name":"wp","href":"https:\/\/api.w.org\/{rel}","templated":true}]}}