{"id":19462,"date":"2026-02-27T00:44:51","date_gmt":"2026-02-27T00:44:51","guid":{"rendered":"https:\/\/nordicmart.andreevmaster.com\/product\/songmics-studsmatta-o-244-cm-med-sakerhetsnat\/"},"modified":"2026-02-27T08:32:15","modified_gmt":"2026-02-27T08:32:15","slug":"songmics-studsmatta-o-244-cm-med-sakerhetsnat","status":"publish","type":"product","link":"https:\/\/nordicmart.andreevmaster.com\/sv\/produkt\/songmics-studsmatta-o-244-cm-med-sakerhetsnat\/","title":{"rendered":"SONGMICS studsmatta \u00d8 244 cm med s\u00e4kerhetsn\u00e4t"},"content":{"rendered":"<p>SONGMICS trampolin 366 cm, rund tr\u00e4dg\u00e5rdstrampolin med s\u00e4kerhetsn\u00e4t och stege, vadderat stativ, f\u00f6r barn och vuxna, inv\u00e4ndigt n\u00e4t, T\u00dcV-certifikat, GS,<br \/>\nF\u00e4rg: Svart-bl\u00e5<br \/>\nMaterial:<br \/>\nRam: F\u00f6rzinkade st\u00e5lr\u00f6r<br \/>\nKantskydd: 500D PVC, 15 mm tjock EPE-skumplast, 130 g\/m\u00b2 PE<br \/>\nHoppduk: PP<br \/>\nS\u00e4kerhetsn\u00e4t: 95 g\/m\u00b2 PE<br \/>\nSkydd av st\u00e4nger: PE-skumplast, PVC-skydds\u00f6verdrag<br \/>\nFj\u00e4der: F\u00f6rzinkat st\u00e5l<br \/>\nStorlek: 244 cm d, 239 cm H<br \/>\nRamens h\u00f6jd: 59 cm<br \/>\nDiameter p\u00e5 hoppomr\u00e5det: 190 cm<br \/>\nSt\u00e5ngernas h\u00f6jd: 180 cm<br \/>\nVikt: 39,1 kg<br \/>\nMax. belastningskapacitet: 80 kg<\/p>\n","protected":false},"excerpt":{"rendered":"<p>SONGMICS trampolin 366 cm, rund tr\u00e4dg\u00e5rdstrampolin med s\u00e4kerhetsn\u00e4t och stege, vadderat stativ, f\u00f6r barn och vuxna, inv\u00e4ndigt n\u00e4t, T\u00dcV-certifikat, GS,<\/p>\n","protected":false},"featured_media":46371,"comment_status":"open","ping_status":"closed","template":"","meta":[],"product_brand":[],"product_cat":[33],"product_tag":[],"class_list":{"0":"post-19462","1":"product","2":"type-product","3":"status-publish","4":"has-post-thumbnail","6":"product_cat-okategoriserad","8":"first","9":"instock","10":"shipping-taxable","11":"purchasable","12":"product-type-simple"},"_links":{"self":[{"href":"https:\/\/nordicmart.andreevmaster.com\/sv\/wp-json\/wp\/v2\/product\/19462","targetHints":{"allow":["GET"]}}],"collection":[{"href":"https:\/\/nordicmart.andreevmaster.com\/sv\/wp-json\/wp\/v2\/product"}],"about":[{"href":"https:\/\/nordicmart.andreevmaster.com\/sv\/wp-json\/wp\/v2\/types\/product"}],"replies":[{"embeddable":true,"href":"https:\/\/nordicmart.andreevmaster.com\/sv\/wp-json\/wp\/v2\/comments?post=19462"}],"wp:featuredmedia":[{"embeddable":true,"href":"https:\/\/nordicmart.andreevmaster.com\/sv\/wp-json\/wp\/v2\/media\/46371"}],"wp:attachment":[{"href":"https:\/\/nordicmart.andreevmaster.com\/sv\/wp-json\/wp\/v2\/media?parent=19462"}],"wp:term":[{"taxonomy":"product_brand","embeddable":true,"href":"https:\/\/nordicmart.andreevmaster.com\/sv\/wp-json\/wp\/v2\/product_brand?post=19462"},{"taxonomy":"product_cat","embeddable":true,"href":"https:\/\/nordicmart.andreevmaster.com\/sv\/wp-json\/wp\/v2\/product_cat?post=19462"},{"taxonomy":"product_tag","embeddable":true,"href":"https:\/\/nordicmart.andreevmaster.com\/sv\/wp-json\/wp\/v2\/product_tag?post=19462"}],"curies":[{"name":"wp","href":"https:\/\/api.w.org\/{rel}","templated":true}]}}