{"id":19456,"date":"2026-02-27T00:44:49","date_gmt":"2026-02-27T00:44:49","guid":{"rendered":"https:\/\/nordicmart.andreevmaster.com\/product\/songmics-studsmatta-med-tuv-rheinland-gs-certifikat-saker\/"},"modified":"2026-02-27T08:32:14","modified_gmt":"2026-02-27T08:32:14","slug":"songmics-studsmatta-med-tuv-rheinland-gs-certifikat-saker","status":"publish","type":"product","link":"https:\/\/nordicmart.andreevmaster.com\/sv\/produkt\/songmics-studsmatta-med-tuv-rheinland-gs-certifikat-saker\/","title":{"rendered":"SONGMICS studsmatta med T\u00dcV Rheinland GS-certifikat s\u00e4ker"},"content":{"rendered":"<p>SONGMICS tr\u00e4dg\u00e5rdstrampolin \u00d8 244 cm, rund trampolin med s\u00e4kerhetsn\u00e4t, med vadderade st\u00e4nger, s\u00e4kerhets\u00f6verdrag, T\u00dcV Rheinland-testad, s\u00e4ker, utomhus, svart, bl\u00e5 STR8FT<br \/>\nF\u00e4rg: Svart-bl\u00e5<br \/>\nMaterial:<br \/>\nRam: F\u00f6rzinkade st\u00e5lr\u00f6r<br \/>\nKantskydd: 500D PVC, 15 mm tjock EPE-skumplast, 130 g\/m\u00b2 PE<br \/>\nHoppduk: PP<br \/>\nS\u00e4kerhetsn\u00e4t: 95 g\/m\u00b2 PE<br \/>\nSkydd av st\u00e4nger: PE-skumplast, PVC-skydds\u00f6verdrag<br \/>\nFj\u00e4der: F\u00f6rzinkat st\u00e5l<br \/>\nStorlek: 183 x 230 cm (\u00d8 x H)<br \/>\nRamens h\u00f6jd: 50 cm<br \/>\nDiameter p\u00e5 hoppomr\u00e5det: 129 cm<br \/>\nSt\u00e5ngernas h\u00f6jd: 180 cm<br \/>\nVikt: 28 kg<br \/>\nMax. statisk belastningskapacitet: 100 kg<\/p>\n","protected":false},"excerpt":{"rendered":"<p>SONGMICS tr\u00e4dg\u00e5rdstrampolin \u00d8 244 cm, rund trampolin med s\u00e4kerhetsn\u00e4t, med vadderade st\u00e4nger, s\u00e4kerhets\u00f6verdrag, T\u00dcV Rheinland-testad, s\u00e4ker, utomhus, svart, bl\u00e5 STR8FT<\/p>\n","protected":false},"featured_media":46366,"comment_status":"open","ping_status":"closed","template":"","meta":[],"product_brand":[],"product_cat":[33],"product_tag":[],"class_list":{"0":"post-19456","1":"product","2":"type-product","3":"status-publish","4":"has-post-thumbnail","6":"product_cat-okategoriserad","8":"first","9":"instock","10":"shipping-taxable","11":"purchasable","12":"product-type-simple"},"_links":{"self":[{"href":"https:\/\/nordicmart.andreevmaster.com\/sv\/wp-json\/wp\/v2\/product\/19456","targetHints":{"allow":["GET"]}}],"collection":[{"href":"https:\/\/nordicmart.andreevmaster.com\/sv\/wp-json\/wp\/v2\/product"}],"about":[{"href":"https:\/\/nordicmart.andreevmaster.com\/sv\/wp-json\/wp\/v2\/types\/product"}],"replies":[{"embeddable":true,"href":"https:\/\/nordicmart.andreevmaster.com\/sv\/wp-json\/wp\/v2\/comments?post=19456"}],"wp:featuredmedia":[{"embeddable":true,"href":"https:\/\/nordicmart.andreevmaster.com\/sv\/wp-json\/wp\/v2\/media\/46366"}],"wp:attachment":[{"href":"https:\/\/nordicmart.andreevmaster.com\/sv\/wp-json\/wp\/v2\/media?parent=19456"}],"wp:term":[{"taxonomy":"product_brand","embeddable":true,"href":"https:\/\/nordicmart.andreevmaster.com\/sv\/wp-json\/wp\/v2\/product_brand?post=19456"},{"taxonomy":"product_cat","embeddable":true,"href":"https:\/\/nordicmart.andreevmaster.com\/sv\/wp-json\/wp\/v2\/product_cat?post=19456"},{"taxonomy":"product_tag","embeddable":true,"href":"https:\/\/nordicmart.andreevmaster.com\/sv\/wp-json\/wp\/v2\/product_tag?post=19456"}],"curies":[{"name":"wp","href":"https:\/\/api.w.org\/{rel}","templated":true}]}}