{"id":19451,"date":"2026-02-27T00:44:48","date_gmt":"2026-02-27T00:44:48","guid":{"rendered":"https:\/\/nordicmart.andreevmaster.com\/product\/songmics-trampolin-kantskydd-fjaderoverdrag-i-standardstorlek-for-366-cm-trampoliner-uv-bestandigt\/"},"modified":"2026-02-27T08:32:13","modified_gmt":"2026-02-27T08:32:13","slug":"songmics-trampolin-kantskydd-fjaderoverdrag-i-standardstorlek-for-366-cm-trampoliner-uv-bestandigt","status":"publish","type":"product","link":"https:\/\/nordicmart.andreevmaster.com\/sv\/produkt\/songmics-trampolin-kantskydd-fjaderoverdrag-i-standardstorlek-for-366-cm-trampoliner-uv-bestandigt\/","title":{"rendered":"SONGMICS trampolin kantskydd, fj\u00e4der\u00f6verdrag i standardstorlek f\u00f6r 366 cm trampoliner, UV-best\u00e4ndigt"},"content":{"rendered":"<p>Trampolin kantskydd, fj\u00e4der\u00f6verdrag i standardstorlek f\u00f6r 366 cm trampoliner, UV-best\u00e4ndigt, rivfast trampolintillbeh\u00f6r, kantskydd, gr\u00f6nt<br \/>\nProduktdetaljer:<br \/>\n&#8211; F\u00e4rg: Gr\u00f6n<br \/>\n&#8211; Material: 310 g\/m\u00b2 PVC (500D), 1,5 cm tjock EPE-skumplast, 130 g\/m\u00b2 PE<br \/>\n&#8211; Ytterdiameter p\u00e5 kantskyddet: 366 cm<br \/>\n&#8211; Innerdiameter p\u00e5 kantskyddet: 306 cm<br \/>\n&#8211; Kantskyddets bredd: 30 cm<br \/>\n&#8211; Vikt: 2,9 kg<\/p>\n<p>Leveransomfattning:<br \/>\n&#8211; 1 x kantskydd f\u00f6r studsmattan<\/p>\n<p>Anvisningar:<br \/>\n&#8211; F\u00f6r att fastst\u00e4lla r\u00e4tt storlek p\u00e5 kantskyddet, m\u00e4t diametern p\u00e5 trampolinramen och bredden p\u00e5 ditt gamla trampolinkantskydd innan du k\u00f6per.<br \/>\n&#8211; F\u00f6lj s\u00e4kerhetsanvisningarna f\u00f6r detta trampolin\u00f6verdrag.<br \/>\n&#8211; Endast kantskyddet ing\u00e5r i leveransen, inte trampolinen.<\/p>\n","protected":false},"excerpt":{"rendered":"<p>Trampolin kantskydd, fj\u00e4der\u00f6verdrag i standardstorlek f\u00f6r 366 cm trampoliner, UV-best\u00e4ndigt, rivfast trampolintillbeh\u00f6r, kantskydd, gr\u00f6nt<\/p>\n","protected":false},"featured_media":46361,"comment_status":"open","ping_status":"closed","template":"","meta":[],"product_brand":[],"product_cat":[33],"product_tag":[],"class_list":{"0":"post-19451","1":"product","2":"type-product","3":"status-publish","4":"has-post-thumbnail","6":"product_cat-okategoriserad","8":"first","9":"instock","10":"shipping-taxable","11":"purchasable","12":"product-type-simple"},"_links":{"self":[{"href":"https:\/\/nordicmart.andreevmaster.com\/sv\/wp-json\/wp\/v2\/product\/19451","targetHints":{"allow":["GET"]}}],"collection":[{"href":"https:\/\/nordicmart.andreevmaster.com\/sv\/wp-json\/wp\/v2\/product"}],"about":[{"href":"https:\/\/nordicmart.andreevmaster.com\/sv\/wp-json\/wp\/v2\/types\/product"}],"replies":[{"embeddable":true,"href":"https:\/\/nordicmart.andreevmaster.com\/sv\/wp-json\/wp\/v2\/comments?post=19451"}],"wp:featuredmedia":[{"embeddable":true,"href":"https:\/\/nordicmart.andreevmaster.com\/sv\/wp-json\/wp\/v2\/media\/46361"}],"wp:attachment":[{"href":"https:\/\/nordicmart.andreevmaster.com\/sv\/wp-json\/wp\/v2\/media?parent=19451"}],"wp:term":[{"taxonomy":"product_brand","embeddable":true,"href":"https:\/\/nordicmart.andreevmaster.com\/sv\/wp-json\/wp\/v2\/product_brand?post=19451"},{"taxonomy":"product_cat","embeddable":true,"href":"https:\/\/nordicmart.andreevmaster.com\/sv\/wp-json\/wp\/v2\/product_cat?post=19451"},{"taxonomy":"product_tag","embeddable":true,"href":"https:\/\/nordicmart.andreevmaster.com\/sv\/wp-json\/wp\/v2\/product_tag?post=19451"}],"curies":[{"name":"wp","href":"https:\/\/api.w.org\/{rel}","templated":true}]}}