{"id":19448,"date":"2026-02-27T00:44:47","date_gmt":"2026-02-27T00:44:47","guid":{"rendered":"https:\/\/nordicmart.andreevmaster.com\/product\/songmics-trampolin-kantskydd-fjaderoverdrag-i-standardstorlek-for-305-cm-trampoliner-uv-bestandigt\/"},"modified":"2026-02-27T08:32:12","modified_gmt":"2026-02-27T08:32:12","slug":"songmics-trampolin-kantskydd-fjaderoverdrag-i-standardstorlek-for-305-cm-trampoliner-uv-bestandigt","status":"publish","type":"product","link":"https:\/\/nordicmart.andreevmaster.com\/sv\/produkt\/songmics-trampolin-kantskydd-fjaderoverdrag-i-standardstorlek-for-305-cm-trampoliner-uv-bestandigt\/","title":{"rendered":"SONGMICS trampolin kantskydd, fj\u00e4der\u00f6verdrag i standardstorlek f\u00f6r 305 cm trampoliner, UV-best\u00e4ndigt"},"content":{"rendered":"<p>SONGMICS h\u00f6gkvalitativa kantskydd ger dig s\u00e4ker skydd. &#8211; Om du har anv\u00e4nt kantskyddet under en l\u00e4ngre tid eller om det redan har uppst\u00e5tt sprickor p\u00e5 det, b\u00f6r du byta ut produkten. &#8211; SONGMICS kantskydd kan f\u00f6rhindra skador vid fall p\u00e5 fj\u00e4drarna eller ramen.- Ramskyddet finns i tre utf\u00f6randen f\u00f6r tre olika trampolinstorlekar: 244\/305\/366 cm. &#8211; Ramskyddet passar trampoliner fr\u00e5n alla tillverkare. &#8211; Dessutom kan du best\u00e4lla skyddet i tv\u00e5 olika f\u00e4rger. Det finns i enf\u00e4rgat bl\u00e5tt eller i en kombination av r\u00f6tt, gult och bl\u00e5tt.Observera: &#8211; M\u00e4t noggrant storleken p\u00e5 din trampolin innan du k\u00f6per, s\u00e5 att du kan v\u00e4lja r\u00e4tt skydd f\u00f6r din trampolin. &#8211; F\u00f6lj v\u00e5ra s\u00e4kerhetsanvisningar n\u00e4r du anv\u00e4nder trampolinen, s\u00e5 att du kan hoppa p\u00e5 ett s\u00e4kert s\u00e4tt.- Passar alla runda trampoliner med en diameter p\u00e5 244\/305\/366 cm. &#8211; Erbjudandet omfattar endast fj\u00e4der\u00f6verdraget och INTE hela trampolinen! Produktdetaljer: Material: &#8211; Yta: bl\u00e5 500D PVC (310 g\/m2) &#8211; Undersida: PE-plast &#8211; Mittpartiet av skyddet \u00e4r f\u00f6rsett med en 15 mm tjock och 300 mm bred vaddering. M\u00e5tt: &#8211; Ytterdiameter: 244\/305\/366 cm &#8211; Innerdiameter: 184\/245\/306 cm Leveransomfattning: &#8211; 1 x kantskydd<\/p>\n","protected":false},"excerpt":{"rendered":"<p>Trampolin kantskydd, fj\u00e4der\u00f6verdrag i standardstorlek f\u00f6r 366 cm trampoliner, UV-best\u00e4ndigt, rivfast trampolintillbeh\u00f6r, kantskydd, gr\u00f6nt<\/p>\n","protected":false},"featured_media":46359,"comment_status":"open","ping_status":"closed","template":"","meta":[],"product_brand":[],"product_cat":[33],"product_tag":[],"class_list":{"0":"post-19448","1":"product","2":"type-product","3":"status-publish","4":"has-post-thumbnail","6":"product_cat-okategoriserad","8":"first","9":"instock","10":"shipping-taxable","11":"purchasable","12":"product-type-simple"},"_links":{"self":[{"href":"https:\/\/nordicmart.andreevmaster.com\/sv\/wp-json\/wp\/v2\/product\/19448","targetHints":{"allow":["GET"]}}],"collection":[{"href":"https:\/\/nordicmart.andreevmaster.com\/sv\/wp-json\/wp\/v2\/product"}],"about":[{"href":"https:\/\/nordicmart.andreevmaster.com\/sv\/wp-json\/wp\/v2\/types\/product"}],"replies":[{"embeddable":true,"href":"https:\/\/nordicmart.andreevmaster.com\/sv\/wp-json\/wp\/v2\/comments?post=19448"}],"wp:featuredmedia":[{"embeddable":true,"href":"https:\/\/nordicmart.andreevmaster.com\/sv\/wp-json\/wp\/v2\/media\/46359"}],"wp:attachment":[{"href":"https:\/\/nordicmart.andreevmaster.com\/sv\/wp-json\/wp\/v2\/media?parent=19448"}],"wp:term":[{"taxonomy":"product_brand","embeddable":true,"href":"https:\/\/nordicmart.andreevmaster.com\/sv\/wp-json\/wp\/v2\/product_brand?post=19448"},{"taxonomy":"product_cat","embeddable":true,"href":"https:\/\/nordicmart.andreevmaster.com\/sv\/wp-json\/wp\/v2\/product_cat?post=19448"},{"taxonomy":"product_tag","embeddable":true,"href":"https:\/\/nordicmart.andreevmaster.com\/sv\/wp-json\/wp\/v2\/product_tag?post=19448"}],"curies":[{"name":"wp","href":"https:\/\/api.w.org\/{rel}","templated":true}]}}