{"id":19445,"date":"2026-02-27T00:44:46","date_gmt":"2026-02-27T00:44:46","guid":{"rendered":"https:\/\/nordicmart.andreevmaster.com\/product\/songmics-kantskydd-for-trampolin-med-diameter-244-cm\/"},"modified":"2026-02-27T08:32:11","modified_gmt":"2026-02-27T08:32:11","slug":"songmics-kantskydd-for-trampolin-med-diameter-244-cm","status":"publish","type":"product","link":"https:\/\/nordicmart.andreevmaster.com\/sv\/produkt\/songmics-kantskydd-for-trampolin-med-diameter-244-cm\/","title":{"rendered":"SONGMICS kantskydd f\u00f6r trampolin med diameter 244 cm"},"content":{"rendered":"<p>Extra s\u00e4kerhet: Med kantskyddet fr\u00e5n SONGMICS kan du l\u00e5ta dina barn hoppa p\u00e5 trampolinen med ett lugnt sinne, med vetskapen om att det tjocka EPE-skummet och det robusta PVC-\u00f6verdraget ger utm\u00e4rkt skydd mot skador. Denna matta \u00e4r utformad f\u00f6r att skydda dig fr\u00e5n sm\u00e4rtsam kontakt med trampolinens fj\u00e4drar och ger extra s\u00e4kerhet.F\u00f6r l\u00e5ng livsl\u00e4ngd: Om den sk\u00f6ts varsamt beh\u00f6ver den runda s\u00e4kerhetsmattan inte bytas ut varje \u00e5r. Den slitstarka, UV- och vattenbest\u00e4ndiga 310 g\/m\u00b2 PVC-ytan (500D), det 1,5 cm tjocka EPE-skummet, den h\u00f6gkvalitativa undersidan av 130 g\/m\u00b2 PE och de skickligt placerade s\u00f6mmarna garanterar en l\u00e5ng livsl\u00e4ngd f\u00f6r detta trampolintillbeh\u00f6r. Hitta den perfekta storleken: Kontrollera trampolinens diameter innan du k\u00f6per s\u00e5 att kantskyddet passar perfekt. Denna produkt fr\u00e5n SONGMICS passar de flesta trampoliner i standardstorlek. Produktdetaljer: Material: &#8211; Yta: bl\u00e5\/r\u00f6d+gul+bl\u00e5 500D PVC (310 g\/m2) &#8211; Undersida: PE-plast &#8211; Mittpartiet av skyddet \u00e4r f\u00f6rsett med en 15 mm tjock och 300 mm bred vaddering. M\u00e5tt: &#8211; Ytterdiameter: 244\/305\/366 cm &#8211; Innerdiameter: 184\/245\/306 cm Leveransomfattning: &#8211; 1 x kantskydd<\/p>\n","protected":false},"excerpt":{"rendered":"<p>SONGMICS trampolin kantskydd, fj\u00e4der\u00f6verdrag i standardstorlek f\u00f6r 366 cm trampoliner, \u00d8 366 cm, 30 cm bred, UV-best\u00e4ndig, rivfast trampolintillbeh\u00f6r, kantskydd, bl\u00e5 STP12FT<\/p>\n","protected":false},"featured_media":46356,"comment_status":"open","ping_status":"closed","template":"","meta":[],"product_brand":[],"product_cat":[33],"product_tag":[],"class_list":{"0":"post-19445","1":"product","2":"type-product","3":"status-publish","4":"has-post-thumbnail","6":"product_cat-okategoriserad","8":"first","9":"instock","10":"shipping-taxable","11":"purchasable","12":"product-type-simple"},"_links":{"self":[{"href":"https:\/\/nordicmart.andreevmaster.com\/sv\/wp-json\/wp\/v2\/product\/19445","targetHints":{"allow":["GET"]}}],"collection":[{"href":"https:\/\/nordicmart.andreevmaster.com\/sv\/wp-json\/wp\/v2\/product"}],"about":[{"href":"https:\/\/nordicmart.andreevmaster.com\/sv\/wp-json\/wp\/v2\/types\/product"}],"replies":[{"embeddable":true,"href":"https:\/\/nordicmart.andreevmaster.com\/sv\/wp-json\/wp\/v2\/comments?post=19445"}],"wp:featuredmedia":[{"embeddable":true,"href":"https:\/\/nordicmart.andreevmaster.com\/sv\/wp-json\/wp\/v2\/media\/46356"}],"wp:attachment":[{"href":"https:\/\/nordicmart.andreevmaster.com\/sv\/wp-json\/wp\/v2\/media?parent=19445"}],"wp:term":[{"taxonomy":"product_brand","embeddable":true,"href":"https:\/\/nordicmart.andreevmaster.com\/sv\/wp-json\/wp\/v2\/product_brand?post=19445"},{"taxonomy":"product_cat","embeddable":true,"href":"https:\/\/nordicmart.andreevmaster.com\/sv\/wp-json\/wp\/v2\/product_cat?post=19445"},{"taxonomy":"product_tag","embeddable":true,"href":"https:\/\/nordicmart.andreevmaster.com\/sv\/wp-json\/wp\/v2\/product_tag?post=19445"}],"curies":[{"name":"wp","href":"https:\/\/api.w.org\/{rel}","templated":true}]}}