{"id":19444,"date":"2026-02-27T00:44:46","date_gmt":"2026-02-27T00:44:46","guid":{"rendered":"https:\/\/nordicmart.andreevmaster.com\/product\/songmics-trampolin-kantskydd-o-183-cm\/"},"modified":"2026-02-27T08:32:11","modified_gmt":"2026-02-27T08:32:11","slug":"songmics-trampolin-kantskydd-o-183-cm","status":"publish","type":"product","link":"https:\/\/nordicmart.andreevmaster.com\/sv\/produkt\/songmics-trampolin-kantskydd-o-183-cm\/","title":{"rendered":"SONGMICS trampolin kantskydd \u00d8 183 cm"},"content":{"rendered":"<p>SONGMICS trampolin kantskydd, fj\u00e4der\u00f6verdrag i standardstorlek f\u00f6r 366 cm trampoliner, \u00d8 366 cm, 30 cm bred, UV-best\u00e4ndig, rivfast trampolintillbeh\u00f6r, kantskydd, bl\u00e5 STP12FT<\/p>\n","protected":false},"excerpt":{"rendered":"<p>SONGMICS trampolin kantskydd, fj\u00e4der\u00f6verdrag i standardstorlek f\u00f6r 366 cm trampoliner, \u00d8 366 cm, 30 cm bred, UV-best\u00e4ndig, rivfast trampolintillbeh\u00f6r, kantskydd, bl\u00e5 STP12FT<\/p>\n","protected":false},"featured_media":46355,"comment_status":"open","ping_status":"closed","template":"","meta":[],"product_brand":[],"product_cat":[33],"product_tag":[],"class_list":{"0":"post-19444","1":"product","2":"type-product","3":"status-publish","4":"has-post-thumbnail","6":"product_cat-okategoriserad","8":"first","9":"instock","10":"shipping-taxable","11":"purchasable","12":"product-type-simple"},"_links":{"self":[{"href":"https:\/\/nordicmart.andreevmaster.com\/sv\/wp-json\/wp\/v2\/product\/19444","targetHints":{"allow":["GET"]}}],"collection":[{"href":"https:\/\/nordicmart.andreevmaster.com\/sv\/wp-json\/wp\/v2\/product"}],"about":[{"href":"https:\/\/nordicmart.andreevmaster.com\/sv\/wp-json\/wp\/v2\/types\/product"}],"replies":[{"embeddable":true,"href":"https:\/\/nordicmart.andreevmaster.com\/sv\/wp-json\/wp\/v2\/comments?post=19444"}],"wp:featuredmedia":[{"embeddable":true,"href":"https:\/\/nordicmart.andreevmaster.com\/sv\/wp-json\/wp\/v2\/media\/46355"}],"wp:attachment":[{"href":"https:\/\/nordicmart.andreevmaster.com\/sv\/wp-json\/wp\/v2\/media?parent=19444"}],"wp:term":[{"taxonomy":"product_brand","embeddable":true,"href":"https:\/\/nordicmart.andreevmaster.com\/sv\/wp-json\/wp\/v2\/product_brand?post=19444"},{"taxonomy":"product_cat","embeddable":true,"href":"https:\/\/nordicmart.andreevmaster.com\/sv\/wp-json\/wp\/v2\/product_cat?post=19444"},{"taxonomy":"product_tag","embeddable":true,"href":"https:\/\/nordicmart.andreevmaster.com\/sv\/wp-json\/wp\/v2\/product_tag?post=19444"}],"curies":[{"name":"wp","href":"https:\/\/api.w.org\/{rel}","templated":true}]}}