{"id":19443,"date":"2026-02-27T00:44:45","date_gmt":"2026-02-27T00:44:45","guid":{"rendered":"https:\/\/nordicmart.andreevmaster.com\/product\/songmics-kantskydd-for-trampolin-med-o-427-cm\/"},"modified":"2026-02-27T08:32:11","modified_gmt":"2026-02-27T08:32:11","slug":"songmics-kantskydd-for-trampolin-med-o-427-cm","status":"publish","type":"product","link":"https:\/\/nordicmart.andreevmaster.com\/sv\/produkt\/songmics-kantskydd-for-trampolin-med-o-427-cm\/","title":{"rendered":"SONGMICS kantskydd f\u00f6r trampolin med \u00d8 427 cm"},"content":{"rendered":"<p>Extra s\u00e4kerhet Med kantskyddet fr\u00e5n SONGMICS kan du l\u00e5ta dina barn hoppa p\u00e5 trampolinen med ett lugnt sinne, med vetskapen om att det tjocka EPE-skummet och det robusta PVC-\u00f6verdraget ger utm\u00e4rkt skydd mot skador. Denna matta \u00e4r utformad f\u00f6r att skydda dig fr\u00e5n sm\u00e4rtsam kontakt med trampolinens fj\u00e4drar och ger extra s\u00e4kerhet.F\u00f6r l\u00e5ng livsl\u00e4ngd Vid skonsam anv\u00e4ndning beh\u00f6ver den runda s\u00e4kerhetsmattan inte bytas ut varje \u00e5r. Den slitstarka, UV- och vattent\u00e5liga PVC-ytan (500D) p\u00e5 310 g\/m\u00b2, det 15 mm tjocka EPE-skummet, den h\u00f6gkvalitativa undersidan av 130 g\/m\u00b2 PE och de skickligt placerade s\u00f6mmarna garanterar en l\u00e5ng livsl\u00e4ngd f\u00f6r detta trampolintillbeh\u00f6r.Hitta den perfekta storleken Kontrollera trampolinens diameter innan du k\u00f6per s\u00e5 att kantskyddet passar perfekt. Denna produkt fr\u00e5n SONGMICS passar alla trampoliner i standardstorlek Produktdetaljer:- F\u00e4rg: Bl\u00e5 &#8211; Material: 310 g\/m\u00b2 PVC (500D), 15 mm EPE-skumplast, 130 g\/m\u00b2 PE &#8211; Storlek: \u00d8 427 cm &#8211; Vikt: 3,5 kg Leveransomfattning: &#8211; 1 x trampolin-kantskydd SONGMICS Anm\u00e4rkningar:- M\u00e4t trampolinens diameter till den yttersta kanten av trampolinramen (inte bara till fj\u00e4drarna) innan du k\u00f6per f\u00f6r att fastst\u00e4lla r\u00e4tt storlek p\u00e5 skydds\u00f6verdraget. &#8211; F\u00f6lj s\u00e4kerhetsanvisningarna f\u00f6r denna produkt. &#8211; Endast kantskyddet ing\u00e5r i leveransen, inte trampolinen.<\/p>\n","protected":false},"excerpt":{"rendered":"<p>SONGMICS trampolin kantskydd, fj\u00e4der\u00f6verdrag i standardstorlek f\u00f6r 366 cm trampoliner, \u00d8 366 cm, 30 cm bred, UV-best\u00e4ndig, rivfast trampolintillbeh\u00f6r, kantskydd, bl\u00e5 STP12FT<\/p>\n","protected":false},"featured_media":46354,"comment_status":"open","ping_status":"closed","template":"","meta":[],"product_brand":[],"product_cat":[33],"product_tag":[],"class_list":{"0":"post-19443","1":"product","2":"type-product","3":"status-publish","4":"has-post-thumbnail","6":"product_cat-okategoriserad","8":"first","9":"instock","10":"shipping-taxable","11":"purchasable","12":"product-type-simple"},"_links":{"self":[{"href":"https:\/\/nordicmart.andreevmaster.com\/sv\/wp-json\/wp\/v2\/product\/19443","targetHints":{"allow":["GET"]}}],"collection":[{"href":"https:\/\/nordicmart.andreevmaster.com\/sv\/wp-json\/wp\/v2\/product"}],"about":[{"href":"https:\/\/nordicmart.andreevmaster.com\/sv\/wp-json\/wp\/v2\/types\/product"}],"replies":[{"embeddable":true,"href":"https:\/\/nordicmart.andreevmaster.com\/sv\/wp-json\/wp\/v2\/comments?post=19443"}],"wp:featuredmedia":[{"embeddable":true,"href":"https:\/\/nordicmart.andreevmaster.com\/sv\/wp-json\/wp\/v2\/media\/46354"}],"wp:attachment":[{"href":"https:\/\/nordicmart.andreevmaster.com\/sv\/wp-json\/wp\/v2\/media?parent=19443"}],"wp:term":[{"taxonomy":"product_brand","embeddable":true,"href":"https:\/\/nordicmart.andreevmaster.com\/sv\/wp-json\/wp\/v2\/product_brand?post=19443"},{"taxonomy":"product_cat","embeddable":true,"href":"https:\/\/nordicmart.andreevmaster.com\/sv\/wp-json\/wp\/v2\/product_cat?post=19443"},{"taxonomy":"product_tag","embeddable":true,"href":"https:\/\/nordicmart.andreevmaster.com\/sv\/wp-json\/wp\/v2\/product_tag?post=19443"}],"curies":[{"name":"wp","href":"https:\/\/api.w.org\/{rel}","templated":true}]}}