{"id":19442,"date":"2026-02-27T00:44:45","date_gmt":"2026-02-27T00:44:45","guid":{"rendered":"https:\/\/nordicmart.andreevmaster.com\/product\/kantafdaekning-til-o-427-cm-trampolin-2\/"},"modified":"2026-02-27T08:32:11","modified_gmt":"2026-02-27T08:32:11","slug":"kantafdaekning-til-o-427-cm-trampolin-2","status":"publish","type":"product","link":"https:\/\/nordicmart.andreevmaster.com\/sv\/produkt\/kantafdaekning-til-o-427-cm-trampolin-2\/","title":{"rendered":"Kantafd\u00e6kning til \u00d8 427 cm trampolin"},"content":{"rendered":"<p>En extra dos s\u00e4kerhet Med trampolinskyddet fr\u00e5n SONGMICS kan du l\u00e5ta dina barn hoppa p\u00e5 trampolinen med sinnesro, v\u00e4l medveten om att det tjocka EPE-skummet och det robusta PVC-\u00f6verdraget ger utm\u00e4rkt skydd mot skador. Denna matta \u00e4r utformad f\u00f6r att skydda dig mot sm\u00e4rtsam kontakt med trampolinens fj\u00e4drar och ger en extra dos s\u00e4kerhet f\u00f6r l\u00e5ng livsl\u00e4ngd. F\u00f6rutsatt att den behandlas med omsorg beh\u00f6ver den runda s\u00e4kerhetsmattan inte bytas ut varje \u00e5r. Den slitstarka, UV- och vattenavvisande 310 g\/m\u00b2 PVC-ytan (500D), det 15 mm tjocka EPE-skummet, undersidan i h\u00f6g kvalitet av 130 g\/m\u00b2 PE och skickligt placerade s\u00f6mmar s\u00e4kerst\u00e4ller att detta trampolintillbeh\u00f6r h\u00e5ller l\u00e4nge.Hitta den perfekta storleken Best\u00e4m trampolinens diameter innan du k\u00f6per, s\u00e5 att kantskyddet passar perfekt. Denna SONGMICS-produkt passar alla trampoliner i standardstorlek. Produktdetaljer:- F\u00e4rg: Bl\u00e5 &#8211; Material: 310 g\/m\u00b2 PVC (500D), 15 mm EPE-skum, 130 g\/m\u00b2 PE &#8211; Storlek: \u00d8 427 cm &#8211; Vikt: 3,5 kg Leveransomfattning: &#8211; 1 x trampolinkantskydd SONGMICS Anm\u00e4rkningar:- M\u00e4t trampolinens diameter till trampolinramens yttersta kant (inte bara till fj\u00e4drarna) innan du k\u00f6per, f\u00f6r att best\u00e4mma r\u00e4tt storlek p\u00e5 skydds\u00f6verdraget &#8211; F\u00f6lj s\u00e4kerhetsinstruktionerna f\u00f6r denna produkt &#8211; Endast \u00f6verdraget ing\u00e5r, inte trampolinen.<\/p>\n","protected":false},"excerpt":{"rendered":"<p>En extra dos s\u00e4kerhet Med trampolinskyddet fr\u00e5n SONGMICS kan du l\u00e5ta dina barn hoppa p\u00e5 trampolinen med sinnesro, v\u00e4l medveten om att det tjocka EPE-skummet och det robusta PVC-\u00f6verdraget ger utm\u00e4rkt skydd mot skador. Denna matta \u00e4r utformad f\u00f6r att skydda dig mot sm\u00e4rtsam kontakt med trampolinens fj\u00e4drar och ger en extra dos s\u00e4kerhet f\u00f6r [&hellip;]<\/p>\n","protected":false},"featured_media":0,"comment_status":"open","ping_status":"closed","template":"","meta":[],"product_brand":[],"product_cat":[33],"product_tag":[],"class_list":{"0":"post-19442","1":"product","2":"type-product","3":"status-publish","5":"product_cat-okategoriserad","7":"first","8":"instock","9":"shipping-taxable","10":"product-type-simple"},"_links":{"self":[{"href":"https:\/\/nordicmart.andreevmaster.com\/sv\/wp-json\/wp\/v2\/product\/19442","targetHints":{"allow":["GET"]}}],"collection":[{"href":"https:\/\/nordicmart.andreevmaster.com\/sv\/wp-json\/wp\/v2\/product"}],"about":[{"href":"https:\/\/nordicmart.andreevmaster.com\/sv\/wp-json\/wp\/v2\/types\/product"}],"replies":[{"embeddable":true,"href":"https:\/\/nordicmart.andreevmaster.com\/sv\/wp-json\/wp\/v2\/comments?post=19442"}],"wp:attachment":[{"href":"https:\/\/nordicmart.andreevmaster.com\/sv\/wp-json\/wp\/v2\/media?parent=19442"}],"wp:term":[{"taxonomy":"product_brand","embeddable":true,"href":"https:\/\/nordicmart.andreevmaster.com\/sv\/wp-json\/wp\/v2\/product_brand?post=19442"},{"taxonomy":"product_cat","embeddable":true,"href":"https:\/\/nordicmart.andreevmaster.com\/sv\/wp-json\/wp\/v2\/product_cat?post=19442"},{"taxonomy":"product_tag","embeddable":true,"href":"https:\/\/nordicmart.andreevmaster.com\/sv\/wp-json\/wp\/v2\/product_tag?post=19442"}],"curies":[{"name":"wp","href":"https:\/\/api.w.org\/{rel}","templated":true}]}}