{"id":19441,"date":"2026-02-27T00:44:45","date_gmt":"2026-02-27T00:44:45","guid":{"rendered":"https:\/\/nordicmart.andreevmaster.com\/product\/songmics-trampolin-kantskydd-med-rivfast-trampolintillbehor\/"},"modified":"2026-02-27T08:32:10","modified_gmt":"2026-02-27T08:32:10","slug":"songmics-trampolin-kantskydd-med-rivfast-trampolintillbehor","status":"publish","type":"product","link":"https:\/\/nordicmart.andreevmaster.com\/sv\/produkt\/songmics-trampolin-kantskydd-med-rivfast-trampolintillbehor\/","title":{"rendered":"SONGMICS trampolin kantskydd med rivfast trampolintillbeh\u00f6r"},"content":{"rendered":"<p>SONGMICS trampolin kantskydd, \u00d8 183 244 305 366 427 cm, fj\u00e4der\u00f6verdrag, kantskydd, s\u00e4kerhetsmatta, UV-best\u00e4ndigt, rivfast trampolintillbeh\u00f6r, standardstorlek<br \/>\nF\u00e4rg: Bl\u00e5<br \/>\nMaterial: 310 g\/m\u00b2 PVC (500D), 1,5 cm tjock EPE-skumplast, 130 g\/m\u00b2 PE<br \/>\nYtterdiameter p\u00e5 kantskyddet: 183 cm<br \/>\nInnerdiameter p\u00e5 kantskyddet: 127 cm<br \/>\nBredd p\u00e5 kantskyddet: 28 cm<br \/>\nVikt: 1,6 kg<\/p>\n","protected":false},"excerpt":{"rendered":"<p>SONGMICS trampolin kantskydd, \u00d8 183 244 305 366 427 cm, fj\u00e4der\u00f6verdrag, kantskydd, s\u00e4kerhetsmatta, UV-best\u00e4ndigt, rivfast trampolintillbeh\u00f6r, standardstorlek<\/p>\n","protected":false},"featured_media":46353,"comment_status":"open","ping_status":"closed","template":"","meta":[],"product_brand":[],"product_cat":[33],"product_tag":[],"class_list":{"0":"post-19441","1":"product","2":"type-product","3":"status-publish","4":"has-post-thumbnail","6":"product_cat-okategoriserad","8":"first","9":"instock","10":"shipping-taxable","11":"purchasable","12":"product-type-simple"},"_links":{"self":[{"href":"https:\/\/nordicmart.andreevmaster.com\/sv\/wp-json\/wp\/v2\/product\/19441","targetHints":{"allow":["GET"]}}],"collection":[{"href":"https:\/\/nordicmart.andreevmaster.com\/sv\/wp-json\/wp\/v2\/product"}],"about":[{"href":"https:\/\/nordicmart.andreevmaster.com\/sv\/wp-json\/wp\/v2\/types\/product"}],"replies":[{"embeddable":true,"href":"https:\/\/nordicmart.andreevmaster.com\/sv\/wp-json\/wp\/v2\/comments?post=19441"}],"wp:featuredmedia":[{"embeddable":true,"href":"https:\/\/nordicmart.andreevmaster.com\/sv\/wp-json\/wp\/v2\/media\/46353"}],"wp:attachment":[{"href":"https:\/\/nordicmart.andreevmaster.com\/sv\/wp-json\/wp\/v2\/media?parent=19441"}],"wp:term":[{"taxonomy":"product_brand","embeddable":true,"href":"https:\/\/nordicmart.andreevmaster.com\/sv\/wp-json\/wp\/v2\/product_brand?post=19441"},{"taxonomy":"product_cat","embeddable":true,"href":"https:\/\/nordicmart.andreevmaster.com\/sv\/wp-json\/wp\/v2\/product_cat?post=19441"},{"taxonomy":"product_tag","embeddable":true,"href":"https:\/\/nordicmart.andreevmaster.com\/sv\/wp-json\/wp\/v2\/product_tag?post=19441"}],"curies":[{"name":"wp","href":"https:\/\/api.w.org\/{rel}","templated":true}]}}