{"id":19439,"date":"2026-02-27T00:44:44","date_gmt":"2026-02-27T00:44:44","guid":{"rendered":"https:\/\/nordicmart.andreevmaster.com\/product\/songmics-366-cm-trampolin-kantskydd\/"},"modified":"2026-02-27T08:32:10","modified_gmt":"2026-02-27T08:32:10","slug":"songmics-366-cm-trampolin-kantskydd","status":"publish","type":"product","link":"https:\/\/nordicmart.andreevmaster.com\/sv\/produkt\/songmics-366-cm-trampolin-kantskydd\/","title":{"rendered":"SONGMICS 366 cm trampolin kantskydd"},"content":{"rendered":"<p>SONGMICS trampolin kantskydd, fj\u00e4der\u00f6verdrag i standardstorlek f\u00f6r 366 cm trampoliner, \u00d8 366 cm, 30 cm bred, UV-best\u00e4ndig, rivfast trampolintillbeh\u00f6r, kantskydd, bl\u00e5 STP12FT<\/p>\n","protected":false},"excerpt":{"rendered":"<p>SONGMICS trampolin kantskydd, fj\u00e4der\u00f6verdrag i standardstorlek f\u00f6r 366 cm trampoliner, \u00d8 366 cm, 30 cm bred, UV-best\u00e4ndig, rivfast trampolintillbeh\u00f6r, kantskydd, bl\u00e5 STP12FT<\/p>\n","protected":false},"featured_media":46351,"comment_status":"open","ping_status":"closed","template":"","meta":[],"product_brand":[],"product_cat":[33],"product_tag":[],"class_list":{"0":"post-19439","1":"product","2":"type-product","3":"status-publish","4":"has-post-thumbnail","6":"product_cat-okategoriserad","8":"first","9":"instock","10":"shipping-taxable","11":"purchasable","12":"product-type-simple"},"_links":{"self":[{"href":"https:\/\/nordicmart.andreevmaster.com\/sv\/wp-json\/wp\/v2\/product\/19439","targetHints":{"allow":["GET"]}}],"collection":[{"href":"https:\/\/nordicmart.andreevmaster.com\/sv\/wp-json\/wp\/v2\/product"}],"about":[{"href":"https:\/\/nordicmart.andreevmaster.com\/sv\/wp-json\/wp\/v2\/types\/product"}],"replies":[{"embeddable":true,"href":"https:\/\/nordicmart.andreevmaster.com\/sv\/wp-json\/wp\/v2\/comments?post=19439"}],"wp:featuredmedia":[{"embeddable":true,"href":"https:\/\/nordicmart.andreevmaster.com\/sv\/wp-json\/wp\/v2\/media\/46351"}],"wp:attachment":[{"href":"https:\/\/nordicmart.andreevmaster.com\/sv\/wp-json\/wp\/v2\/media?parent=19439"}],"wp:term":[{"taxonomy":"product_brand","embeddable":true,"href":"https:\/\/nordicmart.andreevmaster.com\/sv\/wp-json\/wp\/v2\/product_brand?post=19439"},{"taxonomy":"product_cat","embeddable":true,"href":"https:\/\/nordicmart.andreevmaster.com\/sv\/wp-json\/wp\/v2\/product_cat?post=19439"},{"taxonomy":"product_tag","embeddable":true,"href":"https:\/\/nordicmart.andreevmaster.com\/sv\/wp-json\/wp\/v2\/product_tag?post=19439"}],"curies":[{"name":"wp","href":"https:\/\/api.w.org\/{rel}","templated":true}]}}