{"id":19437,"date":"2026-02-27T00:44:43","date_gmt":"2026-02-27T00:44:43","guid":{"rendered":"https:\/\/nordicmart.andreevmaster.com\/product\/songmics-kantskydd-for-o-305-cm-studsmatta\/"},"modified":"2026-02-27T08:32:10","modified_gmt":"2026-02-27T08:32:10","slug":"songmics-kantskydd-for-o-305-cm-studsmatta","status":"publish","type":"product","link":"https:\/\/nordicmart.andreevmaster.com\/sv\/produkt\/songmics-kantskydd-for-o-305-cm-studsmatta\/","title":{"rendered":"SONGMICS kantskydd f\u00f6r  \u00d8 305 cm studsmatta"},"content":{"rendered":"<p>Kantskyddet \u00e4r en viktig del av en studsmatta. Anv\u00e4nd aldrig en studsmatta utan kantskydd. Kantskyddet skyddar mot skador n\u00e4r man hoppar eller faller p\u00e5 fj\u00e4drarna eller ramen. Produkten fr\u00e5n Songmics \u00e4r v\u00e4lgjord och lovar l\u00e5ng livsl\u00e4ngd. Med en ut\u00f6kad bredd t\u00e4cks b\u00e5de fj\u00e4drarna och kanten, vilket minskar eventuella risker med en tr\u00e4dg\u00e5rdstrampolin. Kantskyddet kan efter l\u00e4ngre anv\u00e4ndning, p\u00e5 grund av solstr\u00e5lning och v\u00e4derp\u00e5verkan, bli slitet. Byt ut det vid behov f\u00f6r extra skydd.  Anvisningar:  &#8211; M\u00e4t trampolinens diameter s\u00e5 att du kan v\u00e4lja r\u00e4tt kantskydd. &#8211; N\u00e4r du anv\u00e4nder trampolinen, f\u00f6lj de viktiga s\u00e4kerhetsanvisningarna som kan bidra till din personliga s\u00e4kerhet n\u00e4r du hoppar p\u00e5 trampolinen.  &#8211; Passar alla runda trampoliner med en diameter p\u00e5 305 cm &#8211; Erbjudandet omfattar endast fj\u00e4der\u00f6verdraget och INTE hela trampolinen!   Produktdetaljer:Material:- Yta: r\u00f6d+gul+bl\u00e5 500D PVC (310 g\/m\u00b2) &#8211; Undersida: PE-plast &#8211; Mitten \u00e4r vadderad med EPE-skum med en tjocklek p\u00e5 15 mm och en bredd p\u00e5 300 mm. M\u00e5tt: &#8211; Ytterdiameter: 305 cm &#8211; Innerdiameter: 245 cm &#8211; Skick: Ny och originalf\u00f6rpackad.<\/p>\n","protected":false},"excerpt":{"rendered":"<p>SONGMICS trampolin kantskydd, fj\u00e4der\u00f6verdrag i standardstorlek f\u00f6r 366 cm trampoliner, \u00d8 366 cm, 30 cm bred, UV-best\u00e4ndig, rivfast trampolintillbeh\u00f6r, kantskydd, bl\u00e5 STP12FT<\/p>\n","protected":false},"featured_media":46349,"comment_status":"open","ping_status":"closed","template":"","meta":[],"product_brand":[],"product_cat":[33],"product_tag":[],"class_list":{"0":"post-19437","1":"product","2":"type-product","3":"status-publish","4":"has-post-thumbnail","6":"product_cat-okategoriserad","8":"first","9":"instock","10":"shipping-taxable","11":"purchasable","12":"product-type-simple"},"_links":{"self":[{"href":"https:\/\/nordicmart.andreevmaster.com\/sv\/wp-json\/wp\/v2\/product\/19437","targetHints":{"allow":["GET"]}}],"collection":[{"href":"https:\/\/nordicmart.andreevmaster.com\/sv\/wp-json\/wp\/v2\/product"}],"about":[{"href":"https:\/\/nordicmart.andreevmaster.com\/sv\/wp-json\/wp\/v2\/types\/product"}],"replies":[{"embeddable":true,"href":"https:\/\/nordicmart.andreevmaster.com\/sv\/wp-json\/wp\/v2\/comments?post=19437"}],"wp:featuredmedia":[{"embeddable":true,"href":"https:\/\/nordicmart.andreevmaster.com\/sv\/wp-json\/wp\/v2\/media\/46349"}],"wp:attachment":[{"href":"https:\/\/nordicmart.andreevmaster.com\/sv\/wp-json\/wp\/v2\/media?parent=19437"}],"wp:term":[{"taxonomy":"product_brand","embeddable":true,"href":"https:\/\/nordicmart.andreevmaster.com\/sv\/wp-json\/wp\/v2\/product_brand?post=19437"},{"taxonomy":"product_cat","embeddable":true,"href":"https:\/\/nordicmart.andreevmaster.com\/sv\/wp-json\/wp\/v2\/product_cat?post=19437"},{"taxonomy":"product_tag","embeddable":true,"href":"https:\/\/nordicmart.andreevmaster.com\/sv\/wp-json\/wp\/v2\/product_tag?post=19437"}],"curies":[{"name":"wp","href":"https:\/\/api.w.org\/{rel}","templated":true}]}}