{"id":19434,"date":"2026-02-27T00:44:42","date_gmt":"2026-02-27T00:44:42","guid":{"rendered":"https:\/\/nordicmart.andreevmaster.com\/product\/songmics-kantskydd-for-trampolin-med-o-366-cm\/"},"modified":"2026-02-27T08:32:09","modified_gmt":"2026-02-27T08:32:09","slug":"songmics-kantskydd-for-trampolin-med-o-366-cm","status":"publish","type":"product","link":"https:\/\/nordicmart.andreevmaster.com\/sv\/produkt\/songmics-kantskydd-for-trampolin-med-o-366-cm\/","title":{"rendered":"SONGMICS kantskydd f\u00f6r trampolin med \u00d8 366 cm"},"content":{"rendered":"<p>Extra s\u00e4kerhet Med kantskyddet fr\u00e5n SONGMICS kan du l\u00e5ta dina barn hoppa p\u00e5 trampolinen med sinnesro, eftersom du vet att det tjocka EPE-skummet och det robusta PVC-\u00f6verdraget ger utm\u00e4rkt skydd mot skador. Denna matta \u00e4r utformad f\u00f6r att skydda dig fr\u00e5n sm\u00e4rtsam kontakt med trampolinens fj\u00e4drar och ger extra s\u00e4kerhet. Enkel att montera F\u00f6r att du ska kunna njuta av gl\u00e4djestunderna har vi gjort allt f\u00f6r att g\u00f6ra monteringen enklare och snabbare. Du beh\u00f6ver inte ta bort alla st\u00f6dstolpar och n\u00e4t fr\u00e5n trampolinen f\u00f6r att montera detta kantskydd. L\u00e4gg bara de tv\u00e5 halvcirkelformade delarna p\u00e5 fj\u00e4dern, f\u00e4st kardborrebanden och f\u00e4st remmarna under trampolinen, s\u00e5 \u00e4r du klar! Det \u00e4r s\u00e5 enkelt! Hitta den perfekta storleken Kontrollera trampolinens diameter innan du k\u00f6per s\u00e5 att kantskyddet passar perfekt. Denna produkt fr\u00e5n SONGMICS passar alla trampoliner i standardstorlek. Extra s\u00e4kerhet Med kantskyddet fr\u00e5n SONGMICS kan du l\u00e5ta dina barn hoppa p\u00e5 trampolinen med sinnesro, eftersom du vet att det tjocka EPE-skummet och det robusta PVC-\u00f6verdraget ger utm\u00e4rkt skydd mot skador. Denna matta \u00e4r utformad f\u00f6r att skydda dig fr\u00e5n sm\u00e4rtsam kontakt med trampolinens fj\u00e4drar och ger dig extra s\u00e4kerhet. Enkel att montera F\u00f6r att du ska kunna njuta av gl\u00e4djestunderna har vi gjort allt f\u00f6r att g\u00f6ra monteringen enklare och snabbare. Du beh\u00f6ver inte ta bort alla st\u00f6dstolpar och n\u00e4t fr\u00e5n trampolinen f\u00f6r att montera detta kantskydd. L\u00e4gg bara de tv\u00e5 halvcirkelformade delarna p\u00e5 fj\u00e4dern, f\u00e4st kardborrebanden och f\u00e4st remmarna under trampolinen, s\u00e5 \u00e4r du klar! Det \u00e4r s\u00e5 enkelt! Hitta den perfekta storleken Kontrollera trampolinens diameter innan du k\u00f6per s\u00e5 att kantskyddet passar perfekt. Denna produkt fr\u00e5n SONGMICS passar alla trampoliner i standardstorlek.<\/p>\n","protected":false},"excerpt":{"rendered":"<p>SONGMICS trampolin kantskydd, fj\u00e4derkydd, kantskydd, s\u00e4kerhetsmatta, UV-best\u00e4ndig, rivfast trampolintillbeh\u00f6r, standardstorlek, bl\u00e5<\/p>\n","protected":false},"featured_media":46346,"comment_status":"open","ping_status":"closed","template":"","meta":[],"product_brand":[],"product_cat":[33],"product_tag":[],"class_list":{"0":"post-19434","1":"product","2":"type-product","3":"status-publish","4":"has-post-thumbnail","6":"product_cat-okategoriserad","8":"first","9":"instock","10":"shipping-taxable","11":"purchasable","12":"product-type-simple"},"_links":{"self":[{"href":"https:\/\/nordicmart.andreevmaster.com\/sv\/wp-json\/wp\/v2\/product\/19434","targetHints":{"allow":["GET"]}}],"collection":[{"href":"https:\/\/nordicmart.andreevmaster.com\/sv\/wp-json\/wp\/v2\/product"}],"about":[{"href":"https:\/\/nordicmart.andreevmaster.com\/sv\/wp-json\/wp\/v2\/types\/product"}],"replies":[{"embeddable":true,"href":"https:\/\/nordicmart.andreevmaster.com\/sv\/wp-json\/wp\/v2\/comments?post=19434"}],"wp:featuredmedia":[{"embeddable":true,"href":"https:\/\/nordicmart.andreevmaster.com\/sv\/wp-json\/wp\/v2\/media\/46346"}],"wp:attachment":[{"href":"https:\/\/nordicmart.andreevmaster.com\/sv\/wp-json\/wp\/v2\/media?parent=19434"}],"wp:term":[{"taxonomy":"product_brand","embeddable":true,"href":"https:\/\/nordicmart.andreevmaster.com\/sv\/wp-json\/wp\/v2\/product_brand?post=19434"},{"taxonomy":"product_cat","embeddable":true,"href":"https:\/\/nordicmart.andreevmaster.com\/sv\/wp-json\/wp\/v2\/product_cat?post=19434"},{"taxonomy":"product_tag","embeddable":true,"href":"https:\/\/nordicmart.andreevmaster.com\/sv\/wp-json\/wp\/v2\/product_tag?post=19434"}],"curies":[{"name":"wp","href":"https:\/\/api.w.org\/{rel}","templated":true}]}}