{"id":19429,"date":"2026-02-27T00:44:41","date_gmt":"2026-02-27T00:44:41","guid":{"rendered":"https:\/\/nordicmart.andreevmaster.com\/product\/songmics-sakerhetsnat-for-trampolin-med-diameter-244-cm\/"},"modified":"2026-02-27T08:32:08","modified_gmt":"2026-02-27T08:32:08","slug":"songmics-sakerhetsnat-for-trampolin-med-diameter-244-cm","status":"publish","type":"product","link":"https:\/\/nordicmart.andreevmaster.com\/sv\/produkt\/songmics-sakerhetsnat-for-trampolin-med-diameter-244-cm\/","title":{"rendered":"SONGMICS s\u00e4kerhetsn\u00e4t f\u00f6r trampolin med diameter 244 cm"},"content":{"rendered":"<p>N\u00e4r det \u00e4r dags att byta ut s\u00e4kerhetsn\u00e4tet p\u00e5 din studsmatta m\u00e5ste du v\u00e4lja ett produkt fr\u00e5n ett m\u00e4rke som du kan lita p\u00e5. Studsmattans n\u00e4t fr\u00e5n SONGMICS \u00e4r tillverkat av h\u00f6gkvalitativa material och har en utm\u00e4rkt finish: Du kan lita p\u00e5 det! S\u00e4kerhet har h\u00f6gsta prioritet hos oss S\u00e4kerhet b\u00f6rjar med produktens kvalitet. Ers\u00e4ttningsn\u00e4tet f\u00f6r trampoliner \u00e4r tillverkat av 120 g\/m\u00b2 robust PE-n\u00e4tmaterial och ger dig och dina barn ett helt\u00e4ckande skydd n\u00e4r ni hoppar p\u00e5 trampolinen. Dessutom skyddar h\u00f6ljet av slitstarkt PE-material trampolinens st\u00e4nger p\u00e5 ett utm\u00e4rkt s\u00e4tt. Passar s\u00e4kerhetsn\u00e4tet till din studsmatta? F\u00f6r att hitta ett passande s\u00e4kerhetsn\u00e4t till din studsmatta, kontrollera noggrant detaljerna f\u00f6r detta skyddsn\u00e4t och se till att n\u00e4tet passar exakt till m\u00e5tten p\u00e5 din studsmatta. Obs: Detta ers\u00e4ttningsn\u00e4t passar studsmattor med en diameter p\u00e5 244 cm och 6 st\u00e4nger. Produktdetaljer:- F\u00e4rg: Svart &#8211; Material: 120 g\/m\u00b2 PE-n\u00e4t, PE-skydds\u00f6verdrag f\u00f6r st\u00e4ngerna &#8211; M\u00e5tt: Diameter 244 cm, 1,93 cm h\u00f6g, 6 skydds\u00f6verdrag f\u00f6r st\u00e4ngerna &#8211; Vikt: 2,2 kg Leveransomfattning: &#8211; 1 x s\u00e4kerhetsn\u00e4t SONGMICS Anm\u00e4rkningar:- Trampolinen som visas p\u00e5 bilderna ing\u00e5r inte i leveransen. &#8211; Byt ut s\u00e4kerhetsn\u00e4tet i god tid av s\u00e4kerhetssk\u00e4l, senast n\u00e4r det \u00e4r skadat. &#8211; H\u00e4ng inte i s\u00e4kerhetsn\u00e4tet och dra inte i det. &#8211; Produkten \u00e4r inte l\u00e4mplig f\u00f6r barn under 3 \u00e5r. &#8211; Produkten \u00e4r endast avsedd f\u00f6r hemmabruk.<\/p>\n","protected":false},"excerpt":{"rendered":"<p>SONGMICS s\u00e4kerhetsn\u00e4t f\u00f6r studsmattor, f\u00f6r runda studsmattor med \u00d8 305 cm, ers\u00e4ttningsn\u00e4t f\u00f6r 8 raka st\u00e4nger, skyddsn\u00e4t f\u00f6r tr\u00e4dg\u00e5rdsstudsmattor, svart STN10FT<\/p>\n","protected":false},"featured_media":46341,"comment_status":"open","ping_status":"closed","template":"","meta":[],"product_brand":[],"product_cat":[33],"product_tag":[],"class_list":{"0":"post-19429","1":"product","2":"type-product","3":"status-publish","4":"has-post-thumbnail","6":"product_cat-okategoriserad","8":"first","9":"instock","10":"shipping-taxable","11":"purchasable","12":"product-type-simple"},"_links":{"self":[{"href":"https:\/\/nordicmart.andreevmaster.com\/sv\/wp-json\/wp\/v2\/product\/19429","targetHints":{"allow":["GET"]}}],"collection":[{"href":"https:\/\/nordicmart.andreevmaster.com\/sv\/wp-json\/wp\/v2\/product"}],"about":[{"href":"https:\/\/nordicmart.andreevmaster.com\/sv\/wp-json\/wp\/v2\/types\/product"}],"replies":[{"embeddable":true,"href":"https:\/\/nordicmart.andreevmaster.com\/sv\/wp-json\/wp\/v2\/comments?post=19429"}],"wp:featuredmedia":[{"embeddable":true,"href":"https:\/\/nordicmart.andreevmaster.com\/sv\/wp-json\/wp\/v2\/media\/46341"}],"wp:attachment":[{"href":"https:\/\/nordicmart.andreevmaster.com\/sv\/wp-json\/wp\/v2\/media?parent=19429"}],"wp:term":[{"taxonomy":"product_brand","embeddable":true,"href":"https:\/\/nordicmart.andreevmaster.com\/sv\/wp-json\/wp\/v2\/product_brand?post=19429"},{"taxonomy":"product_cat","embeddable":true,"href":"https:\/\/nordicmart.andreevmaster.com\/sv\/wp-json\/wp\/v2\/product_cat?post=19429"},{"taxonomy":"product_tag","embeddable":true,"href":"https:\/\/nordicmart.andreevmaster.com\/sv\/wp-json\/wp\/v2\/product_tag?post=19429"}],"curies":[{"name":"wp","href":"https:\/\/api.w.org\/{rel}","templated":true}]}}