{"id":19428,"date":"2026-02-27T00:44:40","date_gmt":"2026-02-27T00:44:40","guid":{"rendered":"https:\/\/nordicmart.andreevmaster.com\/product\/songmics-sakerhetsnat-for-trampolin-o-366-cm\/"},"modified":"2026-02-27T08:32:08","modified_gmt":"2026-02-27T08:32:08","slug":"songmics-sakerhetsnat-for-trampolin-o-366-cm","status":"publish","type":"product","link":"https:\/\/nordicmart.andreevmaster.com\/sv\/produkt\/songmics-sakerhetsnat-for-trampolin-o-366-cm\/","title":{"rendered":"SONGMICS s\u00e4kerhetsn\u00e4t f\u00f6r trampolin \u00d8 366 cm"},"content":{"rendered":"<p>F\u00f6rdelarna med detta parasoll: Tyget p\u00e5 180 g\/m\u00b2 erbjuder ett h\u00f6gt UV-skydd p\u00e5 UPF 50+ En lutningsmekanism i h\u00f6gkvalitativ metalllegering t\u00e5l daglig anv\u00e4ndning Den f\u00f6rtjockade metallmasten erbjuder h\u00e5llbar robusthet och ger en modern touch till din utomhusmilj\u00f6 8 f\u00f6rtjockade rektangul\u00e4ra ribbor f\u00f6r \u00f6kad stabilitet T\u00e4ltduken \u00e4r l\u00e4tt att \u00f6ppna och st\u00e4nga med veven F\u00f6r montering s\u00e4tter du bara ihop de tv\u00e5 delarna av masten och skruvar fast dem. En ventilations\u00f6ppning p\u00e5 ovansidan g\u00f6r parasollen mer stabil vid l\u00e4tt vind. Egenskaper: F\u00e4rg: beige Material: Metallmast, duk i polyester 180 g\/m\u00b2 Dukens diameter: 2,7 m H\u00f6jd: 2,4 m Vikt: 6,2 kg Leverans: 1 x parasoll 1 x bruksanvisning (FR, EN, DE, ES, IT) F\u00f6rsiktighets\u00e5tg\u00e4rder fr\u00e5n SONGMICS: Sockeln ing\u00e5r inte.\u00d6ppna inte parasollen med v\u00e5ld. Justera tygets lutning l\u00e5ngsamt. St\u00e4ng parasollen p\u00e5 natten, vid vind eller regn f\u00f6r att undvika skador. F\u00f6r att f\u00f6rl\u00e4nga produktens livsl\u00e4ngd rekommenderas att den f\u00f6rvaras i ett skydds\u00f6verdrag (ing\u00e5r ej).<\/p>\n","protected":false},"excerpt":{"rendered":"<p>SONGMICS s\u00e4kerhetsn\u00e4t f\u00f6r studsmattor, f\u00f6r runda studsmattor med \u00d8 305 cm, ers\u00e4ttningsn\u00e4t f\u00f6r 8 raka st\u00e4nger, skyddsn\u00e4t f\u00f6r tr\u00e4dg\u00e5rdsstudsmattor, svart STN10FT<\/p>\n","protected":false},"featured_media":46340,"comment_status":"open","ping_status":"closed","template":"","meta":[],"product_brand":[],"product_cat":[33],"product_tag":[],"class_list":{"0":"post-19428","1":"product","2":"type-product","3":"status-publish","4":"has-post-thumbnail","6":"product_cat-okategoriserad","8":"first","9":"instock","10":"shipping-taxable","11":"purchasable","12":"product-type-simple"},"_links":{"self":[{"href":"https:\/\/nordicmart.andreevmaster.com\/sv\/wp-json\/wp\/v2\/product\/19428","targetHints":{"allow":["GET"]}}],"collection":[{"href":"https:\/\/nordicmart.andreevmaster.com\/sv\/wp-json\/wp\/v2\/product"}],"about":[{"href":"https:\/\/nordicmart.andreevmaster.com\/sv\/wp-json\/wp\/v2\/types\/product"}],"replies":[{"embeddable":true,"href":"https:\/\/nordicmart.andreevmaster.com\/sv\/wp-json\/wp\/v2\/comments?post=19428"}],"wp:featuredmedia":[{"embeddable":true,"href":"https:\/\/nordicmart.andreevmaster.com\/sv\/wp-json\/wp\/v2\/media\/46340"}],"wp:attachment":[{"href":"https:\/\/nordicmart.andreevmaster.com\/sv\/wp-json\/wp\/v2\/media?parent=19428"}],"wp:term":[{"taxonomy":"product_brand","embeddable":true,"href":"https:\/\/nordicmart.andreevmaster.com\/sv\/wp-json\/wp\/v2\/product_brand?post=19428"},{"taxonomy":"product_cat","embeddable":true,"href":"https:\/\/nordicmart.andreevmaster.com\/sv\/wp-json\/wp\/v2\/product_cat?post=19428"},{"taxonomy":"product_tag","embeddable":true,"href":"https:\/\/nordicmart.andreevmaster.com\/sv\/wp-json\/wp\/v2\/product_tag?post=19428"}],"curies":[{"name":"wp","href":"https:\/\/api.w.org\/{rel}","templated":true}]}}