{"id":19415,"date":"2026-02-27T00:44:37","date_gmt":"2026-02-27T00:44:37","guid":{"rendered":"https:\/\/nordicmart.andreevmaster.com\/product\/songmics-steppbrada-for-aerobics\/"},"modified":"2026-02-27T08:32:05","modified_gmt":"2026-02-27T08:32:05","slug":"songmics-steppbrada-for-aerobics","status":"publish","type":"product","link":"https:\/\/nordicmart.andreevmaster.com\/sv\/produkt\/songmics-steppbrada-for-aerobics\/","title":{"rendered":"SONGMICS Steppbr\u00e4da f\u00f6r aerobics"},"content":{"rendered":"<p>F\u00e5 ut det mesta av din tr\u00e4ning hemma och din knappa tid! Tack vare h\u00e5llbart material och robust konstruktion kan denna steppbr\u00e4da tj\u00e4na dig i m\u00e5nga \u00e5r. Monteringen \u00e4r enkel \u2013 stapla bara st\u00f6dblocken och du \u00e4r klar. Oavsett om du \u00e4r p\u00e5 gymmet, hemma eller p\u00e5 kontoret kan denna stepper enkelt tas med \u00f6verallt.H\u00f6jdpunkterna med denna stepbr\u00e4da: L\u00e4tt att transportera och reng\u00f6ra Halkfri non-stick-yta Klarar upp till 100 kg Stor yta f\u00f6r intensiv och utmanande konditionstr\u00e4ning Hj\u00e4lper dig att f\u00f6rb\u00e4ttra din kondition hemma, p\u00e5 kontoret eller utomhus Halkskyddande dynor ger stabilitet och skyddar ditt golv mot repor Produktdetaljer:F\u00e4rg: Svart-turkosbl\u00e5tt Material: PP-plast, TPE-gummikuddar Storlek: 68 x 27 x (10\/15\/20) cm (L x B x H) Storlek p\u00e5 st\u00f6dblocket: 28 x 11,5 cm (L x B)M\u00e5tt p\u00e5 motst\u00e5ndsbandet: 600 (omkrets) x 50 (bredd) x 0,65 mm (tjocklek)Vikt: 3,5 kgMax. statisk belastningskapacitet: 100 kgLeveransomfattning:1 x stepbr\u00e4da4 x st\u00f6dblock1 x motst\u00e5ndsbandSONGMICS Anvisningar:Anv\u00e4nd produkten p\u00e5 ett plant och torrt underlag, aldrig p\u00e5 ett halt underlag med vatten- eller oljefl\u00e4ckar, f\u00f6r att undvika skador genom att halka. H\u00e5ll barn och husdjur borta fr\u00e5n produkten.<\/p>\n","protected":false},"excerpt":{"rendered":"<p>SONGMICS Steppbr\u00e4da f\u00f6r aerobics, stepper med motst\u00e5ndsband, h\u00f6jdjusterbar (10\/15\/20 cm) plattform, 68 x 27 cm Stepbench f\u00f6r fitness, tr\u00e4ning hemma och p\u00e5 kontoret, svart-gr\u00e5 STE684G01<\/p>\n","protected":false},"featured_media":46328,"comment_status":"open","ping_status":"closed","template":"","meta":[],"product_brand":[],"product_cat":[33],"product_tag":[],"class_list":{"0":"post-19415","1":"product","2":"type-product","3":"status-publish","4":"has-post-thumbnail","6":"product_cat-okategoriserad","8":"first","9":"instock","10":"shipping-taxable","11":"purchasable","12":"product-type-simple"},"_links":{"self":[{"href":"https:\/\/nordicmart.andreevmaster.com\/sv\/wp-json\/wp\/v2\/product\/19415","targetHints":{"allow":["GET"]}}],"collection":[{"href":"https:\/\/nordicmart.andreevmaster.com\/sv\/wp-json\/wp\/v2\/product"}],"about":[{"href":"https:\/\/nordicmart.andreevmaster.com\/sv\/wp-json\/wp\/v2\/types\/product"}],"replies":[{"embeddable":true,"href":"https:\/\/nordicmart.andreevmaster.com\/sv\/wp-json\/wp\/v2\/comments?post=19415"}],"wp:featuredmedia":[{"embeddable":true,"href":"https:\/\/nordicmart.andreevmaster.com\/sv\/wp-json\/wp\/v2\/media\/46328"}],"wp:attachment":[{"href":"https:\/\/nordicmart.andreevmaster.com\/sv\/wp-json\/wp\/v2\/media?parent=19415"}],"wp:term":[{"taxonomy":"product_brand","embeddable":true,"href":"https:\/\/nordicmart.andreevmaster.com\/sv\/wp-json\/wp\/v2\/product_brand?post=19415"},{"taxonomy":"product_cat","embeddable":true,"href":"https:\/\/nordicmart.andreevmaster.com\/sv\/wp-json\/wp\/v2\/product_cat?post=19415"},{"taxonomy":"product_tag","embeddable":true,"href":"https:\/\/nordicmart.andreevmaster.com\/sv\/wp-json\/wp\/v2\/product_tag?post=19415"}],"curies":[{"name":"wp","href":"https:\/\/api.w.org\/{rel}","templated":true}]}}