{"id":19414,"date":"2026-02-27T00:44:36","date_gmt":"2026-02-27T00:44:36","guid":{"rendered":"https:\/\/nordicmart.andreevmaster.com\/product\/songmics-stepbrada-for-aerobics-svart-gra\/"},"modified":"2026-02-27T08:32:05","modified_gmt":"2026-02-27T08:32:05","slug":"songmics-stepbrada-for-aerobics-svart-gra","status":"publish","type":"product","link":"https:\/\/nordicmart.andreevmaster.com\/sv\/produkt\/songmics-stepbrada-for-aerobics-svart-gra\/","title":{"rendered":"SONGMICS stepbr\u00e4da f\u00f6r aerobics svart-gr\u00e5"},"content":{"rendered":"<p>F\u00e5 ut mer av dina hemmatr\u00e4ningar och din begr\u00e4nsade tid! Denna aerobicssteg har en h\u00e5llbar konstruktion och material som \u00e4r byggda f\u00f6r att h\u00e5lla i m\u00e5nga \u00e5r. Enkel montering kr\u00e4vs, allt du beh\u00f6ver g\u00f6ra \u00e4r att stapla ihop den och du \u00e4r redo att tr\u00e4na! Oavsett om det \u00e4r p\u00e5 gymmet, hemma eller p\u00e5 kontoret, s\u00e5 garanterar dess l\u00e4tta vikt att du kan b\u00e4ra den fr\u00e5n plats till plats. H\u00f6jdpunkter f\u00f6r denna fitnessstegpall: &#8211; L\u00e4tt att transportera, b\u00e4ra och reng\u00f6ra. &#8211; St\u00f6td\u00e4mpande, non-stick och halkfri yta. &#8211; Den \u00e4r konstruerad f\u00f6r att t\u00e5la vikter upp till 100 kg. &#8211; En stor yta f\u00f6r att utf\u00f6ra intensiv konditionstr\u00e4ning.- Hj\u00e4lper dig att f\u00f6rb\u00e4ttra din kondition oavsett om du \u00e4r hemma, p\u00e5 kontoret eller utomhus.- De halkfria fotplattorna f\u00f6rhindrar att den glider eller l\u00e4mnar repor p\u00e5 golvet. Specifikationer: &#8211; F\u00e4rg: svart, gr\u00e5 &#8211; Material: PP-plast, TPE-gummikuddar &#8211; Produktstorlek: 68 x 27 x (10\/15\/20) cm (L x B x H) &#8211; St\u00e4llningsstorlek: 28 x 11,5 cm (L x B) &#8211; Motst\u00e5ndsbandets storlek: 600 (omkrets) x 50 (bredd) x 0,65 mm (tjocklek) &#8211; Produktvikt: 3,5 kg &#8211; Max. statisk belastningskapacitet: 100 kg -H\u00e5ll barn och husdjur borta fr\u00e5n produkten. F\u00f6rpackningens inneh\u00e5ll: &#8211; 1 x aerobicsstegbr\u00e4da &#8211; 4 x stigare &#8211; 1 x motst\u00e5ndsband SONGMICS Anm\u00e4rkningar: &#8211; Anv\u00e4nd den p\u00e5 en j\u00e4mn, torr yta. Anv\u00e4nd den inte p\u00e5 en hal yta med vatten- eller oljefl\u00e4ckar f\u00f6r att undvika skador orsakade av halkning.<\/p>\n","protected":false},"excerpt":{"rendered":"<p>SONGMICS Steppbr\u00e4da f\u00f6r aerobics, stepper med motst\u00e5ndsband, h\u00f6jdjusterbar (10\/15\/20 cm) plattform, 68 x 27 cm Stepbench f\u00f6r fitness, tr\u00e4ning hemma och p\u00e5 kontoret, svart-gr\u00e5 STE684G01<\/p>\n","protected":false},"featured_media":46327,"comment_status":"open","ping_status":"closed","template":"","meta":[],"product_brand":[],"product_cat":[33],"product_tag":[],"class_list":{"0":"post-19414","1":"product","2":"type-product","3":"status-publish","4":"has-post-thumbnail","6":"product_cat-okategoriserad","8":"first","9":"instock","10":"shipping-taxable","11":"purchasable","12":"product-type-simple"},"_links":{"self":[{"href":"https:\/\/nordicmart.andreevmaster.com\/sv\/wp-json\/wp\/v2\/product\/19414","targetHints":{"allow":["GET"]}}],"collection":[{"href":"https:\/\/nordicmart.andreevmaster.com\/sv\/wp-json\/wp\/v2\/product"}],"about":[{"href":"https:\/\/nordicmart.andreevmaster.com\/sv\/wp-json\/wp\/v2\/types\/product"}],"replies":[{"embeddable":true,"href":"https:\/\/nordicmart.andreevmaster.com\/sv\/wp-json\/wp\/v2\/comments?post=19414"}],"wp:featuredmedia":[{"embeddable":true,"href":"https:\/\/nordicmart.andreevmaster.com\/sv\/wp-json\/wp\/v2\/media\/46327"}],"wp:attachment":[{"href":"https:\/\/nordicmart.andreevmaster.com\/sv\/wp-json\/wp\/v2\/media?parent=19414"}],"wp:term":[{"taxonomy":"product_brand","embeddable":true,"href":"https:\/\/nordicmart.andreevmaster.com\/sv\/wp-json\/wp\/v2\/product_brand?post=19414"},{"taxonomy":"product_cat","embeddable":true,"href":"https:\/\/nordicmart.andreevmaster.com\/sv\/wp-json\/wp\/v2\/product_cat?post=19414"},{"taxonomy":"product_tag","embeddable":true,"href":"https:\/\/nordicmart.andreevmaster.com\/sv\/wp-json\/wp\/v2\/product_tag?post=19414"}],"curies":[{"name":"wp","href":"https:\/\/api.w.org\/{rel}","templated":true}]}}