{"id":19411,"date":"2026-02-27T00:44:35","date_gmt":"2026-02-27T00:44:35","guid":{"rendered":"https:\/\/nordicmart.andreevmaster.com\/product\/songmics-skydd-for-trampolin-med-o-305-cm\/"},"modified":"2026-02-27T08:32:04","modified_gmt":"2026-02-27T08:32:04","slug":"songmics-skydd-for-trampolin-med-o-305-cm","status":"publish","type":"product","link":"https:\/\/nordicmart.andreevmaster.com\/sv\/produkt\/songmics-skydd-for-trampolin-med-o-305-cm\/","title":{"rendered":"SONGMICS skydd f\u00f6r trampolin med \u00d8 305 cm"},"content":{"rendered":"<p>Denna presenning h\u00e5ller din studsmatta i gott skick \u00e4ven vid d\u00e5liga v\u00e4derf\u00f6rh\u00e5llanden och f\u00f6rl\u00e4nger dess livsl\u00e4ngd! H\u00f6jdpunkterna med denna studsmatta\u00f6verdrag: &#8211; Med vattenavrinningsh\u00e5l: H\u00e5l i mitten av \u00f6verdraget g\u00f6r att ackumulerat regnvatten kan rinna av. &#8211; Snabb montering: De elastiska banden och krokarna hj\u00e4lper dig att enkelt f\u00e4sta \u00f6verdraget. N\u00e4r du vill hoppa p\u00e5 trampolinen kan du ta bort presenningen igen. &#8211; Bra skydd: Tillverkad av robust PE-material, denna presenning skyddar din trampolin under olika \u00e5rstider och skyddar den mot UV-str\u00e5lar, pollen, l\u00f6v, sn\u00f6 etc. &#8211; Viktig information: Observera att detta skydd endast \u00e4r l\u00e4mpligt f\u00f6r en rund trampolin. M\u00e4t din studsmatta innan du best\u00e4ller och kontrollera att presenningen passar. Produktdetaljer: &#8211; F\u00e4rg: svart &#8211; Material: PE (polyeten) &#8211; Storlek: \u00d8 326 cm &#8211; Vikt: 1,2 kg Leveransomfattning: &#8211; 1 x studsmatta\u00f6verdrag SONGMICS Anm\u00e4rkningar:- Ol\u00e4mplig f\u00f6r barn under 3 \u00e5r. &#8211; Endast avsedd f\u00f6r personligt bruk. &#8211; M\u00e4t storleken p\u00e5 din studsmatta innan du k\u00f6per och kontrollera att skyddet passar. Endast f\u00f6r studsmattor med en diameter p\u00e5 305 cm.<\/p>\n","protected":false},"excerpt":{"rendered":"<p>SONGMICS skydd f\u00f6r trampolin med \u00d8 305 cm, presenning, med vattenavrinningsh\u00e5l, v\u00e4derskyddspresenning, skydd mot sol, l\u00f6v, sn\u00f6 och smuts, elastiska band och krokar, svart STC010B01<\/p>\n","protected":false},"featured_media":46324,"comment_status":"open","ping_status":"closed","template":"","meta":[],"product_brand":[],"product_cat":[33],"product_tag":[],"class_list":{"0":"post-19411","1":"product","2":"type-product","3":"status-publish","4":"has-post-thumbnail","6":"product_cat-okategoriserad","8":"first","9":"instock","10":"shipping-taxable","11":"purchasable","12":"product-type-simple"},"_links":{"self":[{"href":"https:\/\/nordicmart.andreevmaster.com\/sv\/wp-json\/wp\/v2\/product\/19411","targetHints":{"allow":["GET"]}}],"collection":[{"href":"https:\/\/nordicmart.andreevmaster.com\/sv\/wp-json\/wp\/v2\/product"}],"about":[{"href":"https:\/\/nordicmart.andreevmaster.com\/sv\/wp-json\/wp\/v2\/types\/product"}],"replies":[{"embeddable":true,"href":"https:\/\/nordicmart.andreevmaster.com\/sv\/wp-json\/wp\/v2\/comments?post=19411"}],"wp:featuredmedia":[{"embeddable":true,"href":"https:\/\/nordicmart.andreevmaster.com\/sv\/wp-json\/wp\/v2\/media\/46324"}],"wp:attachment":[{"href":"https:\/\/nordicmart.andreevmaster.com\/sv\/wp-json\/wp\/v2\/media?parent=19411"}],"wp:term":[{"taxonomy":"product_brand","embeddable":true,"href":"https:\/\/nordicmart.andreevmaster.com\/sv\/wp-json\/wp\/v2\/product_brand?post=19411"},{"taxonomy":"product_cat","embeddable":true,"href":"https:\/\/nordicmart.andreevmaster.com\/sv\/wp-json\/wp\/v2\/product_cat?post=19411"},{"taxonomy":"product_tag","embeddable":true,"href":"https:\/\/nordicmart.andreevmaster.com\/sv\/wp-json\/wp\/v2\/product_tag?post=19411"}],"curies":[{"name":"wp","href":"https:\/\/api.w.org\/{rel}","templated":true}]}}