{"id":19408,"date":"2026-02-27T00:44:35","date_gmt":"2026-02-27T00:44:35","guid":{"rendered":"https:\/\/nordicmart.andreevmaster.com\/product\/songmics-trampolin-o-366-cm-hoppduk\/"},"modified":"2026-02-27T08:32:03","modified_gmt":"2026-02-27T08:32:03","slug":"songmics-trampolin-o-366-cm-hoppduk","status":"publish","type":"product","link":"https:\/\/nordicmart.andreevmaster.com\/sv\/produkt\/songmics-trampolin-o-366-cm-hoppduk\/","title":{"rendered":"SONGMICS trampolin \u00d8 366 cm hoppduk"},"content":{"rendered":"<p>Produktdetaljer: F\u00e4rg: Svart Material: 265 g\/m\u00b2 PP-plast (polypropen), galvaniserat j\u00e4rn Storlek: \u00d8 202 cm Vikt: 2,5 kg Max. statisk belastningskapacitet: 150 kg Leveransomfattning: 1 x trampolinduk SONGMICS Anm\u00e4rkningar: Barn under 3 \u00e5r f\u00e5r inte anv\u00e4nda denna produkt. \u00c4ldre barn b\u00f6r endast anv\u00e4nda den under uppsikt av en vuxen. Endast avsedd f\u00f6r privat bruk. M\u00e4t f\u00f6rst diametern p\u00e5 din trampolin och kontrollera antalet och l\u00e4ngden p\u00e5 fj\u00e4drarna innan du best\u00e4ller denna produkt.<\/p>\n","protected":false},"excerpt":{"rendered":"<p>SONGMICS studsmadrass f\u00f6r studsmattor, studsmadrass med diameter 202 cm, f\u00f6r runda studsmattor med \u00d8 244 cm, med 42 \u00f6glor f\u00f6r 13,5-14 cm l\u00e5nga fj\u00e4drar, studsmattstillbeh\u00f6r, svart STB8BK<\/p>\n","protected":false},"featured_media":46321,"comment_status":"open","ping_status":"closed","template":"","meta":[],"product_brand":[],"product_cat":[33],"product_tag":[],"class_list":{"0":"post-19408","1":"product","2":"type-product","3":"status-publish","4":"has-post-thumbnail","6":"product_cat-okategoriserad","8":"first","9":"instock","10":"shipping-taxable","11":"purchasable","12":"product-type-simple"},"_links":{"self":[{"href":"https:\/\/nordicmart.andreevmaster.com\/sv\/wp-json\/wp\/v2\/product\/19408","targetHints":{"allow":["GET"]}}],"collection":[{"href":"https:\/\/nordicmart.andreevmaster.com\/sv\/wp-json\/wp\/v2\/product"}],"about":[{"href":"https:\/\/nordicmart.andreevmaster.com\/sv\/wp-json\/wp\/v2\/types\/product"}],"replies":[{"embeddable":true,"href":"https:\/\/nordicmart.andreevmaster.com\/sv\/wp-json\/wp\/v2\/comments?post=19408"}],"wp:featuredmedia":[{"embeddable":true,"href":"https:\/\/nordicmart.andreevmaster.com\/sv\/wp-json\/wp\/v2\/media\/46321"}],"wp:attachment":[{"href":"https:\/\/nordicmart.andreevmaster.com\/sv\/wp-json\/wp\/v2\/media?parent=19408"}],"wp:term":[{"taxonomy":"product_brand","embeddable":true,"href":"https:\/\/nordicmart.andreevmaster.com\/sv\/wp-json\/wp\/v2\/product_brand?post=19408"},{"taxonomy":"product_cat","embeddable":true,"href":"https:\/\/nordicmart.andreevmaster.com\/sv\/wp-json\/wp\/v2\/product_cat?post=19408"},{"taxonomy":"product_tag","embeddable":true,"href":"https:\/\/nordicmart.andreevmaster.com\/sv\/wp-json\/wp\/v2\/product_tag?post=19408"}],"curies":[{"name":"wp","href":"https:\/\/api.w.org\/{rel}","templated":true}]}}