{"id":19403,"date":"2026-02-27T00:44:33","date_gmt":"2026-02-27T00:44:33","guid":{"rendered":"https:\/\/nordicmart.andreevmaster.com\/product\/shining-star-sangkladesset-med-fyllning-storlek-m\/"},"modified":"2026-02-27T08:32:02","modified_gmt":"2026-02-27T08:32:02","slug":"shining-star-sangkladesset-med-fyllning-storlek-m","status":"publish","type":"product","link":"https:\/\/nordicmart.andreevmaster.com\/sv\/produkt\/shining-star-sangkladesset-med-fyllning-storlek-m\/","title":{"rendered":"Shining Star s\u00e4ngkl\u00e4desset med fyllning storlek M"},"content":{"rendered":"<p>Ett vackert och delikat s\u00e4ngkl\u00e4desset som passar b\u00e5de pojkar och flickor. Den sista touchen ger den silverf\u00e4rgade kantbandet som vi har lagt till p\u00e5 t\u00e4cket och kudden. <\/p>\n<p>S\u00e4ngkl\u00e4derna \u00e4r l\u00e4tta, fina och absorberar inte fukt tack vare sin allergiv\u00e4nliga silikonfiberfyllning. De h\u00f6gkvalitativa \u00f6verdraget av certifierad bomull \u00e4r andningsbara och garanterar en sk\u00f6n s\u00f6mn f\u00f6r ditt barn.<\/p>\n<p>S\u00e4ngkl\u00e4derna, inklusive fyllningen, kan tv\u00e4ttas i maskin, vilket g\u00f6r dem praktiska och hygieniska. <\/p>\n<p>**Detaljer:**<br \/>\n&#8211; designat och tillverkat i Polen<br \/>\n&#8211; tryckta element bleknar inte (\u00e4ven efter upprepade tv\u00e4ttar)<br \/>\n&#8211; originella stj\u00e4rnm\u00f6nster p\u00e5 b\u00e5da sidor av \u00f6verdraget<br \/>\n&#8211; 100 % bomull med en tr\u00e5dtjocklek p\u00e5 150 g\/m2 och Oeko-Tex Standard 100 IW00034-certifikat; allergiv\u00e4nlig 200 g\/m2 silikonfiber<br \/>\n&#8211; tv\u00e4ttemperatur: 30 \u00b0C<\/p>\n<p>**Storlek:**<br \/>\nKudde: 40 x 60 cm<br \/>\nT\u00e4cke: 100 x 135 cm<br \/>\nF\u00f6r sm\u00e5 barn (0\u20135 \u00e5r):<\/p>\n<p>**Rekommenderas till detta set:** Tillbeh\u00f6r till detta s\u00e4ngkl\u00e4desset: \u2022 pik\u00e9t\u00e4ckt\u00e4cke med stj\u00e4rnm\u00f6nster i en av tv\u00e5 tillg\u00e4ngliga f\u00e4rger: kr\u00e4mvit eller delikat gr\u00e5 \u2022 lakan med stj\u00e4rnor eller diagonala r\u00e4nder<\/p>\n","protected":false},"excerpt":{"rendered":"<p>Ett vackert och delikat s\u00e4ngkl\u00e4desset som passar b\u00e5de pojkar och flickor. Den sista touchen ger den silverf\u00e4rgade kantbandet som vi har lagt till p\u00e5 t\u00e4cket och kudden. S\u00e4ngkl\u00e4derna \u00e4r l\u00e4tta, fina och absorberar inte fukt tack vare sin allergiv\u00e4nliga silikonfiberfyllning. De h\u00f6gkvalitativa \u00f6verdraget av certifierad bomull \u00e4r andningsbara och garanterar en sk\u00f6n s\u00f6mn f\u00f6r ditt [&hellip;]<\/p>\n","protected":false},"featured_media":0,"comment_status":"open","ping_status":"closed","template":"","meta":[],"product_brand":[],"product_cat":[33],"product_tag":[],"class_list":{"0":"post-19403","1":"product","2":"type-product","3":"status-publish","5":"product_cat-okategoriserad","7":"first","8":"instock","9":"shipping-taxable","10":"purchasable","11":"product-type-simple"},"_links":{"self":[{"href":"https:\/\/nordicmart.andreevmaster.com\/sv\/wp-json\/wp\/v2\/product\/19403","targetHints":{"allow":["GET"]}}],"collection":[{"href":"https:\/\/nordicmart.andreevmaster.com\/sv\/wp-json\/wp\/v2\/product"}],"about":[{"href":"https:\/\/nordicmart.andreevmaster.com\/sv\/wp-json\/wp\/v2\/types\/product"}],"replies":[{"embeddable":true,"href":"https:\/\/nordicmart.andreevmaster.com\/sv\/wp-json\/wp\/v2\/comments?post=19403"}],"wp:attachment":[{"href":"https:\/\/nordicmart.andreevmaster.com\/sv\/wp-json\/wp\/v2\/media?parent=19403"}],"wp:term":[{"taxonomy":"product_brand","embeddable":true,"href":"https:\/\/nordicmart.andreevmaster.com\/sv\/wp-json\/wp\/v2\/product_brand?post=19403"},{"taxonomy":"product_cat","embeddable":true,"href":"https:\/\/nordicmart.andreevmaster.com\/sv\/wp-json\/wp\/v2\/product_cat?post=19403"},{"taxonomy":"product_tag","embeddable":true,"href":"https:\/\/nordicmart.andreevmaster.com\/sv\/wp-json\/wp\/v2\/product_tag?post=19403"}],"curies":[{"name":"wp","href":"https:\/\/api.w.org\/{rel}","templated":true}]}}