{"id":19402,"date":"2026-02-27T00:44:32","date_gmt":"2026-02-27T00:44:32","guid":{"rendered":"https:\/\/nordicmart.andreevmaster.com\/product\/dekorativ-kudde-med-lysande-stjarna\/"},"modified":"2026-02-27T08:32:02","modified_gmt":"2026-02-27T08:32:02","slug":"dekorativ-kudde-med-lysande-stjarna","status":"publish","type":"product","link":"https:\/\/nordicmart.andreevmaster.com\/sv\/produkt\/dekorativ-kudde-med-lysande-stjarna\/","title":{"rendered":"Dekorativ kudde med lysande stj\u00e4rna"},"content":{"rendered":"<p>Dekorativ stj\u00e4rnkudde Shining star:<\/p>\n<p>&#8211; den r\u00e5a sk\u00e4rningen ger kudden en naturlig stil<br \/>\n&#8211; den kommer att pryda varje barns rum<br \/>\n&#8211; mycket bra l\u00f6sning f\u00f6r andra interi\u00f6rer, t.ex. vardagsrum eller f\u00f6r\u00e4ldrarnas sovrum<br \/>\n&#8211; mycket mjuk och sk\u00f6n att ta p\u00e5. **Detaljer:**<br \/>\n&#8211; designad och tillverkad i Polen<br \/>\n&#8211; tryckta element bleknar inte (\u00e4ven efter upprepade tv\u00e4ttar)<br \/>\n&#8211; 100 % bomull med en tr\u00e5dvikt p\u00e5 150 g\/m2 och ett Oeko-Tex Standard 100 IW 00034<br \/>\n&#8211; certifikat; allergiv\u00e4nlig 200 g\/m2 silikonfiber<br \/>\n&#8211; tv\u00e4ttemperatur: 30 \u00b0C **Storlek**: fi 50<\/p>\n","protected":false},"excerpt":{"rendered":"<p>Dekorativ stj\u00e4rnkudde Shining star: &#8211; den r\u00e5a sk\u00e4rningen ger kudden en naturlig stil &#8211; den kommer att pryda varje barns rum &#8211; mycket bra l\u00f6sning f\u00f6r andra interi\u00f6rer, t.ex. vardagsrum eller f\u00f6r\u00e4ldrarnas sovrum &#8211; mycket mjuk och sk\u00f6n att ta p\u00e5. **Detaljer:** &#8211; designad och tillverkad i Polen &#8211; tryckta element bleknar inte (\u00e4ven efter [&hellip;]<\/p>\n","protected":false},"featured_media":0,"comment_status":"open","ping_status":"closed","template":"","meta":[],"product_brand":[],"product_cat":[33],"product_tag":[],"class_list":{"0":"post-19402","1":"product","2":"type-product","3":"status-publish","5":"product_cat-okategoriserad","7":"first","8":"instock","9":"shipping-taxable","10":"purchasable","11":"product-type-simple"},"_links":{"self":[{"href":"https:\/\/nordicmart.andreevmaster.com\/sv\/wp-json\/wp\/v2\/product\/19402","targetHints":{"allow":["GET"]}}],"collection":[{"href":"https:\/\/nordicmart.andreevmaster.com\/sv\/wp-json\/wp\/v2\/product"}],"about":[{"href":"https:\/\/nordicmart.andreevmaster.com\/sv\/wp-json\/wp\/v2\/types\/product"}],"replies":[{"embeddable":true,"href":"https:\/\/nordicmart.andreevmaster.com\/sv\/wp-json\/wp\/v2\/comments?post=19402"}],"wp:attachment":[{"href":"https:\/\/nordicmart.andreevmaster.com\/sv\/wp-json\/wp\/v2\/media?parent=19402"}],"wp:term":[{"taxonomy":"product_brand","embeddable":true,"href":"https:\/\/nordicmart.andreevmaster.com\/sv\/wp-json\/wp\/v2\/product_brand?post=19402"},{"taxonomy":"product_cat","embeddable":true,"href":"https:\/\/nordicmart.andreevmaster.com\/sv\/wp-json\/wp\/v2\/product_cat?post=19402"},{"taxonomy":"product_tag","embeddable":true,"href":"https:\/\/nordicmart.andreevmaster.com\/sv\/wp-json\/wp\/v2\/product_tag?post=19402"}],"curies":[{"name":"wp","href":"https:\/\/api.w.org\/{rel}","templated":true}]}}