{"id":19401,"date":"2026-02-27T00:44:32","date_gmt":"2026-02-27T00:44:32","guid":{"rendered":"https:\/\/nordicmart.andreevmaster.com\/product\/linne-2-sidig-maskering-under-madrassen-shining-star\/"},"modified":"2026-02-27T08:32:02","modified_gmt":"2026-02-27T08:32:02","slug":"linne-2-sidig-maskering-under-madrassen-shining-star","status":"publish","type":"product","link":"https:\/\/nordicmart.andreevmaster.com\/sv\/produkt\/linne-2-sidig-maskering-under-madrassen-shining-star\/","title":{"rendered":"Linne 2-sidig maskering under madrassen shining star"},"content":{"rendered":"<p>Linne 2-sidig\/3-sidig maskering under madrassen. <\/p>\n<p>Detaljer:<br \/>\n &#8211; perfekt f\u00f6r att d\u00f6lja allt inneh\u00e5ll i l\u00e5dan n\u00e4r basen \u00e4r i h\u00f6gt l\u00e4ge,<br \/>\n &#8211; enkel att montera,<br \/>\n &#8211; du kan t\u00e4cka en, tv\u00e5 eller tre delar av s\u00e4ngens sidor \u2013 beroende p\u00e5 vad du beh\u00f6ver (tillval),<br \/>\n &#8211; l\u00e4tt att justera h\u00f6jden (f\u00f6r avst\u00e5ndet 65 cm),<br \/>\n &#8211; h\u00e5ller barnets s\u00e4ng snygg och ren,<br \/>\n &#8211; mycket mjuk och sk\u00f6n att ta p\u00e5. <\/p>\n<p>Storlekar:<br \/>\n &#8211; s\u00e4ngbotten: 70&#215;140<br \/>\n &#8211; h\u00f6jd: 35 cm <\/p>\n<p>Material: <\/p>\n<p>&#8211; 100 % bomull med en tr\u00e5dvikt p\u00e5 150 g\/m2 med Oeko-TEX Standard 100-certifikat<\/p>\n<p>Tv\u00e4ttanvisningar:<br \/>\n &#8211; maskintv\u00e4tt 40\u00b0<br \/>\n &#8211; strykning vid temperaturer h\u00f6gst 110\u00b0<br \/>\n &#8211; blekning ej till\u00e5ten<br \/>\n &#8211; torktumling ej till\u00e5ten<\/p>\n","protected":false},"excerpt":{"rendered":"<p>Linne 2-sidig\/3-sidig maskering under madrassen. Detaljer: &#8211; perfekt f\u00f6r att d\u00f6lja allt inneh\u00e5ll i l\u00e5dan n\u00e4r basen \u00e4r i h\u00f6gt l\u00e4ge, &#8211; enkel att montera, &#8211; du kan t\u00e4cka en, tv\u00e5 eller tre delar av s\u00e4ngens sidor \u2013 beroende p\u00e5 vad du beh\u00f6ver (tillval), &#8211; l\u00e4tt att justera h\u00f6jden (f\u00f6r avst\u00e5ndet 65 cm), &#8211; h\u00e5ller [&hellip;]<\/p>\n","protected":false},"featured_media":0,"comment_status":"open","ping_status":"closed","template":"","meta":[],"product_brand":[],"product_cat":[33],"product_tag":[],"class_list":{"0":"post-19401","1":"product","2":"type-product","3":"status-publish","5":"product_cat-okategoriserad","7":"first","8":"instock","9":"shipping-taxable","10":"purchasable","11":"product-type-simple"},"_links":{"self":[{"href":"https:\/\/nordicmart.andreevmaster.com\/sv\/wp-json\/wp\/v2\/product\/19401","targetHints":{"allow":["GET"]}}],"collection":[{"href":"https:\/\/nordicmart.andreevmaster.com\/sv\/wp-json\/wp\/v2\/product"}],"about":[{"href":"https:\/\/nordicmart.andreevmaster.com\/sv\/wp-json\/wp\/v2\/types\/product"}],"replies":[{"embeddable":true,"href":"https:\/\/nordicmart.andreevmaster.com\/sv\/wp-json\/wp\/v2\/comments?post=19401"}],"wp:attachment":[{"href":"https:\/\/nordicmart.andreevmaster.com\/sv\/wp-json\/wp\/v2\/media?parent=19401"}],"wp:term":[{"taxonomy":"product_brand","embeddable":true,"href":"https:\/\/nordicmart.andreevmaster.com\/sv\/wp-json\/wp\/v2\/product_brand?post=19401"},{"taxonomy":"product_cat","embeddable":true,"href":"https:\/\/nordicmart.andreevmaster.com\/sv\/wp-json\/wp\/v2\/product_cat?post=19401"},{"taxonomy":"product_tag","embeddable":true,"href":"https:\/\/nordicmart.andreevmaster.com\/sv\/wp-json\/wp\/v2\/product_tag?post=19401"}],"curies":[{"name":"wp","href":"https:\/\/api.w.org\/{rel}","templated":true}]}}