{"id":19400,"date":"2026-02-27T00:44:32","date_gmt":"2026-02-27T00:44:32","guid":{"rendered":"https:\/\/nordicmart.andreevmaster.com\/product\/so-sixty-lada-90x200\/"},"modified":"2026-02-27T08:32:02","modified_gmt":"2026-02-27T08:32:02","slug":"so-sixty-lada-90x200","status":"publish","type":"product","link":"https:\/\/nordicmart.andreevmaster.com\/sv\/produkt\/so-sixty-lada-90x200\/","title":{"rendered":"So sixty  l\u00e5da 90&#215;200"},"content":{"rendered":"<p>Egenskaper: <\/p>\n<p>&#8211; f\u00f6rst\u00e4rkt botten som kan anv\u00e4ndas som f\u00f6rvaringsutrymme och extra sovplats <\/p>\n<p>&#8211; golvskyddande hjul <\/p>\n<p>&#8211; tillverkad enligt europeiska s\u00e4kerhetsstandarder och normer <\/p>\n<p>M\u00e5tt (cm):<br \/>\n l\u00e4ngd: 192,7<br \/>\n bredd: 83,2<br \/>\n h\u00f6jd: 20,8 <\/p>\n<p> Ytterligare information:<br \/>\n  \u00a0&#8211; 80 cm x 180 cm x 10 cm<br \/>\n madrass passar i l\u00e5dan &#8211; upp till 100 kg styrka i l\u00e5dan <\/p>\n<p>Design och finish:<br \/>\n &#8211; h\u00f6gkvalitativ laminerad skiva som \u00e4r motst\u00e5ndskraftig mot skador och fukt, l\u00e4tt att h\u00e5lla ren <\/p>\n<p>  F\u00e4rg:<br \/>\n &#8211; vit <\/p>\n<p>Anv\u00e4ndningsinstruktioner:  <\/p>\n<p>M\u00f6blerna ska torkas av med en mjuk bomullsduk fuktad med vatten eller ett m\u00f6belv\u00e5rdsmedel. <\/p>\n<p>Ytterligare information:<br \/>\n M\u00f6blerna levereras i paket f\u00f6r sj\u00e4lvmontering. Detaljerade monteringsanvisningar medf\u00f6ljer i paketen tillsammans med tillbeh\u00f6r (bultar etc.).<\/p>\n","protected":false},"excerpt":{"rendered":"<p>Egenskaper: &#8211; f\u00f6rst\u00e4rkt botten som kan anv\u00e4ndas som f\u00f6rvaringsutrymme och extra sovplats &#8211; golvskyddande hjul &#8211; tillverkad enligt europeiska s\u00e4kerhetsstandarder och normer M\u00e5tt (cm): l\u00e4ngd: 192,7 bredd: 83,2 h\u00f6jd: 20,8 Ytterligare information: \u00a0&#8211; 80 cm x 180 cm x 10 cm madrass passar i l\u00e5dan &#8211; upp till 100 kg styrka i l\u00e5dan Design och [&hellip;]<\/p>\n","protected":false},"featured_media":0,"comment_status":"open","ping_status":"closed","template":"","meta":[],"product_brand":[],"product_cat":[33],"product_tag":[],"class_list":{"0":"post-19400","1":"product","2":"type-product","3":"status-publish","5":"product_cat-okategoriserad","7":"first","8":"instock","9":"shipping-taxable","10":"purchasable","11":"product-type-simple"},"_links":{"self":[{"href":"https:\/\/nordicmart.andreevmaster.com\/sv\/wp-json\/wp\/v2\/product\/19400","targetHints":{"allow":["GET"]}}],"collection":[{"href":"https:\/\/nordicmart.andreevmaster.com\/sv\/wp-json\/wp\/v2\/product"}],"about":[{"href":"https:\/\/nordicmart.andreevmaster.com\/sv\/wp-json\/wp\/v2\/types\/product"}],"replies":[{"embeddable":true,"href":"https:\/\/nordicmart.andreevmaster.com\/sv\/wp-json\/wp\/v2\/comments?post=19400"}],"wp:attachment":[{"href":"https:\/\/nordicmart.andreevmaster.com\/sv\/wp-json\/wp\/v2\/media?parent=19400"}],"wp:term":[{"taxonomy":"product_brand","embeddable":true,"href":"https:\/\/nordicmart.andreevmaster.com\/sv\/wp-json\/wp\/v2\/product_brand?post=19400"},{"taxonomy":"product_cat","embeddable":true,"href":"https:\/\/nordicmart.andreevmaster.com\/sv\/wp-json\/wp\/v2\/product_cat?post=19400"},{"taxonomy":"product_tag","embeddable":true,"href":"https:\/\/nordicmart.andreevmaster.com\/sv\/wp-json\/wp\/v2\/product_tag?post=19400"}],"curies":[{"name":"wp","href":"https:\/\/api.w.org\/{rel}","templated":true}]}}