{"id":19399,"date":"2026-02-27T00:44:31","date_gmt":"2026-02-27T00:44:31","guid":{"rendered":"https:\/\/nordicmart.andreevmaster.com\/product\/so-sixty-bokhylla\/"},"modified":"2026-02-27T08:32:01","modified_gmt":"2026-02-27T08:32:01","slug":"so-sixty-bokhylla","status":"publish","type":"product","link":"https:\/\/nordicmart.andreevmaster.com\/sv\/produkt\/so-sixty-bokhylla\/","title":{"rendered":"So sixty  bokhylla"},"content":{"rendered":"<p>Egenskaper:<br \/>\n &#8211; tv\u00e5 rymliga l\u00e5dor<br \/>\n &#8211; l\u00e5dor och sk\u00e5p har ett &#8221;push-to-open&#8221;-system<br \/>\n&#8211; l\u00e5sbart sk\u00e5p med justerbar hylla &#8211; 3 hyllor, varav en kan justeras<br \/>\n&#8211; tv\u00e5 fack f\u00f6r h\u00f6ga b\u00f6cker, p\u00e4rmar etc.- kan monteras p\u00e5 v\u00e4ggen &#8211; rekommenderas<br \/>\n&#8211; tillverkad enligt europeiska s\u00e4kerhetsstandarder och normer<\/p>\n<p> M\u00e5tt (cm):<br \/>\n h\u00f6jd: 190<br \/>\n djup: 44<br \/>\n bredd: 100 <\/p>\n<p>Material och ytbehandling:<br \/>\n &#8211; h\u00f6gkvalitativ laminerad skiva som \u00e4r motst\u00e5ndskraftig mot skador och fukt, l\u00e4tt att h\u00e5lla ren<br \/>\n &#8211; lackerad bj\u00f6rkplywood <\/p>\n<p>De lacker som anv\u00e4nds i tillverkningen \u00e4r s\u00e4kra f\u00f6r barn och certifierade enligt EN71\/3  <\/p>\n<p>F\u00e4rg:<br \/>\n vit\/bj\u00f6rk <\/p>\n<p>Anv\u00e4ndningsanvisning:  <\/p>\n<p>M\u00f6blerna ska torkas av med en mjuk bomullsduk fuktad med vatten eller ett m\u00f6belv\u00e5rdsmedel.<\/p>\n<p> Montering:<br \/>\n M\u00f6blerna levereras i paket f\u00f6r sj\u00e4lvmontering. Detaljerade monteringsanvisningar medf\u00f6ljer i paketen tillsammans med utrustningen.<\/p>\n","protected":false},"excerpt":{"rendered":"<p>Egenskaper: &#8211; tv\u00e5 rymliga l\u00e5dor &#8211; l\u00e5dor och sk\u00e5p har ett &#8221;push-to-open&#8221;-system &#8211; l\u00e5sbart sk\u00e5p med justerbar hylla &#8211; 3 hyllor, varav en kan justeras &#8211; tv\u00e5 fack f\u00f6r h\u00f6ga b\u00f6cker, p\u00e4rmar etc.- kan monteras p\u00e5 v\u00e4ggen &#8211; rekommenderas &#8211; tillverkad enligt europeiska s\u00e4kerhetsstandarder och normer M\u00e5tt (cm): h\u00f6jd: 190 djup: 44 bredd: 100 Material [&hellip;]<\/p>\n","protected":false},"featured_media":0,"comment_status":"open","ping_status":"closed","template":"","meta":[],"product_brand":[],"product_cat":[33],"product_tag":[],"class_list":{"0":"post-19399","1":"product","2":"type-product","3":"status-publish","5":"product_cat-okategoriserad","7":"first","8":"instock","9":"shipping-taxable","10":"purchasable","11":"product-type-simple"},"_links":{"self":[{"href":"https:\/\/nordicmart.andreevmaster.com\/sv\/wp-json\/wp\/v2\/product\/19399","targetHints":{"allow":["GET"]}}],"collection":[{"href":"https:\/\/nordicmart.andreevmaster.com\/sv\/wp-json\/wp\/v2\/product"}],"about":[{"href":"https:\/\/nordicmart.andreevmaster.com\/sv\/wp-json\/wp\/v2\/types\/product"}],"replies":[{"embeddable":true,"href":"https:\/\/nordicmart.andreevmaster.com\/sv\/wp-json\/wp\/v2\/comments?post=19399"}],"wp:attachment":[{"href":"https:\/\/nordicmart.andreevmaster.com\/sv\/wp-json\/wp\/v2\/media?parent=19399"}],"wp:term":[{"taxonomy":"product_brand","embeddable":true,"href":"https:\/\/nordicmart.andreevmaster.com\/sv\/wp-json\/wp\/v2\/product_brand?post=19399"},{"taxonomy":"product_cat","embeddable":true,"href":"https:\/\/nordicmart.andreevmaster.com\/sv\/wp-json\/wp\/v2\/product_cat?post=19399"},{"taxonomy":"product_tag","embeddable":true,"href":"https:\/\/nordicmart.andreevmaster.com\/sv\/wp-json\/wp\/v2\/product_tag?post=19399"}],"curies":[{"name":"wp","href":"https:\/\/api.w.org\/{rel}","templated":true}]}}