{"id":19398,"date":"2026-02-27T00:44:31","date_gmt":"2026-02-27T00:44:31","guid":{"rendered":"https:\/\/nordicmart.andreevmaster.com\/product\/so-sixty-skotbord\/"},"modified":"2026-02-27T08:32:01","modified_gmt":"2026-02-27T08:32:01","slug":"so-sixty-skotbord","status":"publish","type":"product","link":"https:\/\/nordicmart.andreevmaster.com\/sv\/produkt\/so-sixty-skotbord\/","title":{"rendered":"So sixty sk\u00f6tbord"},"content":{"rendered":"<p>Egenskaper:<br \/>\n &#8211; s\u00e4ker, bekv\u00e4m och praktisk plats som underl\u00e4ttar byte av bl\u00f6jor ut\u00f6kar byr\u00e5ns yta s\u00e5 att barnet \u00e4r s\u00e4kert och alla v\u00e5rdprodukter \u00e4r inom r\u00e4ckh\u00e5ll passar perfekt till byr\u00e5n So Sixties<br \/>\n &#8211; b\u00e5de montering och demontering g\u00e5r mycket snabbt och enkelt; efter demontering finns inga m\u00e4rken kvar p\u00e5 byr\u00e5n<br \/>\n kan monteras p\u00e5 v\u00e4nster och h\u00f6ger sida samt i mitten av byr\u00e5n<br \/>\n &#8211; uppfyller europeiska s\u00e4kerhetsstandarder och normer <\/p>\n<p>M\u00e5tt (cm):<br \/>\n l\u00e4ngd: 78,7<br \/>\n bredd: 60,2<br \/>\n h\u00f6jd: 6<\/p>\n<p> Ytterligare information &#8211;<br \/>\n   textilinsatser\/sk\u00f6tunderl\u00e4gg med maximala m\u00e5tt p\u00e5 56 cm x 75 cm<br \/>\n kan f\u00e4stas p\u00e5 sk\u00f6tbordet maximalt vikt f\u00f6r ett barn p\u00e5 sk\u00f6tbordet: 15 kg <\/p>\n<p> Material och ytbehandling<br \/>\n h\u00f6gkvalitativ laminerad skiva som \u00e4r t\u00e5lig mot skador och fukt, l\u00e4tt att h\u00e5lla ren<\/p>\n<p> F\u00e4rg:<br \/>\n  &#8211; bj\u00f6rk <\/p>\n<p>Anv\u00e4ndningsanvisning: <\/p>\n<p>M\u00f6blerna ska torkas av med en mjuk bomullsduk fuktad med vatten eller ett m\u00f6belv\u00e5rdsmedel.<\/p>\n<p> Montering:<br \/>\n M\u00f6blerna levereras i paket f\u00f6r sj\u00e4lvmontering. Detaljerade monteringsanvisningar medf\u00f6ljer i paketen tillsammans med utrustningen.<\/p>\n","protected":false},"excerpt":{"rendered":"<p>Egenskaper: &#8211; s\u00e4ker, bekv\u00e4m och praktisk plats som underl\u00e4ttar byte av bl\u00f6jor ut\u00f6kar byr\u00e5ns yta s\u00e5 att barnet \u00e4r s\u00e4kert och alla v\u00e5rdprodukter \u00e4r inom r\u00e4ckh\u00e5ll passar perfekt till byr\u00e5n So Sixties &#8211; b\u00e5de montering och demontering g\u00e5r mycket snabbt och enkelt; efter demontering finns inga m\u00e4rken kvar p\u00e5 byr\u00e5n kan monteras p\u00e5 v\u00e4nster och [&hellip;]<\/p>\n","protected":false},"featured_media":0,"comment_status":"open","ping_status":"closed","template":"","meta":[],"product_brand":[],"product_cat":[33],"product_tag":[],"class_list":{"0":"post-19398","1":"product","2":"type-product","3":"status-publish","5":"product_cat-okategoriserad","7":"first","8":"instock","9":"shipping-taxable","10":"purchasable","11":"product-type-simple"},"_links":{"self":[{"href":"https:\/\/nordicmart.andreevmaster.com\/sv\/wp-json\/wp\/v2\/product\/19398","targetHints":{"allow":["GET"]}}],"collection":[{"href":"https:\/\/nordicmart.andreevmaster.com\/sv\/wp-json\/wp\/v2\/product"}],"about":[{"href":"https:\/\/nordicmart.andreevmaster.com\/sv\/wp-json\/wp\/v2\/types\/product"}],"replies":[{"embeddable":true,"href":"https:\/\/nordicmart.andreevmaster.com\/sv\/wp-json\/wp\/v2\/comments?post=19398"}],"wp:attachment":[{"href":"https:\/\/nordicmart.andreevmaster.com\/sv\/wp-json\/wp\/v2\/media?parent=19398"}],"wp:term":[{"taxonomy":"product_brand","embeddable":true,"href":"https:\/\/nordicmart.andreevmaster.com\/sv\/wp-json\/wp\/v2\/product_brand?post=19398"},{"taxonomy":"product_cat","embeddable":true,"href":"https:\/\/nordicmart.andreevmaster.com\/sv\/wp-json\/wp\/v2\/product_cat?post=19398"},{"taxonomy":"product_tag","embeddable":true,"href":"https:\/\/nordicmart.andreevmaster.com\/sv\/wp-json\/wp\/v2\/product_tag?post=19398"}],"curies":[{"name":"wp","href":"https:\/\/api.w.org\/{rel}","templated":true}]}}