{"id":19397,"date":"2026-02-27T00:44:31","date_gmt":"2026-02-27T00:44:31","guid":{"rendered":"https:\/\/nordicmart.andreevmaster.com\/product\/so-sixty-baddsoffa-90x200-1\/"},"modified":"2026-02-27T08:32:01","modified_gmt":"2026-02-27T08:32:01","slug":"so-sixty-baddsoffa-90x200-1","status":"publish","type":"product","link":"https:\/\/nordicmart.andreevmaster.com\/sv\/produkt\/so-sixty-baddsoffa-90x200-1\/","title":{"rendered":"So sixty b\u00e4ddsoffa  90&#215;200  (1)"},"content":{"rendered":"<p>Egenskaper: <\/p>\n<p>&#8211; hylla f\u00f6r b\u00f6cker, telefon, favoritfilt etc.<br \/>\n &#8211; tv\u00e5 rymliga l\u00e5dor p\u00e5 filtglidare<br \/>\n&#8211; stor nedre l\u00e5da med f\u00f6rst\u00e4rkt botten s\u00e5 att den kan fungera som en extra s\u00e4ng<br \/>\n&#8211; golvskyddande nedre l\u00e5da med hjul<br \/>\n&#8211; standardstorlek p\u00e5 den \u00f6vre sovytan<br \/>\n&#8211; madrass och textilier kan enkelt matchas<br \/>\n&#8211;  s\u00e4ngen \u00e4r inbyggd p\u00e5 tre sidor, s\u00e5 att den under dagen kan fungera som soffa<br \/>\n&#8211; tr\u00e4ram f\u00f6r madrass ing\u00e5r<br \/>\n&#8211; ett s\u00e4kerhetsr\u00e4cke mot  fall kan l\u00e4ggas till s\u00e4ngen (tillval)<br \/>\n&#8211; tillverkad enligt europeiska s\u00e4kerhetsstandarder och normer  <\/p>\n<p>M\u00e5tt (cm): <\/p>\n<p>l\u00e4ngd: 203<br \/>\n bredd: 94<br \/>\n h\u00f6jd: 77<\/p>\n<p> Ytterligare information:<br \/>\n   &#8211; Madrass p\u00e5 80 cm x 180 cm kan matchas; med en madrassh\u00f6jd p\u00e5 8 cm kan den f\u00f6rvaras i l\u00e5dan tillsammans med s\u00e4ngkl\u00e4derna. Maximal madrassh\u00f6jd i en l\u00e5da \u00e4r 14 cm. <\/p>\n<p>&#8211; L\u00e5dans h\u00e5llfasthet upp till 100 kg. Maximal madrassh\u00f6jd i en l\u00e5da \u00e4r 14 cm. &#8211; L\u00e5dans h\u00e5llfasthet upp till 100 kg Design och ytbehandling: &#8211; H\u00f6gkvalitativ laminerad skiva som \u00e4r motst\u00e5ndskraftig mot skador och fukt, l\u00e4tt att h\u00e5lla ren. F\u00e4rg: &#8211; Vit\/bj\u00f6rk. Anv\u00e4ndningsanvisning:  <\/p>\n<p>M\u00f6blerna ska torkas av med en mjuk bomullsduk fuktad med vatten eller ett m\u00f6belv\u00e5rdsmedel. <\/p>\n<p>Ytterligare information:<br \/>\n M\u00f6blerna levereras i paket f\u00f6r sj\u00e4lvmontering. Detaljerade monteringsanvisningar medf\u00f6ljer i paketen tillsammans med tillbeh\u00f6r (bultar etc.).<\/p>\n","protected":false},"excerpt":{"rendered":"<p>Egenskaper: &#8211; hylla f\u00f6r b\u00f6cker, telefon, favoritfilt etc. &#8211; tv\u00e5 rymliga l\u00e5dor p\u00e5 filtglidare &#8211; stor nedre l\u00e5da med f\u00f6rst\u00e4rkt botten s\u00e5 att den kan fungera som en extra s\u00e4ng &#8211; golvskyddande nedre l\u00e5da med hjul &#8211; standardstorlek p\u00e5 den \u00f6vre sovytan &#8211; madrass och textilier kan enkelt matchas &#8211; s\u00e4ngen \u00e4r inbyggd p\u00e5 tre [&hellip;]<\/p>\n","protected":false},"featured_media":0,"comment_status":"open","ping_status":"closed","template":"","meta":[],"product_brand":[],"product_cat":[33],"product_tag":[],"class_list":{"0":"post-19397","1":"product","2":"type-product","3":"status-publish","5":"product_cat-okategoriserad","7":"first","8":"instock","9":"shipping-taxable","10":"purchasable","11":"product-type-simple"},"_links":{"self":[{"href":"https:\/\/nordicmart.andreevmaster.com\/sv\/wp-json\/wp\/v2\/product\/19397","targetHints":{"allow":["GET"]}}],"collection":[{"href":"https:\/\/nordicmart.andreevmaster.com\/sv\/wp-json\/wp\/v2\/product"}],"about":[{"href":"https:\/\/nordicmart.andreevmaster.com\/sv\/wp-json\/wp\/v2\/types\/product"}],"replies":[{"embeddable":true,"href":"https:\/\/nordicmart.andreevmaster.com\/sv\/wp-json\/wp\/v2\/comments?post=19397"}],"wp:attachment":[{"href":"https:\/\/nordicmart.andreevmaster.com\/sv\/wp-json\/wp\/v2\/media?parent=19397"}],"wp:term":[{"taxonomy":"product_brand","embeddable":true,"href":"https:\/\/nordicmart.andreevmaster.com\/sv\/wp-json\/wp\/v2\/product_brand?post=19397"},{"taxonomy":"product_cat","embeddable":true,"href":"https:\/\/nordicmart.andreevmaster.com\/sv\/wp-json\/wp\/v2\/product_cat?post=19397"},{"taxonomy":"product_tag","embeddable":true,"href":"https:\/\/nordicmart.andreevmaster.com\/sv\/wp-json\/wp\/v2\/product_tag?post=19397"}],"curies":[{"name":"wp","href":"https:\/\/api.w.org\/{rel}","templated":true}]}}