{"id":19396,"date":"2026-02-27T00:44:31","date_gmt":"2026-02-27T00:44:31","guid":{"rendered":"https:\/\/nordicmart.andreevmaster.com\/product\/so-sixty-barnsang-70x140-utdragbar-till-70x160\/"},"modified":"2026-02-27T08:32:01","modified_gmt":"2026-02-27T08:32:01","slug":"so-sixty-barnsang-70x140-utdragbar-till-70x160","status":"publish","type":"product","link":"https:\/\/nordicmart.andreevmaster.com\/sv\/produkt\/so-sixty-barnsang-70x140-utdragbar-till-70x160\/","title":{"rendered":"So sixty barns\u00e4ng 70&#215;140, utdragbar till 70&#215;160"},"content":{"rendered":"<p>Egenskaper:<br \/>\n &#8211; uppfyller europeiska s\u00e4kerhetsstandarder och normer<br \/>\n &#8211; tre avtagbara st\u00e4nger som ing\u00e5r i spj\u00e4ls\u00e4ngens ram g\u00f6r att ditt barn kan kliva i och ur s\u00e4ngen fritt\u00a0 \u00a0 \u00a0 \u00a0 \u00a0 &#8211; tre niv\u00e5er f\u00f6r madrassramen som kan anpassas efter &#8211; barnets utveckling (56\/43\/27 cm fr\u00e5n golvet)<br \/>\n&#8211; kan omvandlas till en soffa<br \/>\n&#8211; kan omvandlas till en soffa<br \/>\n&#8211; kan f\u00f6rl\u00e4ngas till 166 cm; dess livsl\u00e4ngd kan f\u00f6rl\u00e4ngas till cirka 8 \u00e5r<br \/>\n&#8211; eco smart \u2013 ett skrivbord f\u00f6r barnet kan skapas genom att \u00e5teranv\u00e4nda delar av s\u00e4ngen<br \/>\n&#8211; ett s\u00e4kerhetsr\u00e4cke kan  k\u00f6pas f\u00f6r att f\u00f6rhindra att barnet faller ur s\u00e4ngen (tillval)<\/p>\n<p> M\u00e5tt (cm):<br \/>\n l\u00e4ngd: 144\u2013166<br \/>\n bredd: 74<br \/>\n h\u00f6jd: 92 <\/p>\n<p> Ytterligare information &#8211;<br \/>\n&#8211; madrass med f\u00f6ljande m\u00e5tt passar spj\u00e4ls\u00e4ngen: 140 cm x 70 cm<br \/>\n &#8211; madrass med f\u00f6ljande m\u00e5tt passar soffan: 70 cm x 160 cm<br \/>\n &#8211; livsl\u00e4ngd: upp till cirka 8 \u00e5r.<\/p>\n<p> Material och ytbehandling:<br \/>\n &#8211; h\u00f6gkvalitativ laminerad skiva som \u00e4r t\u00e5lig mot skador och fukt, l\u00e4tt att h\u00e5lla ren <\/p>\n<p>-lackerad bj\u00f6rkplywood <\/p>\n<p>-lackerat boktr\u00e4 <\/p>\n<p>&#8211; bokplywood <\/p>\n<p>De lacker som anv\u00e4nds i tillverkningen \u00e4r barns\u00e4kra och certifierade enligt EN71\/3 <\/p>\n<p>F\u00e4rg:<br \/>\n vit\/bj\u00f6rk <\/p>\n<p> Anv\u00e4ndningsanvisning:  <\/p>\n<p>M\u00f6blerna ska torkas av med en mjuk bomullsduk fuktad med vatten eller ett m\u00f6belv\u00e5rdsmedel.<\/p>\n<p> Montering:<br \/>\n M\u00f6blerna levereras i paket f\u00f6r sj\u00e4lvmontering. Detaljerade monteringsanvisningar medf\u00f6ljer i paketen tillsammans med utrustningen.<\/p>\n","protected":false},"excerpt":{"rendered":"<p>Egenskaper: &#8211; uppfyller europeiska s\u00e4kerhetsstandarder och normer &#8211; tre avtagbara st\u00e4nger som ing\u00e5r i spj\u00e4ls\u00e4ngens ram g\u00f6r att ditt barn kan kliva i och ur s\u00e4ngen fritt\u00a0 \u00a0 \u00a0 \u00a0 \u00a0 &#8211; tre niv\u00e5er f\u00f6r madrassramen som kan anpassas efter &#8211; barnets utveckling (56\/43\/27 cm fr\u00e5n golvet) &#8211; kan omvandlas till en soffa &#8211; kan [&hellip;]<\/p>\n","protected":false},"featured_media":0,"comment_status":"open","ping_status":"closed","template":"","meta":[],"product_brand":[],"product_cat":[33],"product_tag":[],"class_list":{"0":"post-19396","1":"product","2":"type-product","3":"status-publish","5":"product_cat-okategoriserad","7":"first","8":"instock","9":"shipping-taxable","10":"purchasable","11":"product-type-simple"},"_links":{"self":[{"href":"https:\/\/nordicmart.andreevmaster.com\/sv\/wp-json\/wp\/v2\/product\/19396","targetHints":{"allow":["GET"]}}],"collection":[{"href":"https:\/\/nordicmart.andreevmaster.com\/sv\/wp-json\/wp\/v2\/product"}],"about":[{"href":"https:\/\/nordicmart.andreevmaster.com\/sv\/wp-json\/wp\/v2\/types\/product"}],"replies":[{"embeddable":true,"href":"https:\/\/nordicmart.andreevmaster.com\/sv\/wp-json\/wp\/v2\/comments?post=19396"}],"wp:attachment":[{"href":"https:\/\/nordicmart.andreevmaster.com\/sv\/wp-json\/wp\/v2\/media?parent=19396"}],"wp:term":[{"taxonomy":"product_brand","embeddable":true,"href":"https:\/\/nordicmart.andreevmaster.com\/sv\/wp-json\/wp\/v2\/product_brand?post=19396"},{"taxonomy":"product_cat","embeddable":true,"href":"https:\/\/nordicmart.andreevmaster.com\/sv\/wp-json\/wp\/v2\/product_cat?post=19396"},{"taxonomy":"product_tag","embeddable":true,"href":"https:\/\/nordicmart.andreevmaster.com\/sv\/wp-json\/wp\/v2\/product_tag?post=19396"}],"curies":[{"name":"wp","href":"https:\/\/api.w.org\/{rel}","templated":true}]}}