{"id":19395,"date":"2026-02-27T00:44:30","date_gmt":"2026-02-27T00:44:30","guid":{"rendered":"https:\/\/nordicmart.andreevmaster.com\/product\/so-sixty-skap-pa-hjul\/"},"modified":"2026-02-27T08:32:01","modified_gmt":"2026-02-27T08:32:01","slug":"so-sixty-skap-pa-hjul","status":"publish","type":"product","link":"https:\/\/nordicmart.andreevmaster.com\/sv\/produkt\/so-sixty-skap-pa-hjul\/","title":{"rendered":"So sixty  sk\u00e5p p\u00e5 hjul"},"content":{"rendered":"<p>Egenskaper: <\/p>\n<p>&#8211; r\u00f6rlighet<br \/>\n&#8211; hjul med d\u00e4ck, skonsamma mot golvet<br \/>\n&#8211; 2 rymliga l\u00e5dor p\u00e5 skenor<br \/>\n&#8211; bordsskiva med kant s\u00e5 att f\u00f6rem\u00e5l p\u00e5 sk\u00e5pet inte faller av<br \/>\n&#8211; tillverkat enligt europeiska standarder och s\u00e4kerhetsnormer<br \/>\n&#8211; passar perfekt under skrivbordet so sixty p\u00e5 bordsskivans h\u00f6gsta l\u00e4ge <\/p>\n<p>M\u00e5tt (cm):<br \/>\n h\u00f6jd: 55,2<br \/>\n djup: 54<br \/>\n bredd: 40,6 <\/p>\n<p>Material och ytbehandling: <\/p>\n<p>&#8211; h\u00f6gkvalitativ laminerad skiva som \u00e4r t\u00e5lig mot skador och fukt, l\u00e4tt att h\u00e5lla ren <\/p>\n<p>F\u00e4rg:<br \/>\n vit\/bj\u00f6rk <\/p>\n<p>Anv\u00e4ndningsanvisning:  <\/p>\n<p>M\u00f6beln ska torkas av med en mjuk bomullsduk fuktad med vatten eller ett m\u00f6belv\u00e5rdsmedel.<br \/>\n Montering:<br \/>\n  M\u00f6blerna levereras i paket f\u00f6r sj\u00e4lvmontering. Detaljerade monteringsanvisningar medf\u00f6ljer i paketen tillsammans med utrustningen.<\/p>\n","protected":false},"excerpt":{"rendered":"<p>Egenskaper: &#8211; r\u00f6rlighet &#8211; hjul med d\u00e4ck, skonsamma mot golvet &#8211; 2 rymliga l\u00e5dor p\u00e5 skenor &#8211; bordsskiva med kant s\u00e5 att f\u00f6rem\u00e5l p\u00e5 sk\u00e5pet inte faller av &#8211; tillverkat enligt europeiska standarder och s\u00e4kerhetsnormer &#8211; passar perfekt under skrivbordet so sixty p\u00e5 bordsskivans h\u00f6gsta l\u00e4ge M\u00e5tt (cm): h\u00f6jd: 55,2 djup: 54 bredd: 40,6 Material [&hellip;]<\/p>\n","protected":false},"featured_media":0,"comment_status":"open","ping_status":"closed","template":"","meta":[],"product_brand":[],"product_cat":[33],"product_tag":[],"class_list":{"0":"post-19395","1":"product","2":"type-product","3":"status-publish","5":"product_cat-okategoriserad","7":"first","8":"instock","9":"shipping-taxable","10":"purchasable","11":"product-type-simple"},"_links":{"self":[{"href":"https:\/\/nordicmart.andreevmaster.com\/sv\/wp-json\/wp\/v2\/product\/19395","targetHints":{"allow":["GET"]}}],"collection":[{"href":"https:\/\/nordicmart.andreevmaster.com\/sv\/wp-json\/wp\/v2\/product"}],"about":[{"href":"https:\/\/nordicmart.andreevmaster.com\/sv\/wp-json\/wp\/v2\/types\/product"}],"replies":[{"embeddable":true,"href":"https:\/\/nordicmart.andreevmaster.com\/sv\/wp-json\/wp\/v2\/comments?post=19395"}],"wp:attachment":[{"href":"https:\/\/nordicmart.andreevmaster.com\/sv\/wp-json\/wp\/v2\/media?parent=19395"}],"wp:term":[{"taxonomy":"product_brand","embeddable":true,"href":"https:\/\/nordicmart.andreevmaster.com\/sv\/wp-json\/wp\/v2\/product_brand?post=19395"},{"taxonomy":"product_cat","embeddable":true,"href":"https:\/\/nordicmart.andreevmaster.com\/sv\/wp-json\/wp\/v2\/product_cat?post=19395"},{"taxonomy":"product_tag","embeddable":true,"href":"https:\/\/nordicmart.andreevmaster.com\/sv\/wp-json\/wp\/v2\/product_tag?post=19395"}],"curies":[{"name":"wp","href":"https:\/\/api.w.org\/{rel}","templated":true}]}}