{"id":19391,"date":"2026-02-27T00:44:29","date_gmt":"2026-02-27T00:44:29","guid":{"rendered":"https:\/\/nordicmart.andreevmaster.com\/product\/songmics-magrulle-med-traningsmatta-bla\/"},"modified":"2026-02-27T08:32:00","modified_gmt":"2026-02-27T08:32:00","slug":"songmics-magrulle-med-traningsmatta-bla","status":"publish","type":"product","link":"https:\/\/nordicmart.andreevmaster.com\/sv\/produkt\/songmics-magrulle-med-traningsmatta-bla\/","title":{"rendered":"SONGMICS magrulle med tr\u00e4ningsmatta Bl\u00e5"},"content":{"rendered":"<p>Har du dr\u00f6mt om en smalare mage? Eller om en sixpack? Magtr\u00e4naren fr\u00e5n Songmics \u00e4r ett perfekt s\u00e4tt att h\u00e5lla sig i form och br\u00e4nna kalorier! Tr\u00e4na effektivt mag-, arm-, axel- och ryggmusklerna med denna unika fitnessrulle. De tv\u00e5 skumplastkl\u00e4dda handtagen \u00e4r ergonomiskt formade och ligger bra i handen under tr\u00e4ningen, vilket garanterar ett halkfritt grepp \u00e4ven med svettiga h\u00e4nder. St\u00e5lr\u00f6ret har en v\u00e4ggtjocklek p\u00e5 2 mm, vilket g\u00f6r det extremt stabilt och t\u00e5l en belastning p\u00e5 upp till 130 kg. Ab Wheel \u00e4r mycket l\u00e4tt att montera, det \u00e4r demonterbart och kan f\u00f6rvaras p\u00e5 ett utrymmesbesparande s\u00e4tt och \u00e4ven tas med p\u00e5 semestern. Det \u00e4r ett perfekt alternativ f\u00f6r att bygga upp och f\u00f6rb\u00e4ttra styrka och muskler i armar, rygg, axlar och mage! Produktdetaljer: &#8211; Material: plast (milj\u00f6v\u00e4nlig PVC) + skumplast + galvaniserat st\u00e5lr\u00f6r &#8211; M\u00e5tt: 32 x 14,5 cm  &#8211; St\u00e5lr\u00f6rets tjocklek: 2 mm  &#8211; St\u00e5lr\u00f6rets l\u00e4ngd: 24,5 cm  &#8211; Hjulets diameter: 14,5 cm &#8211; Avst\u00e5nd mellan de tv\u00e5 hjulen: 2,5 cm &#8211; F\u00e4rg: svartbl\u00e5 (SPU75P)  &#8211; Max. belastningskapacitet: 130 kg &#8211; Vikt: 0,8 kg  Leveransomfattning\uff1a &#8211; 1 x magtr\u00e4nare  &#8211; 1 x kn\u00e4matta  &#8211; 1 x bruksanvisning <\/p>\n","protected":false},"excerpt":{"rendered":"<p>SONGMICS magrulle, AB Roller magtr\u00e4nare, AB Wheel f\u00f6r fitness, med halkfri, v\u00e4l vadderad kn\u00e4matta, magmuskeltr\u00e4ning och muskeluppbyggnad, f\u00f6r kvinnor och m\u00e4n, r\u00f6d SPU75R<\/p>\n","protected":false},"featured_media":46314,"comment_status":"open","ping_status":"closed","template":"","meta":[],"product_brand":[],"product_cat":[33],"product_tag":[],"class_list":{"0":"post-19391","1":"product","2":"type-product","3":"status-publish","4":"has-post-thumbnail","6":"product_cat-okategoriserad","8":"first","9":"instock","10":"shipping-taxable","11":"purchasable","12":"product-type-simple"},"_links":{"self":[{"href":"https:\/\/nordicmart.andreevmaster.com\/sv\/wp-json\/wp\/v2\/product\/19391","targetHints":{"allow":["GET"]}}],"collection":[{"href":"https:\/\/nordicmart.andreevmaster.com\/sv\/wp-json\/wp\/v2\/product"}],"about":[{"href":"https:\/\/nordicmart.andreevmaster.com\/sv\/wp-json\/wp\/v2\/types\/product"}],"replies":[{"embeddable":true,"href":"https:\/\/nordicmart.andreevmaster.com\/sv\/wp-json\/wp\/v2\/comments?post=19391"}],"wp:featuredmedia":[{"embeddable":true,"href":"https:\/\/nordicmart.andreevmaster.com\/sv\/wp-json\/wp\/v2\/media\/46314"}],"wp:attachment":[{"href":"https:\/\/nordicmart.andreevmaster.com\/sv\/wp-json\/wp\/v2\/media?parent=19391"}],"wp:term":[{"taxonomy":"product_brand","embeddable":true,"href":"https:\/\/nordicmart.andreevmaster.com\/sv\/wp-json\/wp\/v2\/product_brand?post=19391"},{"taxonomy":"product_cat","embeddable":true,"href":"https:\/\/nordicmart.andreevmaster.com\/sv\/wp-json\/wp\/v2\/product_cat?post=19391"},{"taxonomy":"product_tag","embeddable":true,"href":"https:\/\/nordicmart.andreevmaster.com\/sv\/wp-json\/wp\/v2\/product_tag?post=19391"}],"curies":[{"name":"wp","href":"https:\/\/api.w.org\/{rel}","templated":true}]}}