{"id":19386,"date":"2026-02-27T00:44:28","date_gmt":"2026-02-27T00:44:28","guid":{"rendered":"https:\/\/nordicmart.andreevmaster.com\/product\/songmics-trampolinstege-svart\/"},"modified":"2026-02-27T08:31:59","modified_gmt":"2026-02-27T08:31:59","slug":"songmics-trampolinstege-svart","status":"publish","type":"product","link":"https:\/\/nordicmart.andreevmaster.com\/sv\/produkt\/songmics-trampolinstege-svart\/","title":{"rendered":"SONGMICS trampolinstege svart"},"content":{"rendered":"<p>Produktdetaljer: F\u00e4rg: Svart Material: Pulverlackerat j\u00e4rn, PP-plast Storlek: Stegeh\u00f6jd: 90 cm Stegm\u00e5tt: 40,6 x 7,3 cm (L x B) Vikt: 1,8 kg Max. statisk belastningskapacitet: 100 kgLeveransomfattning:1 x trampolinstege1 x bruksanvisning (DE, EN, IT, FR, ES)SONGMICS Anm\u00e4rkningar:Barn under 3 \u00e5r f\u00e5r inte anv\u00e4nda denna produkt. \u00c4ldre barn b\u00f6r endast anv\u00e4nda den under uppsikt av en vuxen.Endast f\u00f6r privat bruk.M\u00e4t f\u00f6rst h\u00f6jden p\u00e5 trampolinens hoppduk innan du best\u00e4ller denna produkt.<\/p>\n","protected":false},"excerpt":{"rendered":"<p>SONGMICS trampolinstege, halkfri stege f\u00f6r trampoliner, 76 cm h\u00f6g, med metallstativ, med breda steg, svart SLD76BK<\/p>\n","protected":false},"featured_media":46310,"comment_status":"open","ping_status":"closed","template":"","meta":[],"product_brand":[],"product_cat":[33],"product_tag":[],"class_list":{"0":"post-19386","1":"product","2":"type-product","3":"status-publish","4":"has-post-thumbnail","6":"product_cat-okategoriserad","8":"first","9":"instock","10":"shipping-taxable","11":"purchasable","12":"product-type-simple"},"_links":{"self":[{"href":"https:\/\/nordicmart.andreevmaster.com\/sv\/wp-json\/wp\/v2\/product\/19386","targetHints":{"allow":["GET"]}}],"collection":[{"href":"https:\/\/nordicmart.andreevmaster.com\/sv\/wp-json\/wp\/v2\/product"}],"about":[{"href":"https:\/\/nordicmart.andreevmaster.com\/sv\/wp-json\/wp\/v2\/types\/product"}],"replies":[{"embeddable":true,"href":"https:\/\/nordicmart.andreevmaster.com\/sv\/wp-json\/wp\/v2\/comments?post=19386"}],"wp:featuredmedia":[{"embeddable":true,"href":"https:\/\/nordicmart.andreevmaster.com\/sv\/wp-json\/wp\/v2\/media\/46310"}],"wp:attachment":[{"href":"https:\/\/nordicmart.andreevmaster.com\/sv\/wp-json\/wp\/v2\/media?parent=19386"}],"wp:term":[{"taxonomy":"product_brand","embeddable":true,"href":"https:\/\/nordicmart.andreevmaster.com\/sv\/wp-json\/wp\/v2\/product_brand?post=19386"},{"taxonomy":"product_cat","embeddable":true,"href":"https:\/\/nordicmart.andreevmaster.com\/sv\/wp-json\/wp\/v2\/product_cat?post=19386"},{"taxonomy":"product_tag","embeddable":true,"href":"https:\/\/nordicmart.andreevmaster.com\/sv\/wp-json\/wp\/v2\/product_tag?post=19386"}],"curies":[{"name":"wp","href":"https:\/\/api.w.org\/{rel}","templated":true}]}}