{"id":19381,"date":"2026-02-27T00:44:26","date_gmt":"2026-02-27T00:44:26","guid":{"rendered":"https:\/\/nordicmart.andreevmaster.com\/product\/jordankre-til-trampoliner-2\/"},"modified":"2026-02-27T08:31:57","modified_gmt":"2026-02-27T08:31:57","slug":"jordankre-til-trampoliner-2","status":"publish","type":"product","link":"https:\/\/nordicmart.andreevmaster.com\/sv\/produkt\/jordankre-til-trampoliner-2\/","title":{"rendered":"Jordankre til trampoliner"},"content":{"rendered":"<p>\u00c4r jordankarna endast l\u00e4mpliga f\u00f6r trampoliner? Dessa jordankare \u00e4r inte bara l\u00e4mpliga f\u00f6r trampoliner, utan \u00e4ven f\u00f6r presenningar, gungor, rutschkanor osv. Det g\u00f6r det m\u00f6jligt att f\u00e4sta din utomhusutrustning i marken, vilket ger \u00f6kad s\u00e4kerhet vid anv\u00e4ndning.Leveransomf\u00e5ng: 4 x jordankare 4 x polyesterrem SONGICS Anm\u00e4rkningar: Produkten kan anv\u00e4ndas upp till vindstyrka 5-6. Om vindstyrka 6 \u00f6verskrids ska du f\u00f6rvara f\u00f6rem\u00e5let som \u00e4r fastsatt med jordankarna p\u00e5 r\u00e4tt s\u00e4tt inomhus.<\/p>\n","protected":false},"excerpt":{"rendered":"<p>\u00c4r jordankarna endast l\u00e4mpliga f\u00f6r trampoliner? Dessa jordankare \u00e4r inte bara l\u00e4mpliga f\u00f6r trampoliner, utan \u00e4ven f\u00f6r presenningar, gungor, rutschkanor osv. Det g\u00f6r det m\u00f6jligt att f\u00e4sta din utomhusutrustning i marken, vilket ger \u00f6kad s\u00e4kerhet vid anv\u00e4ndning.Leveransomf\u00e5ng: 4 x jordankare 4 x polyesterrem SONGICS Anm\u00e4rkningar: Produkten kan anv\u00e4ndas upp till vindstyrka 5-6. Om vindstyrka 6 [&hellip;]<\/p>\n","protected":false},"featured_media":0,"comment_status":"open","ping_status":"closed","template":"","meta":[],"product_brand":[],"product_cat":[33],"product_tag":[],"class_list":{"0":"post-19381","1":"product","2":"type-product","3":"status-publish","5":"product_cat-okategoriserad","7":"first","8":"instock","9":"shipping-taxable","10":"product-type-simple"},"_links":{"self":[{"href":"https:\/\/nordicmart.andreevmaster.com\/sv\/wp-json\/wp\/v2\/product\/19381","targetHints":{"allow":["GET"]}}],"collection":[{"href":"https:\/\/nordicmart.andreevmaster.com\/sv\/wp-json\/wp\/v2\/product"}],"about":[{"href":"https:\/\/nordicmart.andreevmaster.com\/sv\/wp-json\/wp\/v2\/types\/product"}],"replies":[{"embeddable":true,"href":"https:\/\/nordicmart.andreevmaster.com\/sv\/wp-json\/wp\/v2\/comments?post=19381"}],"wp:attachment":[{"href":"https:\/\/nordicmart.andreevmaster.com\/sv\/wp-json\/wp\/v2\/media?parent=19381"}],"wp:term":[{"taxonomy":"product_brand","embeddable":true,"href":"https:\/\/nordicmart.andreevmaster.com\/sv\/wp-json\/wp\/v2\/product_brand?post=19381"},{"taxonomy":"product_cat","embeddable":true,"href":"https:\/\/nordicmart.andreevmaster.com\/sv\/wp-json\/wp\/v2\/product_cat?post=19381"},{"taxonomy":"product_tag","embeddable":true,"href":"https:\/\/nordicmart.andreevmaster.com\/sv\/wp-json\/wp\/v2\/product_tag?post=19381"}],"curies":[{"name":"wp","href":"https:\/\/api.w.org\/{rel}","templated":true}]}}