{"id":19380,"date":"2026-02-27T00:44:26","date_gmt":"2026-02-27T00:44:26","guid":{"rendered":"https:\/\/nordicmart.andreevmaster.com\/product\/songmics-9-i-1-armhavningsbrada\/"},"modified":"2026-02-27T08:31:57","modified_gmt":"2026-02-27T08:31:57","slug":"songmics-9-i-1-armhavningsbrada","status":"publish","type":"product","link":"https:\/\/nordicmart.andreevmaster.com\/sv\/produkt\/songmics-9-i-1-armhavningsbrada\/","title":{"rendered":"SONGMICS 9-i-1 armh\u00e4vningsbr\u00e4da"},"content":{"rendered":"<p>Produktdetaljer:F\u00e4rg: SvartMaterial: Armh\u00e4vningsbr\u00e4da: ABS-plast, armh\u00e4vningshandtag: ABS-plast och TPR, elastiska band: TPE, handtag p\u00e5 elastiska band: PP-plast och skumplastStorlek: 64 x 20,5 x 2 cm (L x B x H)Vikt: 1,1 kgMax. statisk belastningskapacitet: 200 kgLeveransomfattning:1 x armh\u00e4vningsbr\u00e4da2 x handtag2 x elastiskt band20 x halkskydd1 x instruktionerSONGMICS Anm\u00e4rkningar:V\u00e4nligen v\u00e4rm upp ordentligt innan du tr\u00e4nar med denna tr\u00e4ningsutrustning f\u00f6r att undvika skador.Dessa armh\u00e4vningshandtag \u00e4r endast avsedda f\u00f6r hemmabruk.V\u00e4nligen b\u00f6rja tr\u00e4ningen l\u00e5ngsamt. \u00d6veranstr\u00e4ng dig inte.<\/p>\n","protected":false},"excerpt":{"rendered":"<p>SONGMICS armh\u00e4vningshandtag med push-up-br\u00e4da, hopf\u00e4llbar, 9-i-1 armh\u00e4vningsbr\u00e4da, bodybuilding, muskeluppbyggnad, hemmatr\u00e4ning, svart SFZ064B01<\/p>\n","protected":false},"featured_media":46307,"comment_status":"open","ping_status":"closed","template":"","meta":[],"product_brand":[],"product_cat":[33],"product_tag":[],"class_list":{"0":"post-19380","1":"product","2":"type-product","3":"status-publish","4":"has-post-thumbnail","6":"product_cat-okategoriserad","8":"first","9":"instock","10":"shipping-taxable","11":"purchasable","12":"product-type-simple"},"_links":{"self":[{"href":"https:\/\/nordicmart.andreevmaster.com\/sv\/wp-json\/wp\/v2\/product\/19380","targetHints":{"allow":["GET"]}}],"collection":[{"href":"https:\/\/nordicmart.andreevmaster.com\/sv\/wp-json\/wp\/v2\/product"}],"about":[{"href":"https:\/\/nordicmart.andreevmaster.com\/sv\/wp-json\/wp\/v2\/types\/product"}],"replies":[{"embeddable":true,"href":"https:\/\/nordicmart.andreevmaster.com\/sv\/wp-json\/wp\/v2\/comments?post=19380"}],"wp:featuredmedia":[{"embeddable":true,"href":"https:\/\/nordicmart.andreevmaster.com\/sv\/wp-json\/wp\/v2\/media\/46307"}],"wp:attachment":[{"href":"https:\/\/nordicmart.andreevmaster.com\/sv\/wp-json\/wp\/v2\/media?parent=19380"}],"wp:term":[{"taxonomy":"product_brand","embeddable":true,"href":"https:\/\/nordicmart.andreevmaster.com\/sv\/wp-json\/wp\/v2\/product_brand?post=19380"},{"taxonomy":"product_cat","embeddable":true,"href":"https:\/\/nordicmart.andreevmaster.com\/sv\/wp-json\/wp\/v2\/product_cat?post=19380"},{"taxonomy":"product_tag","embeddable":true,"href":"https:\/\/nordicmart.andreevmaster.com\/sv\/wp-json\/wp\/v2\/product_tag?post=19380"}],"curies":[{"name":"wp","href":"https:\/\/api.w.org\/{rel}","templated":true}]}}