{"id":19379,"date":"2026-02-27T00:44:26","date_gmt":"2026-02-27T00:44:26","guid":{"rendered":"https:\/\/nordicmart.andreevmaster.com\/product\/songmics-motionscykel-svart-rod\/"},"modified":"2026-02-27T08:31:57","modified_gmt":"2026-02-27T08:31:57","slug":"songmics-motionscykel-svart-rod","status":"publish","type":"product","link":"https:\/\/nordicmart.andreevmaster.com\/sv\/produkt\/songmics-motionscykel-svart-rod\/","title":{"rendered":"SONGMICS motionscykel svart-r\u00f6d"},"content":{"rendered":"<p>Stanna hemma, h\u00e5ll dig aktiv: Vill du h\u00e5lla dig aktiv och frisk hemma? Med v\u00e5r motionscykel fr\u00e5n SONGMICS kan du njuta av en lugn och bekv\u00e4m cykeltur inomhus och forts\u00e4tta tr\u00e4na p\u00e5 h\u00f6g niv\u00e5 \u2013 \u00e4ven hemma \u00e4r det viktigt att h\u00e5lla sig i form! L\u00e5ngsiktig tr\u00e4ningsplan: Det 10 kg tunga sv\u00e4nghjulet och den starka st\u00e5lkonstruktionen ger h\u00f6g stabilitet vid cykling. Remdrivningen ger en lugnare och tystare cykling. Denna maskin kan b\u00e4ra upp till 120 kg och erbjuder m\u00e5nga \u00e5rs tr\u00e4ning. Den perfekta passformen: Vem vill ha en cykel som inte passar dem? Ingen. Denna motionscykel har ett brett motst\u00e5ndsomr\u00e5de och ett 5-stegs h\u00f6jdjusterbart styre och s\u00e4te. Det senare \u00e4r vadderat och kan skjutas fram\u00e5t och bak\u00e5t s\u00e5 att du kan br\u00e4nna kalorier i din mest bekv\u00e4ma position. Produktdetaljer: F\u00e4rg: Svart-r\u00f6d Material: St\u00e5l, plast, PU-konstl\u00e4der, skumplast Information p\u00e5 displayen: Puls, hastighet, tid, str\u00e4cka, kilometerm\u00e4tare, kalorif\u00f6rbrukning M\u00e5tt: 102 x 49 x 115 cm (L x B x H) Sv\u00e4nghjulets vikt: 10 kg Maskinens totalvikt: 25,5 kg Max. anv\u00e4ndarens vikt: 120 kg Max. l\u00e4ngd f\u00f6r anv\u00e4ndaren: 1,75 m Leveransomfattning: 1 x motionscykel 2 x AAA-batteri 1 x tillbeh\u00f6rspaket 1 x bruksanvisning (DE, EN, FR, ES, IT) SONGMICS Anm\u00e4rkningar: S\u00e4kerhets- och h\u00e4lsoinformation! Personer med hj\u00e4rt- och k\u00e4rlproblem och\/eller strokepatienter b\u00f6r inte anv\u00e4nda denna produkt. Denna produkt \u00e4r inte l\u00e4mplig f\u00f6r barn. Str\u00e4ck p\u00e5 dig innan du tr\u00e4nar p\u00e5 denna cykel. F\u00f6rvara produkten i uppr\u00e4tt l\u00e4ge. L\u00e4gg den inte p\u00e5 golvet. Anv\u00e4nd produkten endast p\u00e5 ett torrt och plant underlag.<\/p>\n","protected":false},"excerpt":{"rendered":"<p>SONGMICS motionscykel, fitnesscykel, hemmabicykel, med justerbar styre, sits och motst\u00e5nd, pulsm\u00e4tning, pedaler med fotkorg, svart-r\u00f6d SEB617R01<\/p>\n","protected":false},"featured_media":46306,"comment_status":"open","ping_status":"closed","template":"","meta":[],"product_brand":[],"product_cat":[33],"product_tag":[],"class_list":{"0":"post-19379","1":"product","2":"type-product","3":"status-publish","4":"has-post-thumbnail","6":"product_cat-okategoriserad","8":"first","9":"instock","10":"shipping-taxable","11":"purchasable","12":"product-type-simple"},"_links":{"self":[{"href":"https:\/\/nordicmart.andreevmaster.com\/sv\/wp-json\/wp\/v2\/product\/19379","targetHints":{"allow":["GET"]}}],"collection":[{"href":"https:\/\/nordicmart.andreevmaster.com\/sv\/wp-json\/wp\/v2\/product"}],"about":[{"href":"https:\/\/nordicmart.andreevmaster.com\/sv\/wp-json\/wp\/v2\/types\/product"}],"replies":[{"embeddable":true,"href":"https:\/\/nordicmart.andreevmaster.com\/sv\/wp-json\/wp\/v2\/comments?post=19379"}],"wp:featuredmedia":[{"embeddable":true,"href":"https:\/\/nordicmart.andreevmaster.com\/sv\/wp-json\/wp\/v2\/media\/46306"}],"wp:attachment":[{"href":"https:\/\/nordicmart.andreevmaster.com\/sv\/wp-json\/wp\/v2\/media?parent=19379"}],"wp:term":[{"taxonomy":"product_brand","embeddable":true,"href":"https:\/\/nordicmart.andreevmaster.com\/sv\/wp-json\/wp\/v2\/product_brand?post=19379"},{"taxonomy":"product_cat","embeddable":true,"href":"https:\/\/nordicmart.andreevmaster.com\/sv\/wp-json\/wp\/v2\/product_cat?post=19379"},{"taxonomy":"product_tag","embeddable":true,"href":"https:\/\/nordicmart.andreevmaster.com\/sv\/wp-json\/wp\/v2\/product_tag?post=19379"}],"curies":[{"name":"wp","href":"https:\/\/api.w.org\/{rel}","templated":true}]}}