{"id":19377,"date":"2026-02-27T00:44:25","date_gmt":"2026-02-27T00:44:25","guid":{"rendered":"https:\/\/nordicmart.andreevmaster.com\/product\/songmics-motionscykel-med-motstandsband\/"},"modified":"2026-02-27T08:31:57","modified_gmt":"2026-02-27T08:31:57","slug":"songmics-motionscykel-med-motstandsband","status":"publish","type":"product","link":"https:\/\/nordicmart.andreevmaster.com\/sv\/produkt\/songmics-motionscykel-med-motstandsband\/","title":{"rendered":"SONGMICS motionscykel med motst\u00e5ndsband"},"content":{"rendered":"<p>Tr\u00e4ning f\u00f6r och med hj\u00e4rtat: Med hj\u00e4lp av denna konditionstr\u00e4nare fr\u00e5n SONGMICS kan du st\u00e4rka din cirkulation, tr\u00e4na muskler och uth\u00e5llighet effektivt, minska stress och fr\u00e4mja en sund matsm\u00e4ltning. Tack vare denna motionscykel beh\u00f6ver du inte l\u00e4ngre springa i parken i iskall kyla eller belasta dina kn\u00e4n p\u00e5 l\u00f6pband. H\u00e5ll fast vid denna fitnesscykel och genomf\u00f6r ett effektivt konditionstr\u00e4ning bekv\u00e4mt hemifr\u00e5n. Tr\u00e4na med ultimat komfort: Denna hopf\u00e4llbara motionscykel fr\u00e5n SONGMICS \u00e4r l\u00e4mplig f\u00f6r personer som v\u00e4ger upp till 100 kg och \u00e4r utrustad med en bekv\u00e4m, bred och justerbar sadel. S\u00e5 kan du br\u00e4nna n\u00e5gra kalorier utan att beh\u00f6va k\u00e4nna dig obekv\u00e4m.Enkel montering och platsbesparande f\u00f6rvaring: Tack vare den detaljerade instruktionen kan du b\u00f6rja bygga muskler med denna motionscykel p\u00e5 nolltid. N\u00e4r du \u00e4r klar med ditt dagliga tr\u00e4ningspass f\u00e4ller du bara ihop denna platsbesparande motionscykel och st\u00e4ller den i ett h\u00f6rn eller i ett sk\u00e5p \u2013 ingen demontering kr\u00e4vs! Produktdetaljer:F\u00e4rg: Svart-gr\u00e5 Material: St\u00e5l, plast, PU-konstl\u00e4der, svamp Information p\u00e5 displayen: Puls, hastighet, tid, str\u00e4cka, kilometerm\u00e4tare, kalorif\u00f6rbrukning Storlek: 100 x 51 x 113 cm (L x B x H) Storlek hopf\u00e4lld: 58 x 51 x 133 cm (L x B x H) Vikt: 18 kg Max. anv\u00e4ndarens vikt: 100 kg Max. anv\u00e4ndarens l\u00e4ngd: 1,85 m Leveransomfattning: 1 x motionscykel 1 x tillbeh\u00f6rspaket 1 x bruksanvisning SONGMICS Anm\u00e4rkningar:Personer med hj\u00e4rt- och k\u00e4rlproblem och\/eller strokepatienter b\u00f6r inte anv\u00e4nda denna produkt. Str\u00e4ck p\u00e5 dig innan du tr\u00e4nar p\u00e5 denna cykel. Av s\u00e4kerhetssk\u00e4l b\u00f6r produkten h\u00e5llas borta fr\u00e5n barn och husdjur. Underh\u00e5ll motionscykeln regelbundet f\u00f6r att s\u00e4kerst\u00e4lla en l\u00e4ngre livsl\u00e4ngd, s\u00e4rskilt genom att dra \u00e5t skruvarna ordentligt.<\/p>\n","protected":false},"excerpt":{"rendered":"<p>SONGMICS tr\u00e4ningsredskap f\u00f6r hemmet, motionscykel, hemmabicykel, tr\u00e4ningsredskap f\u00f6r hemmet, hopf\u00e4llbar, med motst\u00e5ndsband, uppr\u00e4tt sittposition och halvliggande tr\u00e4ningsposition, svart-gr\u00e5 SEB014G01<\/p>\n","protected":false},"featured_media":46304,"comment_status":"open","ping_status":"closed","template":"","meta":[],"product_brand":[],"product_cat":[33],"product_tag":[],"class_list":{"0":"post-19377","1":"product","2":"type-product","3":"status-publish","4":"has-post-thumbnail","6":"product_cat-okategoriserad","8":"first","9":"instock","10":"shipping-taxable","11":"purchasable","12":"product-type-simple"},"_links":{"self":[{"href":"https:\/\/nordicmart.andreevmaster.com\/sv\/wp-json\/wp\/v2\/product\/19377","targetHints":{"allow":["GET"]}}],"collection":[{"href":"https:\/\/nordicmart.andreevmaster.com\/sv\/wp-json\/wp\/v2\/product"}],"about":[{"href":"https:\/\/nordicmart.andreevmaster.com\/sv\/wp-json\/wp\/v2\/types\/product"}],"replies":[{"embeddable":true,"href":"https:\/\/nordicmart.andreevmaster.com\/sv\/wp-json\/wp\/v2\/comments?post=19377"}],"wp:featuredmedia":[{"embeddable":true,"href":"https:\/\/nordicmart.andreevmaster.com\/sv\/wp-json\/wp\/v2\/media\/46304"}],"wp:attachment":[{"href":"https:\/\/nordicmart.andreevmaster.com\/sv\/wp-json\/wp\/v2\/media?parent=19377"}],"wp:term":[{"taxonomy":"product_brand","embeddable":true,"href":"https:\/\/nordicmart.andreevmaster.com\/sv\/wp-json\/wp\/v2\/product_brand?post=19377"},{"taxonomy":"product_cat","embeddable":true,"href":"https:\/\/nordicmart.andreevmaster.com\/sv\/wp-json\/wp\/v2\/product_cat?post=19377"},{"taxonomy":"product_tag","embeddable":true,"href":"https:\/\/nordicmart.andreevmaster.com\/sv\/wp-json\/wp\/v2\/product_tag?post=19377"}],"curies":[{"name":"wp","href":"https:\/\/api.w.org\/{rel}","templated":true}]}}