{"id":19376,"date":"2026-02-27T00:44:25","date_gmt":"2026-02-27T00:44:25","guid":{"rendered":"https:\/\/nordicmart.andreevmaster.com\/product\/songmics-motionscykel-orange-gra\/"},"modified":"2026-02-27T08:31:56","modified_gmt":"2026-02-27T08:31:56","slug":"songmics-motionscykel-orange-gra","status":"publish","type":"product","link":"https:\/\/nordicmart.andreevmaster.com\/sv\/produkt\/songmics-motionscykel-orange-gra\/","title":{"rendered":"SONGMICS motionscykel orange-gr\u00e5"},"content":{"rendered":"<p>Tr\u00e4ning f\u00f6r och med hj\u00e4rtat: Med denna maskin kan du st\u00e4rka din cirkulation, tr\u00e4na muskler, minska stress och fr\u00e4mja en sund matsm\u00e4ltning. Du beh\u00f6ver inte l\u00e4ngre springa genom parken i iskall kyla. H\u00e5ll fast vid denna fitnesscykel och tr\u00e4na bekv\u00e4mt hemma. Tr\u00e4na bekv\u00e4mt: K\u00e4nner du dig inte bra efter tr\u00e4ningen? S\u00e4rskilt i ryggen och ryggraden? Denna maskin \u00e4r utrustad med en bekv\u00e4m, justerbar sadel, 2 handtag och ett ryggst\u00f6d. S\u00e5 kan du slappna av i ryggen och koncentrera dig helt p\u00e5 tr\u00e4ningen. Enkel montering och f\u00f6rvaring: Tack vare de tydliga instruktionerna bygger du muskler p\u00e5 denna maskin innan du m\u00e4rker det: N\u00e4r du \u00e4r klar med din dagliga tr\u00e4ning kan du enkelt f\u00e4lla ihop cykeln och st\u00e4lla den i ett h\u00f6rn \u2013 ingen demontering kr\u00e4vs! Produktdetaljer:F\u00e4rg: Orange-gr\u00e5 Material: St\u00e5l, plast, PU-konstl\u00e4der, skumplast Information p\u00e5 displayen: Puls, hastighet, tid, str\u00e4cka, kilometerm\u00e4tare, kalorif\u00f6rbrukning M\u00e5tt: 70 x 41 x 113 cm (L x B x H) Vikt: 16,7 kg Max. anv\u00e4ndarvikt: 100 kg Max. anv\u00e4ndarh\u00f6jd: 1,85 m H\u00f6jd p\u00e5 justerbar sadel: 73\u201386 cm Leveransomfattning: 1 x motionscykel 2 x AAA-batteri 1 x tillbeh\u00f6rspaket 1 x bruksanvisning (DE, EN, FR, ES, IT) SONGMICS Anm\u00e4rkningar:Personer med hj\u00e4rt- och k\u00e4rlproblem och\/eller strokepatienter b\u00f6r inte anv\u00e4nda denna produkt. Denna produkt \u00e4r inte l\u00e4mplig f\u00f6r barn. Str\u00e4ck p\u00e5 dig innan du tr\u00e4nar p\u00e5 denna cykel. F\u00f6rvara produkten i uppr\u00e4tt l\u00e4ge. L\u00e4gg den inte p\u00e5 golvet. Anv\u00e4nd produkten endast p\u00e5 torr och plan yta.<\/p>\n","protected":false},"excerpt":{"rendered":"<p>SONGMICS motionscykel, fitnesscykel, hopf\u00e4llbar, med ryggst\u00f6d, pulsm\u00e4tning, mobilh\u00e5llare, 8 magnetiska motst\u00e5ndsinst\u00e4llningar, belastningskapacitet upp till 100 kg, svart-gr\u00e5 SEB012B01<\/p>\n","protected":false},"featured_media":46303,"comment_status":"open","ping_status":"closed","template":"","meta":[],"product_brand":[],"product_cat":[33],"product_tag":[],"class_list":{"0":"post-19376","1":"product","2":"type-product","3":"status-publish","4":"has-post-thumbnail","6":"product_cat-okategoriserad","8":"first","9":"instock","10":"shipping-taxable","11":"purchasable","12":"product-type-simple"},"_links":{"self":[{"href":"https:\/\/nordicmart.andreevmaster.com\/sv\/wp-json\/wp\/v2\/product\/19376","targetHints":{"allow":["GET"]}}],"collection":[{"href":"https:\/\/nordicmart.andreevmaster.com\/sv\/wp-json\/wp\/v2\/product"}],"about":[{"href":"https:\/\/nordicmart.andreevmaster.com\/sv\/wp-json\/wp\/v2\/types\/product"}],"replies":[{"embeddable":true,"href":"https:\/\/nordicmart.andreevmaster.com\/sv\/wp-json\/wp\/v2\/comments?post=19376"}],"wp:featuredmedia":[{"embeddable":true,"href":"https:\/\/nordicmart.andreevmaster.com\/sv\/wp-json\/wp\/v2\/media\/46303"}],"wp:attachment":[{"href":"https:\/\/nordicmart.andreevmaster.com\/sv\/wp-json\/wp\/v2\/media?parent=19376"}],"wp:term":[{"taxonomy":"product_brand","embeddable":true,"href":"https:\/\/nordicmart.andreevmaster.com\/sv\/wp-json\/wp\/v2\/product_brand?post=19376"},{"taxonomy":"product_cat","embeddable":true,"href":"https:\/\/nordicmart.andreevmaster.com\/sv\/wp-json\/wp\/v2\/product_cat?post=19376"},{"taxonomy":"product_tag","embeddable":true,"href":"https:\/\/nordicmart.andreevmaster.com\/sv\/wp-json\/wp\/v2\/product_tag?post=19376"}],"curies":[{"name":"wp","href":"https:\/\/api.w.org\/{rel}","templated":true}]}}