{"id":19374,"date":"2026-02-27T00:44:24","date_gmt":"2026-02-27T00:44:24","guid":{"rendered":"https:\/\/nordicmart.andreevmaster.com\/product\/rulletraener-sort-2\/"},"modified":"2026-02-27T08:31:56","modified_gmt":"2026-02-27T08:31:56","slug":"rulletraener-sort-2","status":"publish","type":"product","link":"https:\/\/nordicmart.andreevmaster.com\/sv\/produkt\/rulletraener-sort-2\/","title":{"rendered":"Rulletr\u00e6ner sort"},"content":{"rendered":"<p>Du skal ikke bekymre dig om vejret. Du st\u00e5r upp varje morgon med ett tydligt m\u00e5l: Idag ska jag g\u00f6ra mitt b\u00e4sta. Du kl\u00e4r p\u00e5 dig och \u00f6ppnar ytterd\u00f6rren, men ser ov\u00e4dermoln p\u00e5 himlen, vattenp\u00f6lar p\u00e5 gatan och \u00f6sregn. &#8221;Turligt nog &#8230;&#8221; s\u00e4ger du, &#8221;har jag en rullesk\u00f8jte!&#8221; Du \u00e4r en av de kloka. Regn och d\u00e5ligt v\u00e4der kommer inte att hindra dig fr\u00e5n att tr\u00e4na och h\u00e5lla dig frisk. Din racercykel monteras p\u00e5 rullskridskotr\u00e4naren i enkla steg, och med progressiva motst\u00e5ndsniv\u00e5er kan du simulera olika sv\u00e5righetsgrader i ditt vardagsrum, som om du cyklade p\u00e5 en cykelv\u00e4g eller landsv\u00e4g. Den l\u00e4ttl\u00f6pande mekanismen g\u00f6r att du kan tr\u00e4na tyst och lugnt utan att st\u00f6ra din familj eller dina grannar. Den medf\u00f6ljande framhjulsst\u00f6det h\u00e5ller ocks\u00e5 din cykel stabil. N\u00e4r du har denna rulltr\u00e4nare fr\u00e5n SONGMICS kommer din tr\u00e4ning inte l\u00e4ngre att vara beroende av v\u00e4dret, utan av dig! Produktdetaljer: F\u00e4rg: Svart Material: St\u00e5l Storlek p\u00e5 utf\u00e4lld produkt: 70 x 56 x 42 cm (L x B x H) Storlek p\u00e5 hopf\u00e4lld produkt: 47 x 22 x 51 cm (L x B x H) Vikt: 9,8 kg Max. Statisk belastningskapacitet: 100 kgLeveransomf\u00e5ng:1 x Fluid cykeltr\u00e4nare1 x framhjulsst\u00f6d1 x snabbkoppling1 x instruktionerSONGMICS Anm\u00e4rkningar:Innan anv\u00e4ndning ska du se till att din cykel \u00e4r ordentligt fastsatt p\u00e5 tr\u00e4naren.R\u00f6r aldrig cykelns d\u00e4ck eller tr\u00e4narens motst\u00e5ndshjul under tr\u00e4ning. Sl\u00e4pp aldrig cykelns styre under tr\u00e4ning. Av s\u00e4kerhetssk\u00e4l ska du h\u00e5lla rulltr\u00e4naren borta fr\u00e5n barn och husdjur.<\/p>\n","protected":false},"excerpt":{"rendered":"<p>Du skal ikke bekymre dig om vejret. Du st\u00e5r upp varje morgon med ett tydligt m\u00e5l: Idag ska jag g\u00f6ra mitt b\u00e4sta. Du kl\u00e4r p\u00e5 dig och \u00f6ppnar ytterd\u00f6rren, men ser ov\u00e4dermoln p\u00e5 himlen, vattenp\u00f6lar p\u00e5 gatan och \u00f6sregn. &#8221;Turligt nog &#8230;&#8221; s\u00e4ger du, &#8221;har jag en rullesk\u00f8jte!&#8221; Du \u00e4r en av de kloka. Regn [&hellip;]<\/p>\n","protected":false},"featured_media":0,"comment_status":"open","ping_status":"closed","template":"","meta":[],"product_brand":[],"product_cat":[33],"product_tag":[],"class_list":{"0":"post-19374","1":"product","2":"type-product","3":"status-publish","5":"product_cat-okategoriserad","7":"first","8":"instock","9":"shipping-taxable","10":"purchasable","11":"product-type-simple"},"_links":{"self":[{"href":"https:\/\/nordicmart.andreevmaster.com\/sv\/wp-json\/wp\/v2\/product\/19374","targetHints":{"allow":["GET"]}}],"collection":[{"href":"https:\/\/nordicmart.andreevmaster.com\/sv\/wp-json\/wp\/v2\/product"}],"about":[{"href":"https:\/\/nordicmart.andreevmaster.com\/sv\/wp-json\/wp\/v2\/types\/product"}],"replies":[{"embeddable":true,"href":"https:\/\/nordicmart.andreevmaster.com\/sv\/wp-json\/wp\/v2\/comments?post=19374"}],"wp:attachment":[{"href":"https:\/\/nordicmart.andreevmaster.com\/sv\/wp-json\/wp\/v2\/media?parent=19374"}],"wp:term":[{"taxonomy":"product_brand","embeddable":true,"href":"https:\/\/nordicmart.andreevmaster.com\/sv\/wp-json\/wp\/v2\/product_brand?post=19374"},{"taxonomy":"product_cat","embeddable":true,"href":"https:\/\/nordicmart.andreevmaster.com\/sv\/wp-json\/wp\/v2\/product_cat?post=19374"},{"taxonomy":"product_tag","embeddable":true,"href":"https:\/\/nordicmart.andreevmaster.com\/sv\/wp-json\/wp\/v2\/product_tag?post=19374"}],"curies":[{"name":"wp","href":"https:\/\/api.w.org\/{rel}","templated":true}]}}