{"id":19373,"date":"2026-02-27T00:44:24","date_gmt":"2026-02-27T00:44:24","guid":{"rendered":"https:\/\/nordicmart.andreevmaster.com\/product\/songmics-cykelrulltranare-for-inomhusbruk\/"},"modified":"2026-02-27T08:31:56","modified_gmt":"2026-02-27T08:31:56","slug":"songmics-cykelrulltranare-for-inomhusbruk","status":"publish","type":"product","link":"https:\/\/nordicmart.andreevmaster.com\/sv\/produkt\/songmics-cykelrulltranare-for-inomhusbruk\/","title":{"rendered":"SONGMICS cykelrulltr\u00e4nare f\u00f6r inomhusbruk"},"content":{"rendered":"<p>Bry dig inte om v\u00e4dret. Best\u00e4m sj\u00e4lv hur du vill tr\u00e4na. Du st\u00e5r upp varje morgon med ett tydligt m\u00e5l: Idag ska jag g\u00f6ra mitt b\u00e4sta. Du kl\u00e4r p\u00e5 dig och \u00f6ppnar ytterd\u00f6rren, men ser \u00e5skmoln p\u00e5 himlen, p\u00f6lar p\u00e5 gatan och regnet som smattrar.\u201dTur att jag har en rulltrainer!\u201d, s\u00e4ger du. Du \u00e4r en av de kloka. Regn och d\u00e5ligt v\u00e4der kommer inte att hindra dig fr\u00e5n att n\u00e5 din fitness- och h\u00e4lsom\u00e5l. Du klarar dagen, oavsett vilka sv\u00e5righeter du m\u00f6ter. Din racercykel monteras enkelt p\u00e5 rulltr\u00e4naren. Med de 6 justerbara motst\u00e5ndsniv\u00e5erna kan du simulera olika sv\u00e5righetsgrader i ditt vardagsrum, som om du cyklar p\u00e5 en cykelv\u00e4g eller landsv\u00e4g. Den smidiga mekanismen m\u00f6jligg\u00f6r tyst tr\u00e4ning utan att st\u00f6ra din familj eller grannar. Det medf\u00f6ljande framhjulsst\u00f6det h\u00e5ller dessutom din cykel stabil. Med denna rulltr\u00e4nare fr\u00e5n SONGMICS \u00e4r din tr\u00e4ning inte l\u00e4ngre beroende av v\u00e4dret, utan av dig sj\u00e4lv! Produktdetaljer: F\u00e4rg: Svart Material: St\u00e5l Storlek p\u00e5 uppf\u00e4llt produkt: 50 x 40 x 42 cm (L x B x H) Storlek p\u00e5 hopf\u00e4llt produkt: 50 x 14 x 42 cm (L x B x H) Vikt: 7,5 kg Max. statisk belastningskapacitet: 100 kg Leveransomfattning: 1 x inomhusrulltr\u00e4nare 1 x framhjulsst\u00f6d 1 x justerbar motst\u00e5ndsregulator 1 x snabbsp\u00e4nne 1 x bruksanvisning (DE, EN, ES, FR, IT) SONGMICS Anm\u00e4rkningar:Innan anv\u00e4ndning, se till att din cykel \u00e4r ordentligt fastsatt p\u00e5 tr\u00e4ningsredskapet. R\u00f6r under inga omst\u00e4ndigheter cykelns d\u00e4ck eller tr\u00e4ningsredskapets motst\u00e5ndshjul under tr\u00e4ningen. Sl\u00e4pp aldrig cykelns styre under tr\u00e4ningen. Av s\u00e4kerhetssk\u00e4l, h\u00e5ll tr\u00e4ningsredskapet borta fr\u00e5n barn och husdjur.<\/p>\n","protected":false},"excerpt":{"rendered":"<p>SONGMICS rulltr\u00e4nare, magnetisk cykelmotst\u00e5ndstr\u00e4nare med ljudd\u00e4mpande hjul, hopf\u00e4llbar f\u00f6r enkel f\u00f6rvaring, svart SBT01B<\/p>\n","protected":false},"featured_media":46301,"comment_status":"open","ping_status":"closed","template":"","meta":[],"product_brand":[],"product_cat":[33],"product_tag":[],"class_list":{"0":"post-19373","1":"product","2":"type-product","3":"status-publish","4":"has-post-thumbnail","6":"product_cat-okategoriserad","8":"first","9":"instock","10":"shipping-taxable","11":"purchasable","12":"product-type-simple"},"_links":{"self":[{"href":"https:\/\/nordicmart.andreevmaster.com\/sv\/wp-json\/wp\/v2\/product\/19373","targetHints":{"allow":["GET"]}}],"collection":[{"href":"https:\/\/nordicmart.andreevmaster.com\/sv\/wp-json\/wp\/v2\/product"}],"about":[{"href":"https:\/\/nordicmart.andreevmaster.com\/sv\/wp-json\/wp\/v2\/types\/product"}],"replies":[{"embeddable":true,"href":"https:\/\/nordicmart.andreevmaster.com\/sv\/wp-json\/wp\/v2\/comments?post=19373"}],"wp:featuredmedia":[{"embeddable":true,"href":"https:\/\/nordicmart.andreevmaster.com\/sv\/wp-json\/wp\/v2\/media\/46301"}],"wp:attachment":[{"href":"https:\/\/nordicmart.andreevmaster.com\/sv\/wp-json\/wp\/v2\/media?parent=19373"}],"wp:term":[{"taxonomy":"product_brand","embeddable":true,"href":"https:\/\/nordicmart.andreevmaster.com\/sv\/wp-json\/wp\/v2\/product_brand?post=19373"},{"taxonomy":"product_cat","embeddable":true,"href":"https:\/\/nordicmart.andreevmaster.com\/sv\/wp-json\/wp\/v2\/product_cat?post=19373"},{"taxonomy":"product_tag","embeddable":true,"href":"https:\/\/nordicmart.andreevmaster.com\/sv\/wp-json\/wp\/v2\/product_tag?post=19373"}],"curies":[{"name":"wp","href":"https:\/\/api.w.org\/{rel}","templated":true}]}}