{"id":19372,"date":"2026-02-27T00:44:23","date_gmt":"2026-02-27T00:44:23","guid":{"rendered":"https:\/\/nordicmart.andreevmaster.com\/product\/songmics-med-snabbspanne-och-snabbkoppling\/"},"modified":"2026-02-27T08:31:55","modified_gmt":"2026-02-27T08:31:55","slug":"songmics-med-snabbspanne-och-snabbkoppling","status":"publish","type":"product","link":"https:\/\/nordicmart.andreevmaster.com\/sv\/produkt\/songmics-med-snabbspanne-och-snabbkoppling\/","title":{"rendered":"SONGMICS med snabbsp\u00e4nne och snabbkoppling"},"content":{"rendered":"<p>Observera: Som med alla rulltr\u00e4nare beror ljudniv\u00e5n p\u00e5 d\u00e4ckets kontaktyta. F\u00f6r att minska bullret rekommenderas att du anv\u00e4nder en racercykel, eftersom mountainbikes kan generera mer buller. En golvmatta eller ett mattor under tr\u00e4naren kan ocks\u00e5 d\u00e4mpa ljudet. Bry dig inte om v\u00e4dret. Best\u00e4m sj\u00e4lv hur du vill tr\u00e4na. Du st\u00e5r upp varje morgon med ett tydligt m\u00e5l: Idag ska jag g\u00f6ra mitt b\u00e4sta. Du kl\u00e4r p\u00e5 dig och \u00f6ppnar ytterd\u00f6rren, men ser \u00e5skmoln p\u00e5 himlen, p\u00f6lar p\u00e5 gatan och regnet som smattrar. \u201dTur att jag har en rulltr\u00e4nare!\u201d, s\u00e4ger du. Du \u00e4r en av de kloka. Regn och d\u00e5ligt v\u00e4der kommer inte att hindra dig fr\u00e5n att n\u00e5 din fitness- och h\u00e4lsom\u00e5l. Du klarar dagen, oavsett vilka sv\u00e5righeter du m\u00f6ter. Din racercykel monteras enkelt p\u00e5 rulltr\u00e4naren. Med de 6 justerbara motst\u00e5ndsniv\u00e5erna kan du simulera olika sv\u00e5righetsgrader i ditt vardagsrum, som om du cyklar p\u00e5 en cykelv\u00e4g eller landsv\u00e4g. Den smidiga mekanismen m\u00f6jligg\u00f6r tyst tr\u00e4ning utan att st\u00f6ra din familj eller grannar. Det medf\u00f6ljande framhjulsst\u00f6det h\u00e5ller dessutom din cykel stabil. Med denna rulltr\u00e4nare fr\u00e5n SONGMICS \u00e4r din tr\u00e4ning inte l\u00e4ngre beroende av v\u00e4dret, utan av dig sj\u00e4lv! Produktdetaljer:F\u00e4rg: SvartMaterial: St\u00e5lStorlek p\u00e5 uppf\u00e4llt produkt: 54,5 x 50 x 40,5 cm (L x B x H)Storlek p\u00e5 hopf\u00e4llt produkt: 54,5 x 19 x 47 cm (L x B x H)Vikt: 6,6 kgMax. statisk belastningskapacitet: 100 kgLeveransomfattning:1 x inomhusrulltr\u00e4nare1 x framhjulsst\u00f6d1 x justerbar motst\u00e5ndsregulator1 x snabbsp\u00e4nne1 x bruksanvisning (DE, EN, ES, FR, IT)SONGMICS Anm\u00e4rkningar:Innan anv\u00e4ndning, se till att din cykel \u00e4r stabilt fastsatt p\u00e5 tr\u00e4naren.R\u00f6r under inga omst\u00e4ndigheter cykelns d\u00e4ck eller tr\u00e4ningscykelns motst\u00e5ndshjul under tr\u00e4ningen. Sl\u00e4pp aldrig cykelns styre under tr\u00e4ningen. Av s\u00e4kerhetssk\u00e4l ska du h\u00e5lla tr\u00e4ningscykeln borta fr\u00e5n barn och husdjur.<\/p>\n","protected":false},"excerpt":{"rendered":"<p>SONGMICS rulltr\u00e4nare, magnetisk cykelmotst\u00e5ndstr\u00e4nare med ljudd\u00e4mpande hjul, med snabbsp\u00e4nne och snabbkoppling, svart SBT003B01<\/p>\n","protected":false},"featured_media":46300,"comment_status":"open","ping_status":"closed","template":"","meta":[],"product_brand":[],"product_cat":[33],"product_tag":[],"class_list":{"0":"post-19372","1":"product","2":"type-product","3":"status-publish","4":"has-post-thumbnail","6":"product_cat-okategoriserad","8":"first","9":"instock","10":"shipping-taxable","11":"purchasable","12":"product-type-simple"},"_links":{"self":[{"href":"https:\/\/nordicmart.andreevmaster.com\/sv\/wp-json\/wp\/v2\/product\/19372","targetHints":{"allow":["GET"]}}],"collection":[{"href":"https:\/\/nordicmart.andreevmaster.com\/sv\/wp-json\/wp\/v2\/product"}],"about":[{"href":"https:\/\/nordicmart.andreevmaster.com\/sv\/wp-json\/wp\/v2\/types\/product"}],"replies":[{"embeddable":true,"href":"https:\/\/nordicmart.andreevmaster.com\/sv\/wp-json\/wp\/v2\/comments?post=19372"}],"wp:featuredmedia":[{"embeddable":true,"href":"https:\/\/nordicmart.andreevmaster.com\/sv\/wp-json\/wp\/v2\/media\/46300"}],"wp:attachment":[{"href":"https:\/\/nordicmart.andreevmaster.com\/sv\/wp-json\/wp\/v2\/media?parent=19372"}],"wp:term":[{"taxonomy":"product_brand","embeddable":true,"href":"https:\/\/nordicmart.andreevmaster.com\/sv\/wp-json\/wp\/v2\/product_brand?post=19372"},{"taxonomy":"product_cat","embeddable":true,"href":"https:\/\/nordicmart.andreevmaster.com\/sv\/wp-json\/wp\/v2\/product_cat?post=19372"},{"taxonomy":"product_tag","embeddable":true,"href":"https:\/\/nordicmart.andreevmaster.com\/sv\/wp-json\/wp\/v2\/product_tag?post=19372"}],"curies":[{"name":"wp","href":"https:\/\/api.w.org\/{rel}","templated":true}]}}