{"id":19371,"date":"2026-02-27T00:44:23","date_gmt":"2026-02-27T00:44:23","guid":{"rendered":"https:\/\/nordicmart.andreevmaster.com\/product\/songmics-vaggfaste-for-cyklar-svart-rod\/"},"modified":"2026-02-27T08:31:55","modified_gmt":"2026-02-27T08:31:55","slug":"songmics-vaggfaste-for-cyklar-svart-rod","status":"publish","type":"product","link":"https:\/\/nordicmart.andreevmaster.com\/sv\/produkt\/songmics-vaggfaste-for-cyklar-svart-rod\/","title":{"rendered":"SONGMICS V\u00e4ggf\u00e4ste f\u00f6r cyklar svart-r\u00f6d"},"content":{"rendered":"<p>Enklare cykelreparationer: Med detta platsbesparande, v\u00e4ggmonterade reparationsstativ kan du h\u00e5lla ordning i garaget eller hobbyverkstaden och samtidigt f\u00f6renkla reparationer och underh\u00e5llsarbete. Nu beh\u00f6ver du inte l\u00e4ngre krypa p\u00e5 golvet eller be en v\u00e4n om hj\u00e4lp f\u00f6r att h\u00e5lla din cykel i gott skick.Fr\u00e5n holl\u00e4ndska cyklar till mountainbikes: Detta monteringsstativ kan belastas med holl\u00e4ndska cyklar eller mountainbikes upp till 20 kg. Den mjuka TPR-kl\u00e4mman omsluter cykelramar eller sadelstolpar med en diameter p\u00e5 25 till 40 mm och kan vridas 360\u00b0. Produktdetaljer:F\u00e4rg: Svart-r\u00f6d Material: St\u00e5l, plast Storlek: 44 x 10 x 10 cm (L x B x H) Vikt: 1,9 kg Max. statisk belastningskapacitet: 20 kg Leveransomfattning: 1 x cykelreparationsst\u00e4ll (kl\u00e4marm) 2 x v\u00e4ggf\u00e4ste 1 x bruksanvisning (DE, EN, FR, ES, IT) SONGMICS Anm\u00e4rkningar:Denna produkt \u00e4r uteslutande avsedd f\u00f6r montering och reparation av cyklar i privat bruk. Montera och anv\u00e4nd denna produkt i enlighet med bruksanvisningen. Montera denna produkt p\u00e5 en solid v\u00e4gg (t.ex. en tegelv\u00e4gg). Montera den inte p\u00e5 en gipsv\u00e4gg. Var f\u00f6rsiktig n\u00e4r du monterar, tar bort eller justerar h\u00f6jden p\u00e5 produkten. Den maximala belastningen f\u00f6r denna produkt \u00e4r 20 kg. Denna h\u00e5llare \u00e4r d\u00e4rf\u00f6r inte l\u00e4mplig f\u00f6r reparation av tyngre cyklar. Kl\u00e4mman kan omsluta st\u00e4nger med en diameter p\u00e5 25-40 mm. Anv\u00e4nd inte produkten f\u00f6r cyklar med st\u00f6rre st\u00e4nger. N\u00e4r du reparerar en cykel med hj\u00e4lp av denna produkt b\u00f6r du se till att cykelns tyngdpunkt alltid \u00e4r i balans. L\u00e5t inte barn kl\u00e4ttra p\u00e5 produkten, h\u00e4nga i den eller leka i n\u00e4rheten f\u00f6r att undvika eventuella skador.<\/p>\n","protected":false},"excerpt":{"rendered":"<p>SONGMICS V\u00e4ggf\u00e4ste f\u00f6r cyklar, cykelmonteringsst\u00e4ll, reparationsst\u00e4ll, monteringsst\u00e4ll f\u00f6r tung last, 360\u00b0 vridbart, v\u00e4ggmontering, avtagbart, 2 v\u00e4ggf\u00e4sten, 1 kl\u00e4marm, svart-r\u00f6d SBR08B<\/p>\n","protected":false},"featured_media":46299,"comment_status":"open","ping_status":"closed","template":"","meta":[],"product_brand":[],"product_cat":[33],"product_tag":[],"class_list":{"0":"post-19371","1":"product","2":"type-product","3":"status-publish","4":"has-post-thumbnail","6":"product_cat-okategoriserad","8":"first","9":"instock","10":"shipping-taxable","11":"purchasable","12":"product-type-simple"},"_links":{"self":[{"href":"https:\/\/nordicmart.andreevmaster.com\/sv\/wp-json\/wp\/v2\/product\/19371","targetHints":{"allow":["GET"]}}],"collection":[{"href":"https:\/\/nordicmart.andreevmaster.com\/sv\/wp-json\/wp\/v2\/product"}],"about":[{"href":"https:\/\/nordicmart.andreevmaster.com\/sv\/wp-json\/wp\/v2\/types\/product"}],"replies":[{"embeddable":true,"href":"https:\/\/nordicmart.andreevmaster.com\/sv\/wp-json\/wp\/v2\/comments?post=19371"}],"wp:featuredmedia":[{"embeddable":true,"href":"https:\/\/nordicmart.andreevmaster.com\/sv\/wp-json\/wp\/v2\/media\/46299"}],"wp:attachment":[{"href":"https:\/\/nordicmart.andreevmaster.com\/sv\/wp-json\/wp\/v2\/media?parent=19371"}],"wp:term":[{"taxonomy":"product_brand","embeddable":true,"href":"https:\/\/nordicmart.andreevmaster.com\/sv\/wp-json\/wp\/v2\/product_brand?post=19371"},{"taxonomy":"product_cat","embeddable":true,"href":"https:\/\/nordicmart.andreevmaster.com\/sv\/wp-json\/wp\/v2\/product_cat?post=19371"},{"taxonomy":"product_tag","embeddable":true,"href":"https:\/\/nordicmart.andreevmaster.com\/sv\/wp-json\/wp\/v2\/product_tag?post=19371"}],"curies":[{"name":"wp","href":"https:\/\/api.w.org\/{rel}","templated":true}]}}