{"id":19367,"date":"2026-02-27T00:44:22","date_gmt":"2026-02-27T00:44:22","guid":{"rendered":"https:\/\/nordicmart.andreevmaster.com\/product\/songmics-reparationsstall-for-cyklar\/"},"modified":"2026-02-27T08:31:54","modified_gmt":"2026-02-27T08:31:54","slug":"songmics-reparationsstall-for-cyklar","status":"publish","type":"product","link":"https:\/\/nordicmart.andreevmaster.com\/sv\/produkt\/songmics-reparationsstall-for-cyklar\/","title":{"rendered":"SONGMICS reparationsst\u00e4ll f\u00f6r cyklar"},"content":{"rendered":"<p>L\u00e4mna de tunga uppgifterna till detta reparationsstativ: I framtiden beh\u00f6ver du inte l\u00e4ngre krypa p\u00e5 golvet eller anv\u00e4nda duschdraperist\u00e5ngen i badrummet (det finns ju de mest fantastiska id\u00e9erna) f\u00f6r att reparera din cykel. Med detta professionella reparationsstativ fr\u00e5n SONGMICS kan du lyfta din cykel till en bekv\u00e4m h\u00f6jd s\u00e5 att du enkelt kommer \u00e5t alla delar.Om du dessutom beh\u00f6ver h\u00e5llaren n\u00e4r du \u00e4r p\u00e5 resande fot kan du helt enkelt trycka p\u00e5 snabbkopplingen, f\u00e4lla ihop stativet och f\u00f6rvara det i bilen \u2013 s\u00e5 enkelt \u00e4r det! Omfattande funktioner: Detta monteringsstativ kan belastas med holl\u00e4ndska cyklar eller mountainbikes upp till 30 kg. Den mjuka plastkl\u00e4mman omsluter cykelramar eller sadelstolpar med en diameter p\u00e5 25 till 40 mm och kan vridas 360\u00b0. Du kan ocks\u00e5 justera det stabila j\u00e4rnstativet i h\u00f6jd mellan 99 och 172 cm. Produktdetaljer: F\u00e4rg: Svart Material: J\u00e4rn, TPR-kl\u00e4mma (termoplastisk gummi) Storlek: 141,5 x 100 x 99-172 cm (L x B x H) Vikt: 6,3 kg Max. statisk belastningskapacitet: 30 kg Leveransomfattning: 1 x cykelreparationsst\u00e4ll 1 x magnetisk verktygssk\u00e5l 1 x bruksanvisning (DE, EN, FR, ES, IT) SONGMICS Anm\u00e4rkningar:Denna produkt \u00e4r uteslutande avsedd f\u00f6r montering och reparation av cyklar i privat bruk. Montera och anv\u00e4nd denna produkt i enlighet med bruksanvisningen. St\u00e4ll produkten p\u00e5 ett plant och stabilt underlag. Det f\u00e5r inte finnas n\u00e5gra andra f\u00f6rem\u00e5l i n\u00e4rheten f\u00f6r att undvika kollisioner. Var f\u00f6rsiktig n\u00e4r du f\u00e4ller ut eller f\u00e4ller ihop produkten eller justerar h\u00f6jden. Den maximala belastningskapaciteten f\u00f6r denna produkt \u00e4r 30 kg. Detta stativ \u00e4r d\u00e4rf\u00f6r inte l\u00e4mpligt f\u00f6r reparation av tyngre cyklar. Kl\u00e4mman kan omsluta st\u00e4nger med en omkrets p\u00e5 25\u201340 mm. Anv\u00e4nd inte produkten f\u00f6r cyklar med st\u00f6rre st\u00e4nger. N\u00e4r du reparerar en cykel med hj\u00e4lp av denna produkt b\u00f6r du se till att tyngdpunkten alltid \u00e4r i balans. L\u00e5t inte barn kl\u00e4ttra p\u00e5 produkten eller leka i n\u00e4rheten f\u00f6r att undvika eventuella skador.<\/p>\n","protected":false},"excerpt":{"rendered":"<p>SONGMICS Tunglastcykelmonteringsst\u00e4ll f\u00f6r proffs, reparationsst\u00e4ll f\u00f6r cyklar, monteringsst\u00e4ll med magnetisk verktygssk\u00e5l, reparationssats, l\u00e4tt, enkel transport, svart SBR05B<\/p>\n","protected":false},"featured_media":46295,"comment_status":"open","ping_status":"closed","template":"","meta":[],"product_brand":[],"product_cat":[33],"product_tag":[],"class_list":{"0":"post-19367","1":"product","2":"type-product","3":"status-publish","4":"has-post-thumbnail","6":"product_cat-okategoriserad","8":"first","9":"instock","10":"shipping-taxable","11":"purchasable","12":"product-type-simple"},"_links":{"self":[{"href":"https:\/\/nordicmart.andreevmaster.com\/sv\/wp-json\/wp\/v2\/product\/19367","targetHints":{"allow":["GET"]}}],"collection":[{"href":"https:\/\/nordicmart.andreevmaster.com\/sv\/wp-json\/wp\/v2\/product"}],"about":[{"href":"https:\/\/nordicmart.andreevmaster.com\/sv\/wp-json\/wp\/v2\/types\/product"}],"replies":[{"embeddable":true,"href":"https:\/\/nordicmart.andreevmaster.com\/sv\/wp-json\/wp\/v2\/comments?post=19367"}],"wp:featuredmedia":[{"embeddable":true,"href":"https:\/\/nordicmart.andreevmaster.com\/sv\/wp-json\/wp\/v2\/media\/46295"}],"wp:attachment":[{"href":"https:\/\/nordicmart.andreevmaster.com\/sv\/wp-json\/wp\/v2\/media?parent=19367"}],"wp:term":[{"taxonomy":"product_brand","embeddable":true,"href":"https:\/\/nordicmart.andreevmaster.com\/sv\/wp-json\/wp\/v2\/product_brand?post=19367"},{"taxonomy":"product_cat","embeddable":true,"href":"https:\/\/nordicmart.andreevmaster.com\/sv\/wp-json\/wp\/v2\/product_cat?post=19367"},{"taxonomy":"product_tag","embeddable":true,"href":"https:\/\/nordicmart.andreevmaster.com\/sv\/wp-json\/wp\/v2\/product_tag?post=19367"}],"curies":[{"name":"wp","href":"https:\/\/api.w.org\/{rel}","templated":true}]}}