{"id":19365,"date":"2026-02-27T00:44:21","date_gmt":"2026-02-27T00:44:21","guid":{"rendered":"https:\/\/nordicmart.andreevmaster.com\/product\/songmics-reparationsstall-for-tunga-cyklar\/"},"modified":"2026-02-27T08:31:54","modified_gmt":"2026-02-27T08:31:54","slug":"songmics-reparationsstall-for-tunga-cyklar","status":"publish","type":"product","link":"https:\/\/nordicmart.andreevmaster.com\/sv\/produkt\/songmics-reparationsstall-for-tunga-cyklar\/","title":{"rendered":"SONGMICS Reparationsst\u00e4ll f\u00f6r tunga cyklar"},"content":{"rendered":"<p>En perfekt present f\u00f6r alla som gillar att reparera eller anpassa sin egen cykel. Stativet \u00e4r oumb\u00e4rligt f\u00f6r alla som cyklar f\u00f6r sport, t\u00e4vling, regelbunden tr\u00e4ning eller transport. Best\u00e4ll nu medan reparationsstativet fortfarande finns i lager. Njut av den \u00f6verl\u00e4gsna designen, de avancerade funktionerna och de h\u00f6gkvalitativa materialen som professionella reparationstekniker och racercyklister. Produktdetaljer: F\u00e4rg: svart Material: Arm av aluminiumlegering, j\u00e4rn Produktm\u00e5tt: 141 x 118 -177 x 141 cm (B x H x D) Bruttovikt: 11 kg Nettovikt: 9,7 kgLeveransomfattning:1 x cykelreparationsst\u00e4ll1 x bruksanvisning (DE, EN, ES, FR, IT)SONGMICS Anm\u00e4rkningar:1. Innan du flyttar cykelst\u00e4llet, v\u00e4nligen st\u00e4lla av din cykel.2. Vid reparation eller montering, v\u00e4nligen flytta inte de 3 nedre benen.<\/p>\n","protected":false},"excerpt":{"rendered":"<p>SONGMICS Reparationsst\u00e4ll f\u00f6r tunga cyklar Reparationsst\u00e4ll med stort verktygsfack, arm i aluminiumlegering, fullst\u00e4ndiga funktioner f\u00f6r cykelreparationer SBR03B<\/p>\n","protected":false},"featured_media":46293,"comment_status":"open","ping_status":"closed","template":"","meta":[],"product_brand":[],"product_cat":[33],"product_tag":[],"class_list":{"0":"post-19365","1":"product","2":"type-product","3":"status-publish","4":"has-post-thumbnail","6":"product_cat-okategoriserad","8":"first","9":"instock","10":"shipping-taxable","11":"purchasable","12":"product-type-simple"},"_links":{"self":[{"href":"https:\/\/nordicmart.andreevmaster.com\/sv\/wp-json\/wp\/v2\/product\/19365","targetHints":{"allow":["GET"]}}],"collection":[{"href":"https:\/\/nordicmart.andreevmaster.com\/sv\/wp-json\/wp\/v2\/product"}],"about":[{"href":"https:\/\/nordicmart.andreevmaster.com\/sv\/wp-json\/wp\/v2\/types\/product"}],"replies":[{"embeddable":true,"href":"https:\/\/nordicmart.andreevmaster.com\/sv\/wp-json\/wp\/v2\/comments?post=19365"}],"wp:featuredmedia":[{"embeddable":true,"href":"https:\/\/nordicmart.andreevmaster.com\/sv\/wp-json\/wp\/v2\/media\/46293"}],"wp:attachment":[{"href":"https:\/\/nordicmart.andreevmaster.com\/sv\/wp-json\/wp\/v2\/media?parent=19365"}],"wp:term":[{"taxonomy":"product_brand","embeddable":true,"href":"https:\/\/nordicmart.andreevmaster.com\/sv\/wp-json\/wp\/v2\/product_brand?post=19365"},{"taxonomy":"product_cat","embeddable":true,"href":"https:\/\/nordicmart.andreevmaster.com\/sv\/wp-json\/wp\/v2\/product_cat?post=19365"},{"taxonomy":"product_tag","embeddable":true,"href":"https:\/\/nordicmart.andreevmaster.com\/sv\/wp-json\/wp\/v2\/product_tag?post=19365"}],"curies":[{"name":"wp","href":"https:\/\/api.w.org\/{rel}","templated":true}]}}