{"id":19364,"date":"2026-02-27T00:44:21","date_gmt":"2026-02-27T00:44:21","guid":{"rendered":"https:\/\/nordicmart.andreevmaster.com\/product\/songmics-cykelmonteringsstall-svart-rod\/"},"modified":"2026-02-27T08:31:53","modified_gmt":"2026-02-27T08:31:53","slug":"songmics-cykelmonteringsstall-svart-rod","status":"publish","type":"product","link":"https:\/\/nordicmart.andreevmaster.com\/sv\/produkt\/songmics-cykelmonteringsstall-svart-rod\/","title":{"rendered":"SONGMICS cykelmonteringsst\u00e4ll svart-r\u00f6d"},"content":{"rendered":"<p>G\u00f6r reparationen av din cykel enkel och bekv\u00e4m! Varf\u00f6r ska du v\u00e4lja v\u00e5rt reparationsstativ? H\u00f6gbelastningsbar konstruktion och slitstarkt material Enkelt hopf\u00e4llbart f\u00f6r transport och f\u00f6rvaring 360\u00b0 vridbar armkl\u00e4mma f\u00f6r enkel \u00e5tkomst till alla delar av cykeln Plastbelagd kl\u00e4mma f\u00f6r att skydda cykeln mot repor Fyra ben med f\u00f6rborrade h\u00e5l som kan f\u00f6rankras i golvet Justerbar styrefixering f\u00f6r fasts\u00e4ttning av framhjulet Magnet i mitten av verktygsh\u00e5llaren f\u00f6r f\u00f6rvaring av sm\u00e5delar och skruvar Produktdetaljer:F\u00e4rg: svart stativ, bl\u00e5 plastdelar Material: j\u00e4rnr\u00f6r, plastdelar Produktm\u00e5tt: 141,5 x 113 -193 x 141,5 cm (B x H x D)Bruttovikt: 7,5 kgNettovikt: 6,5 kgLeveransomfattning:1 x cykelreparationsst\u00e4ll1 x bruksanvisning (DE, EN, ES, FR, IT)SONGMICS Anm\u00e4rkningar:1. Innan du flyttar cykelst\u00e4llet, v\u00e4nligen st\u00e4ll av din cykel. 2. Vid reparation eller montering, v\u00e4nligen r\u00f6r inte de 4 nedre benen.<\/p>\n","protected":false},"excerpt":{"rendered":"<p>SONGMICS tunglastcykelmonteringsst\u00e4ll f\u00f6r proffs, teleskopst\u00e4ll f\u00f6r cyklar, monteringsst\u00e4ll med magnetisk verktygssk\u00e5l, verkstad, garage, b\u00e4rbar, svart-r\u00f6d SBR02B<\/p>\n","protected":false},"featured_media":46292,"comment_status":"open","ping_status":"closed","template":"","meta":[],"product_brand":[],"product_cat":[33],"product_tag":[],"class_list":{"0":"post-19364","1":"product","2":"type-product","3":"status-publish","4":"has-post-thumbnail","6":"product_cat-okategoriserad","8":"first","9":"instock","10":"shipping-taxable","11":"purchasable","12":"product-type-simple"},"_links":{"self":[{"href":"https:\/\/nordicmart.andreevmaster.com\/sv\/wp-json\/wp\/v2\/product\/19364","targetHints":{"allow":["GET"]}}],"collection":[{"href":"https:\/\/nordicmart.andreevmaster.com\/sv\/wp-json\/wp\/v2\/product"}],"about":[{"href":"https:\/\/nordicmart.andreevmaster.com\/sv\/wp-json\/wp\/v2\/types\/product"}],"replies":[{"embeddable":true,"href":"https:\/\/nordicmart.andreevmaster.com\/sv\/wp-json\/wp\/v2\/comments?post=19364"}],"wp:featuredmedia":[{"embeddable":true,"href":"https:\/\/nordicmart.andreevmaster.com\/sv\/wp-json\/wp\/v2\/media\/46292"}],"wp:attachment":[{"href":"https:\/\/nordicmart.andreevmaster.com\/sv\/wp-json\/wp\/v2\/media?parent=19364"}],"wp:term":[{"taxonomy":"product_brand","embeddable":true,"href":"https:\/\/nordicmart.andreevmaster.com\/sv\/wp-json\/wp\/v2\/product_brand?post=19364"},{"taxonomy":"product_cat","embeddable":true,"href":"https:\/\/nordicmart.andreevmaster.com\/sv\/wp-json\/wp\/v2\/product_cat?post=19364"},{"taxonomy":"product_tag","embeddable":true,"href":"https:\/\/nordicmart.andreevmaster.com\/sv\/wp-json\/wp\/v2\/product_tag?post=19364"}],"curies":[{"name":"wp","href":"https:\/\/api.w.org\/{rel}","templated":true}]}}